{"id":7931,"date":"2021-07-29T07:32:14","date_gmt":"2021-07-29T07:32:14","guid":{"rendered":"https:\/\/tarczynskiarenawroclaw.pl\/?page_id=7931"},"modified":"2023-08-22T17:56:34","modified_gmt":"2023-08-22T15:56:34","slug":"localization","status":"publish","type":"page","link":"https:\/\/tarczynskiarenawroclaw.pl\/en\/stadion\/localization\/","title":{"rendered":"Localisation &#8211; Access"},"content":{"rendered":"\n<div class=\"wp-block-columns is-layout-flex wp-container-core-columns-is-layout-9d6595d7 wp-block-columns-is-layout-flex\">\n<div class=\"wp-block-column is-layout-flow wp-block-column-is-layout-flow\" style=\"flex-basis:40%\">\n<h1 class=\"wp-block-heading advgb-dyn-14921ab3\">Localisation &#8211; Access<\/h1>\n\n\n\n<p>Getting to the Tarczy\u0144ski Arena Wroc\u0142aw is possible for both ways: with of public transport and by car.<\/p>\n\n\n\n<p>The immediate proximity of Wroc\u0142aw Ring Road interchange and the integrated connecting tram and train station(Wroclaw Stadium) stop allows you to reach the stadium from all directions, and the most important points of the city.<\/p>\n\n\n\n<div class=\"wp-block-buttons is-layout-flex wp-block-buttons-is-layout-flex\"><\/div>\n<\/div>\n\n\n\n<div class=\"wp-block-column is-layout-flow wp-block-column-is-layout-flow\" style=\"flex-basis:5%\"><\/div>\n\n\n\n<div class=\"wp-block-column is-layout-flow wp-block-column-is-layout-flow\" style=\"flex-basis:65%\">\n<figure class=\"wp-block-image size-full\"><img loading=\"lazy\" decoding=\"async\" width=\"1024\" height=\"681\" src=\"https:\/\/tarczynskiarenawroclaw.pl\/wp-content\/uploads\/2021\/08\/dojazd_lokalizacja_stadion_wroclaw.jpg\" alt=\"\" class=\"wp-image-7913\"\/><\/figure>\n<\/div>\n<\/div>\n\n\n\n<div class=\"wp-block-columns is-layout-flex wp-container-core-columns-is-layout-9d6595d7 wp-block-columns-is-layout-flex\">\n<div class=\"wp-block-column block-text-bg is-layout-flow wp-block-column-is-layout-flow\">\n<div class=\"wp-block-group is-layout-constrained wp-container-core-group-is-layout-2d91a111 wp-block-group-is-layout-constrained advgb-dyn-8e4a7768\">\n<div style=\"height:60px\" aria-hidden=\"true\" class=\"wp-block-spacer advgb-dyn-377da97f\"><\/div>\n\n\n\n<figure class=\"wp-block-image aligncenter size-large is-resized advgb-dyn-f1c32838\"><img loading=\"lazy\" decoding=\"async\" src=\"https:\/\/tarczynskiarenawroclaw.pl\/wp-content\/uploads\/2021\/08\/about1.svg\" alt=\"DOJAZD SAMOCHODEM\" class=\"wp-image-7915\" style=\"width:122px;height:106px\" width=\"122\" height=\"106\"\/><\/figure>\n\n\n\n<h5 class=\"wp-block-heading has-text-align-center advgb-dyn-6df2f9f2\">BY CAR<\/h5>\n\n\n\n<p class=\"has-text-align-center\">The fastes way to get to Tarczy\u0144ski Arena Wroc\u0142aw for drivers from out of the Wroclaw city is by reaching Wroclaw Ring Road from the access roads.<\/p>\n<\/div>\n<\/div>\n\n\n\n<div class=\"wp-block-column block-text-bg is-layout-flow wp-block-column-is-layout-flow\">\n<div class=\"wp-block-group is-layout-constrained wp-container-core-group-is-layout-2d91a111 wp-block-group-is-layout-constrained advgb-dyn-8e4a7768\">\n<div style=\"height:60px\" aria-hidden=\"true\" class=\"wp-block-spacer advgb-dyn-377da97f\"><\/div>\n\n\n\n<figure class=\"wp-block-image aligncenter size-large is-resized advgb-dyn-86f81f4b\"><img loading=\"lazy\" decoding=\"async\" src=\"https:\/\/tarczynskiarenawroclaw.pl\/wp-content\/uploads\/2021\/08\/about2.svg\" alt=\"\" class=\"wp-image-9102\" style=\"width:94px;height:113px\" width=\"94\" height=\"113\"\/><\/figure>\n\n\n\n<h5 class=\"wp-block-heading has-text-align-center advgb-dyn-cf57f601\">BY PUBLIC TRANSPORT<\/h5>\n\n\n\n<p class=\"has-text-align-center\">Trams: 3, 10, 20, 31, 18<br>Buses: 101, 102, 103, 104, 123,127, 243, 245, 253.<\/p>\n<\/div>\n<\/div>\n\n\n\n<div class=\"wp-block-column block-text-bg is-layout-flow wp-block-column-is-layout-flow\">\n<div class=\"wp-block-group is-layout-constrained wp-container-core-group-is-layout-2d91a111 wp-block-group-is-layout-constrained advgb-dyn-8e4a7768\">\n<div style=\"height:60px\" aria-hidden=\"true\" class=\"wp-block-spacer advgb-dyn-377da97f\"><\/div>\n\n\n\n<figure class=\"wp-block-image aligncenter size-large is-resized advgb-dyn-b4e68a26\"><img loading=\"lazy\" decoding=\"async\" src=\"https:\/\/tarczynskiarenawroclaw.pl\/wp-content\/uploads\/2021\/08\/about3.svg\" alt=\"\" class=\"wp-image-9105\" style=\"width:113px;height:113px\" width=\"113\" height=\"113\"\/><\/figure>\n\n\n\n<h5 class=\"wp-block-heading has-text-align-center advgb-dyn-eafdb46a\">DIRECTIONS FROM THE MOST IMPORTANT POINTS OF THE CITY<\/h5>\n\n\n\n<p class=\"has-text-align-center\">Town center: 10 min.<br>Railway \/ bus station: 15 min.<br>Wroclaw Airport: 10 min.<\/p>\n<\/div>\n<\/div>\n<\/div>\n\n\n\n<hr class=\"wp-block-separator has-css-opacity advgb-dyn-c3f4f0ad\"\/>\n\n\n\n<iframe src=\"https:\/\/www.google.com\/maps\/embed?pb=!1m18!1m12!1m3!1d4363.64154522372!2d16.94432652775448!3d51.138707574758065!2m3!1f0!2f0!3f0!3m2!1i1024!2i768!4f13.1!3m3!1m2!1s0x470fea8eaae5fd95%3A0xf0cefc8f160c790d!2sStadion%20Wroc%C5%82aw!5e0!3m2!1sen!2spl!4v1629475159254!5m2!1sen!2spl\" width=\"100%\" height=\"450\" style=\"border:0;\" allowfullscreen=\"\" loading=\"lazy\"><\/iframe>\n","protected":false},"excerpt":{"rendered":"<p>Localisation &#8211; Access Getting to the Tarczy\u0144ski Arena Wroc\u0142aw is possible for both&#8230;<\/p>\n","protected":false},"author":1,"featured_media":7914,"parent":7935,"menu_order":76,"comment_status":"closed","ping_status":"closed","template":"page-no-title.php","meta":{"advgb_blocks_editor_width":"","advgb_blocks_columns_visual_guide":"","footnotes":""},"class_list":["post-7931","page","type-page","status-publish","has-post-thumbnail","hentry"],"yoast_head":"<!-- This site is optimized with the Yoast SEO plugin v25.9 - https:\/\/yoast.com\/wordpress\/plugins\/seo\/ -->\n<title>Localisation - Access &#8211; Tarczy\u0144ski Arena Wroc\u0142aw<\/title>\n<meta name=\"description\" content=\"Localisation - Access Getting to the Tarczy\u0144ski Arena Wroc\u0142aw is possible for both ways: with of public transport and by car. The immediate proximity of\" \/>\n<meta name=\"robots\" content=\"index, follow, max-snippet:-1, max-image-preview:large, max-video-preview:-1\" \/>\n<link rel=\"canonical\" href=\"https:\/\/tarczynskiarenawroclaw.pl\/en\/stadion\/localization\/\" \/>\n<meta property=\"og:locale\" content=\"en_US\" \/>\n<meta property=\"og:type\" content=\"article\" \/>\n<meta property=\"og:title\" content=\"Localisation - Access &#8211; Tarczy\u0144ski Arena Wroc\u0142aw\" \/>\n<meta property=\"og:description\" content=\"Localisation - Access Getting to the Tarczy\u0144ski Arena Wroc\u0142aw is possible for both ways: with of public transport and by car. The immediate proximity of\" \/>\n<meta property=\"og:url\" content=\"https:\/\/tarczynskiarenawroclaw.pl\/en\/stadion\/localization\/\" \/>\n<meta property=\"og:site_name\" content=\"Tarczy\u0144ski Arena Wroc\u0142aw\" \/>\n<meta property=\"article:modified_time\" content=\"2023-08-22T15:56:34+00:00\" \/>\n<meta property=\"og:image\" content=\"https:\/\/tarczynskiarenawroclaw.pl\/wp-content\/uploads\/2021\/08\/dojazd_lokalizacja_stadion_wroclaw.jpg\" \/>\n\t<meta property=\"og:image:width\" content=\"1024\" \/>\n\t<meta property=\"og:image:height\" content=\"681\" \/>\n\t<meta property=\"og:image:type\" content=\"image\/jpeg\" \/>\n<meta name=\"twitter:card\" content=\"summary_large_image\" \/>\n<meta name=\"twitter:label1\" content=\"Est. reading time\" \/>\n\t<meta name=\"twitter:data1\" content=\"2 minutes\" \/>\n<script type=\"application\/ld+json\" class=\"yoast-schema-graph\">{\"@context\":\"https:\/\/schema.org\",\"@graph\":[{\"@type\":\"WebPage\",\"@id\":\"https:\/\/tarczynskiarenawroclaw.pl\/en\/stadion\/localization\/\",\"url\":\"https:\/\/tarczynskiarenawroclaw.pl\/en\/stadion\/localization\/\",\"name\":\"Localisation - Access &#8211; Tarczy\u0144ski Arena Wroc\u0142aw\",\"isPartOf\":{\"@id\":\"https:\/\/tarczynskiarenawroclaw.pl\/#website\"},\"primaryImageOfPage\":{\"@id\":\"https:\/\/tarczynskiarenawroclaw.pl\/en\/stadion\/localization\/#primaryimage\"},\"image\":{\"@id\":\"https:\/\/tarczynskiarenawroclaw.pl\/en\/stadion\/localization\/#primaryimage\"},\"thumbnailUrl\":\"https:\/\/tarczynskiarenawroclaw.pl\/wp-content\/uploads\/2021\/08\/dojazd_lokalizacja_stadion_wroclaw.jpg\",\"datePublished\":\"2021-07-29T07:32:14+00:00\",\"dateModified\":\"2023-08-22T15:56:34+00:00\",\"description\":\"Localisation - Access Getting to the Tarczy\u0144ski Arena Wroc\u0142aw is possible for both ways: with of public transport and by car. The immediate proximity of\",\"breadcrumb\":{\"@id\":\"https:\/\/tarczynskiarenawroclaw.pl\/en\/stadion\/localization\/#breadcrumb\"},\"inLanguage\":\"en-US\",\"potentialAction\":[{\"@type\":\"ReadAction\",\"target\":[\"https:\/\/tarczynskiarenawroclaw.pl\/en\/stadion\/localization\/\"]}]},{\"@type\":\"ImageObject\",\"inLanguage\":\"en-US\",\"@id\":\"https:\/\/tarczynskiarenawroclaw.pl\/en\/stadion\/localization\/#primaryimage\",\"url\":\"https:\/\/tarczynskiarenawroclaw.pl\/wp-content\/uploads\/2021\/08\/dojazd_lokalizacja_stadion_wroclaw.jpg\",\"contentUrl\":\"https:\/\/tarczynskiarenawroclaw.pl\/wp-content\/uploads\/2021\/08\/dojazd_lokalizacja_stadion_wroclaw.jpg\",\"width\":1024,\"height\":681},{\"@type\":\"BreadcrumbList\",\"@id\":\"https:\/\/tarczynskiarenawroclaw.pl\/en\/stadion\/localization\/#breadcrumb\",\"itemListElement\":[{\"@type\":\"ListItem\",\"position\":1,\"name\":\"Strona g\u0142\u00f3wna\",\"item\":\"https:\/\/tarczynskiarenawroclaw.pl\/en\/\"},{\"@type\":\"ListItem\",\"position\":2,\"name\":\"Stadium\",\"item\":\"https:\/\/tarczynskiarenawroclaw.pl\/en\/stadion\/\"},{\"@type\":\"ListItem\",\"position\":3,\"name\":\"Localisation &#8211; Access\"}]},{\"@type\":\"WebSite\",\"@id\":\"https:\/\/tarczynskiarenawroclaw.pl\/#website\",\"url\":\"https:\/\/tarczynskiarenawroclaw.pl\/\",\"name\":\"Tarczy\u0144ski Arena Wroc\u0142aw\",\"description\":\"Stadion Miejski we Wroc\u0142awiu\",\"publisher\":{\"@id\":\"https:\/\/tarczynskiarenawroclaw.pl\/#organization\"},\"potentialAction\":[{\"@type\":\"SearchAction\",\"target\":{\"@type\":\"EntryPoint\",\"urlTemplate\":\"https:\/\/tarczynskiarenawroclaw.pl\/?s={search_term_string}\"},\"query-input\":{\"@type\":\"PropertyValueSpecification\",\"valueRequired\":true,\"valueName\":\"search_term_string\"}}],\"inLanguage\":\"en-US\"},{\"@type\":\"Organization\",\"@id\":\"https:\/\/tarczynskiarenawroclaw.pl\/#organization\",\"name\":\"Stadion Wroc\u0142aw\",\"url\":\"https:\/\/tarczynskiarenawroclaw.pl\/\",\"logo\":{\"@type\":\"ImageObject\",\"inLanguage\":\"en-US\",\"@id\":\"https:\/\/tarczynskiarenawroclaw.pl\/#\/schema\/logo\/image\/\",\"url\":\"https:\/\/stadionwroclaw.pl\/wp-content\/uploads\/2021\/08\/favicon-stadion-wroclaw.png\",\"contentUrl\":\"https:\/\/stadionwroclaw.pl\/wp-content\/uploads\/2021\/08\/favicon-stadion-wroclaw.png\",\"width\":512,\"height\":512,\"caption\":\"Stadion Wroc\u0142aw\"},\"image\":{\"@id\":\"https:\/\/tarczynskiarenawroclaw.pl\/#\/schema\/logo\/image\/\"}}]}<\/script>\n<!-- \/ Yoast SEO plugin. -->","yoast_head_json":{"title":"Localisation - Access &#8211; Tarczy\u0144ski Arena Wroc\u0142aw","description":"Localisation - Access Getting to the Tarczy\u0144ski Arena Wroc\u0142aw is possible for both ways: with of public transport and by car. The immediate proximity of","robots":{"index":"index","follow":"follow","max-snippet":"max-snippet:-1","max-image-preview":"max-image-preview:large","max-video-preview":"max-video-preview:-1"},"canonical":"https:\/\/tarczynskiarenawroclaw.pl\/en\/stadion\/localization\/","og_locale":"en_US","og_type":"article","og_title":"Localisation - Access &#8211; Tarczy\u0144ski Arena Wroc\u0142aw","og_description":"Localisation - Access Getting to the Tarczy\u0144ski Arena Wroc\u0142aw is possible for both ways: with of public transport and by car. The immediate proximity of","og_url":"https:\/\/tarczynskiarenawroclaw.pl\/en\/stadion\/localization\/","og_site_name":"Tarczy\u0144ski Arena Wroc\u0142aw","article_modified_time":"2023-08-22T15:56:34+00:00","og_image":[{"width":1024,"height":681,"url":"https:\/\/tarczynskiarenawroclaw.pl\/wp-content\/uploads\/2021\/08\/dojazd_lokalizacja_stadion_wroclaw.jpg","type":"image\/jpeg"}],"twitter_card":"summary_large_image","twitter_misc":{"Est. reading time":"2 minutes"},"schema":{"@context":"https:\/\/schema.org","@graph":[{"@type":"WebPage","@id":"https:\/\/tarczynskiarenawroclaw.pl\/en\/stadion\/localization\/","url":"https:\/\/tarczynskiarenawroclaw.pl\/en\/stadion\/localization\/","name":"Localisation - Access &#8211; Tarczy\u0144ski Arena Wroc\u0142aw","isPartOf":{"@id":"https:\/\/tarczynskiarenawroclaw.pl\/#website"},"primaryImageOfPage":{"@id":"https:\/\/tarczynskiarenawroclaw.pl\/en\/stadion\/localization\/#primaryimage"},"image":{"@id":"https:\/\/tarczynskiarenawroclaw.pl\/en\/stadion\/localization\/#primaryimage"},"thumbnailUrl":"https:\/\/tarczynskiarenawroclaw.pl\/wp-content\/uploads\/2021\/08\/dojazd_lokalizacja_stadion_wroclaw.jpg","datePublished":"2021-07-29T07:32:14+00:00","dateModified":"2023-08-22T15:56:34+00:00","description":"Localisation - Access Getting to the Tarczy\u0144ski Arena Wroc\u0142aw is possible for both ways: with of public transport and by car. The immediate proximity of","breadcrumb":{"@id":"https:\/\/tarczynskiarenawroclaw.pl\/en\/stadion\/localization\/#breadcrumb"},"inLanguage":"en-US","potentialAction":[{"@type":"ReadAction","target":["https:\/\/tarczynskiarenawroclaw.pl\/en\/stadion\/localization\/"]}]},{"@type":"ImageObject","inLanguage":"en-US","@id":"https:\/\/tarczynskiarenawroclaw.pl\/en\/stadion\/localization\/#primaryimage","url":"https:\/\/tarczynskiarenawroclaw.pl\/wp-content\/uploads\/2021\/08\/dojazd_lokalizacja_stadion_wroclaw.jpg","contentUrl":"https:\/\/tarczynskiarenawroclaw.pl\/wp-content\/uploads\/2021\/08\/dojazd_lokalizacja_stadion_wroclaw.jpg","width":1024,"height":681},{"@type":"BreadcrumbList","@id":"https:\/\/tarczynskiarenawroclaw.pl\/en\/stadion\/localization\/#breadcrumb","itemListElement":[{"@type":"ListItem","position":1,"name":"Strona g\u0142\u00f3wna","item":"https:\/\/tarczynskiarenawroclaw.pl\/en\/"},{"@type":"ListItem","position":2,"name":"Stadium","item":"https:\/\/tarczynskiarenawroclaw.pl\/en\/stadion\/"},{"@type":"ListItem","position":3,"name":"Localisation &#8211; Access"}]},{"@type":"WebSite","@id":"https:\/\/tarczynskiarenawroclaw.pl\/#website","url":"https:\/\/tarczynskiarenawroclaw.pl\/","name":"Tarczy\u0144ski Arena Wroc\u0142aw","description":"Stadion Miejski we Wroc\u0142awiu","publisher":{"@id":"https:\/\/tarczynskiarenawroclaw.pl\/#organization"},"potentialAction":[{"@type":"SearchAction","target":{"@type":"EntryPoint","urlTemplate":"https:\/\/tarczynskiarenawroclaw.pl\/?s={search_term_string}"},"query-input":{"@type":"PropertyValueSpecification","valueRequired":true,"valueName":"search_term_string"}}],"inLanguage":"en-US"},{"@type":"Organization","@id":"https:\/\/tarczynskiarenawroclaw.pl\/#organization","name":"Stadion Wroc\u0142aw","url":"https:\/\/tarczynskiarenawroclaw.pl\/","logo":{"@type":"ImageObject","inLanguage":"en-US","@id":"https:\/\/tarczynskiarenawroclaw.pl\/#\/schema\/logo\/image\/","url":"https:\/\/stadionwroclaw.pl\/wp-content\/uploads\/2021\/08\/favicon-stadion-wroclaw.png","contentUrl":"https:\/\/stadionwroclaw.pl\/wp-content\/uploads\/2021\/08\/favicon-stadion-wroclaw.png","width":512,"height":512,"caption":"Stadion Wroc\u0142aw"},"image":{"@id":"https:\/\/tarczynskiarenawroclaw.pl\/#\/schema\/logo\/image\/"}}]}},"coauthors":[],"author_meta":{"author_link":"https:\/\/tarczynskiarenawroclaw.pl\/en\/author\/sw-admin\/","display_name":"WLM"},"relative_dates":{"created":"Posted 5 years ago","modified":"Updated 3 years ago"},"absolute_dates":{"created":"Posted on 29.07.2021","modified":"Updated on 22.08.2023"},"absolute_dates_time":{"created":"Posted on 29.07.2021 07:32","modified":"Updated on 22.08.2023 17:56"},"featured_img_caption":"","featured_img":"https:\/\/tarczynskiarenawroclaw.pl\/wp-content\/uploads\/2021\/08\/dojazd_lokalizacja_stadion_wroclaw-330x330.jpg","series_order":"","_links":{"self":[{"href":"https:\/\/tarczynskiarenawroclaw.pl\/en\/wp-json\/wp\/v2\/pages\/7931","targetHints":{"allow":["GET"]}}],"collection":[{"href":"https:\/\/tarczynskiarenawroclaw.pl\/en\/wp-json\/wp\/v2\/pages"}],"about":[{"href":"https:\/\/tarczynskiarenawroclaw.pl\/en\/wp-json\/wp\/v2\/types\/page"}],"author":[{"embeddable":true,"href":"https:\/\/tarczynskiarenawroclaw.pl\/en\/wp-json\/wp\/v2\/users\/1"}],"replies":[{"embeddable":true,"href":"https:\/\/tarczynskiarenawroclaw.pl\/en\/wp-json\/wp\/v2\/comments?post=7931"}],"version-history":[{"count":1,"href":"https:\/\/tarczynskiarenawroclaw.pl\/en\/wp-json\/wp\/v2\/pages\/7931\/revisions"}],"predecessor-version":[{"id":14750,"href":"https:\/\/tarczynskiarenawroclaw.pl\/en\/wp-json\/wp\/v2\/pages\/7931\/revisions\/14750"}],"up":[{"embeddable":true,"href":"https:\/\/tarczynskiarenawroclaw.pl\/en\/wp-json\/wp\/v2\/pages\/7935"}],"wp:featuredmedia":[{"embeddable":true,"href":"https:\/\/tarczynskiarenawroclaw.pl\/en\/wp-json\/wp\/v2\/media\/7914"}],"wp:attachment":[{"href":"https:\/\/tarczynskiarenawroclaw.pl\/en\/wp-json\/wp\/v2\/media?parent=7931"}],"curies":[{"name":"wp","href":"https:\/\/api.w.org\/{rel}","templated":true}]}}