{"id":9859,"date":"2021-08-31T08:45:45","date_gmt":"2021-08-31T06:45:45","guid":{"rendered":"https:\/\/tarczynskiarenawroclaw.pl\/?page_id=9859"},"modified":"2021-08-31T10:33:13","modified_gmt":"2021-08-31T08:33:13","slug":"available-spaces","status":"publish","type":"page","link":"https:\/\/tarczynskiarenawroclaw.pl\/en\/for-business\/available-spaces\/","title":{"rendered":"Available spaces"},"content":{"rendered":"\n<div class=\"wp-block-columns is-layout-flex wp-container-core-columns-is-layout-9d6595d7 wp-block-columns-is-layout-flex\">\n<div class=\"wp-block-column is-layout-flow wp-block-column-is-layout-flow\">\n<p>Wroclaw Stadium is a&nbsp;multifunctional and modern place offering a&nbsp;wide range of possibilities for organizers of various events.&nbsp;The facility is perfect not only as a&nbsp;football matches and mass events arena, but also as a&nbsp;place of more intimate events.&nbsp;The modernly prepared and equipped spaces of the Event and Conference Center will satisfy the expectations of most demanding clients.&nbsp;In addition to conference rooms, banquet halls, or exhibition spaces, we have less standard spaces, which can be successfully adapted to organize unconventional events.&nbsp;The great advantage of the facility is excellent access from every direction of the city, the vicinity of the Wroc\u0142aw Motorway Bypass and also the availability of a&nbsp;large car park.&nbsp;Our clients can take advantage of a&nbsp;wide range of catering and additional attractions, such as visiting the facility, racing on a&nbsp;kart track, or jumping from the roof of the stadium with Dream Jump. Big advantage is also&nbsp;the fact that the event organized at the football stadium. It is an unusual idea and has prestigious rank.<\/p>\n\n\n\n<p>Our professional team will advise you in choosing the right space and will support during the event organization, and its duration as well.<\/p>\n\n\n\n<p>Find the list of available spaces below.&nbsp;See our offer for more details.<\/p>\n\n\n\n<p><strong>See also:<\/strong><\/p>\n\n\n\n<ul class=\"wp-block-list\"><li><a href=\"https:\/\/tarczynskiarenawroclaw.pl\/en\/services\/additional-services\/\">Additional services for organizers<\/a><\/li><li><a href=\"https:\/\/tarczynskiarenawroclaw.pl\/en\/services\/catering\/\">Catering<\/a><\/li><\/ul>\n<\/div>\n\n\n\n<div class=\"wp-block-column is-layout-flow wp-block-column-is-layout-flow\">\n<figure class=\"wp-block-embed is-type-video is-provider-youtube wp-block-embed-youtube wp-embed-aspect-16-9 wp-has-aspect-ratio\"><div class=\"wp-block-embed__wrapper\">\n<iframe loading=\"lazy\" title=\"Stadion Wroc\u0142aw Centrum konferencyjno - eventowe\" width=\"500\" height=\"281\" src=\"https:\/\/www.youtube.com\/embed\/ixv9HkwTJYI?feature=oembed\" frameborder=\"0\" allow=\"accelerometer; autoplay; clipboard-write; encrypted-media; gyroscope; picture-in-picture; web-share\" referrerpolicy=\"strict-origin-when-cross-origin\" allowfullscreen><\/iframe>\n<\/div><\/figure>\n<\/div>\n<\/div>\n\n\n\n<figure class=\"wp-block-gallery columns-3 is-cropped wp-block-gallery-1\"><ul class=\"blocks-gallery-grid\"><li class=\"blocks-gallery-item\"><figure><img loading=\"lazy\" decoding=\"async\" width=\"1024\" height=\"683\" src=\"https:\/\/tarczynskiarenawroclaw.pl\/wp-content\/uploads\/2021\/08\/sala_prasowa-1-1024x683.jpg\" alt=\"\" data-id=\"9470\" data-link=\"https:\/\/tarczynskiarenawroclaw.pl\/dla-biznesu\/dostepne-powierzchnie\/sala_prasowa-1\/\" class=\"wp-image-9470\"\/><\/figure><\/li><li class=\"blocks-gallery-item\"><figure><img loading=\"lazy\" decoding=\"async\" width=\"1024\" height=\"684\" src=\"https:\/\/tarczynskiarenawroclaw.pl\/wp-content\/uploads\/2021\/08\/20150626-_MPF2389-1024x684.jpg\" alt=\"\" data-id=\"9472\" data-link=\"https:\/\/tarczynskiarenawroclaw.pl\/dla-biznesu\/dostepne-powierzchnie\/20150626-_mpf2389\/\" class=\"wp-image-9472\"\/><\/figure><\/li><li class=\"blocks-gallery-item\"><figure><img loading=\"lazy\" decoding=\"async\" width=\"1024\" height=\"684\" src=\"https:\/\/tarczynskiarenawroclaw.pl\/wp-content\/uploads\/2021\/08\/LGI_6735www.jpg\" alt=\"\" data-id=\"9474\" data-link=\"https:\/\/tarczynskiarenawroclaw.pl\/dla-biznesu\/dostepne-powierzchnie\/lgi_6735www\/\" class=\"wp-image-9474\"\/><\/figure><\/li><li class=\"blocks-gallery-item\"><figure><img loading=\"lazy\" decoding=\"async\" width=\"1024\" height=\"684\" src=\"https:\/\/tarczynskiarenawroclaw.pl\/wp-content\/uploads\/2021\/08\/Klub-Diamentowy_slajd_3_lewa-1.jpg\" alt=\"\" data-id=\"9476\" data-link=\"https:\/\/tarczynskiarenawroclaw.pl\/dla-biznesu\/dostepne-powierzchnie\/klub-diamentowy_slajd_3_lewa-1\/\" class=\"wp-image-9476\"\/><\/figure><\/li><li class=\"blocks-gallery-item\"><figure><img loading=\"lazy\" decoding=\"async\" width=\"1024\" height=\"684\" src=\"https:\/\/tarczynskiarenawroclaw.pl\/wp-content\/uploads\/2021\/08\/Promenady_slajd_3_lewa-1024x684.jpg\" alt=\"\" data-id=\"9478\" data-link=\"https:\/\/tarczynskiarenawroclaw.pl\/dla-biznesu\/dostepne-powierzchnie\/promenady_slajd_3_lewa\/\" class=\"wp-image-9478\"\/><\/figure><\/li><li class=\"blocks-gallery-item\"><figure><img loading=\"lazy\" decoding=\"async\" width=\"1024\" height=\"684\" src=\"https:\/\/tarczynskiarenawroclaw.pl\/wp-content\/uploads\/2021\/08\/LGI_8343-HDRwww.jpg\" alt=\"\" data-id=\"9480\" data-link=\"https:\/\/tarczynskiarenawroclaw.pl\/dla-biznesu\/dostepne-powierzchnie\/lgi_8343-hdrwww\/\" class=\"wp-image-9480\"\/><\/figure><\/li><li class=\"blocks-gallery-item\"><figure><img loading=\"lazy\" decoding=\"async\" width=\"1024\" height=\"684\" src=\"https:\/\/tarczynskiarenawroclaw.pl\/wp-content\/uploads\/2021\/08\/LGI_8387www.jpg\" alt=\"\" data-id=\"9482\" data-link=\"https:\/\/tarczynskiarenawroclaw.pl\/dla-biznesu\/dostepne-powierzchnie\/lgi_8387www\/\" class=\"wp-image-9482\"\/><\/figure><\/li><li class=\"blocks-gallery-item\"><figure><img loading=\"lazy\" decoding=\"async\" width=\"1024\" height=\"683\" src=\"https:\/\/tarczynskiarenawroclaw.pl\/wp-content\/uploads\/2021\/08\/trybuny_od-lewej-strony.jpg\" alt=\"\" data-id=\"9489\" data-full-url=\"https:\/\/tarczynskiarenawroclaw.pl\/wp-content\/uploads\/2021\/08\/trybuny_od-lewej-strony.jpg\" data-link=\"https:\/\/tarczynskiarenawroclaw.pl\/dla-biznesu\/dostepne-powierzchnie\/trybuny_od-lewej-strony\/\" class=\"wp-image-9489 is-layout-flex wp-block-gallery-is-layout-flex\"\/><\/figure><\/li><\/ul><\/figure>\n\n\n\n<div style=\"height:60px\" aria-hidden=\"true\" class=\"wp-block-spacer\"><\/div>\n\n\n\n<div class=\"wp-block-group is-layout-constrained wp-container-core-group-is-layout-54f804ee wp-block-group-is-layout-constrained\">\n<h3 class=\"has-text-align-center wp-block-heading\"><strong>CONTACT US<\/strong><\/h3>\n\n\n\n<div class=\"wp-block-buttons is-content-justification-center is-layout-flex wp-block-buttons-is-layout-flex\">\n<div class=\"wp-block-button is-style-fill\"><a class=\"wp-block-button__link\" href=\"https:\/\/tarczynskiarenawroclaw.pl\/kontakt\/\">CONTACT US&nbsp;<\/a><\/div>\n<\/div>\n\n\n\n<p class=\"has-text-align-center\">Write to us or leave contact here: <strong><a href=\"mailto:eventy@stadionwroclaw.pl\">eventy@stadionwroclaw.pl<\/a><\/strong><\/p>\n<\/div>\n","protected":false},"excerpt":{"rendered":"<p>Wroclaw Stadium is a&nbsp;multifunctional and modern place offering a&nbsp;wide range of possibilities for&#8230;<\/p>\n","protected":false},"author":1,"featured_media":9471,"parent":9960,"menu_order":31,"comment_status":"closed","ping_status":"closed","template":"","meta":{"advgb_blocks_editor_width":"","advgb_blocks_columns_visual_guide":"","footnotes":""},"class_list":["post-9859","page","type-page","status-publish","has-post-thumbnail","hentry"],"yoast_head":"<!-- This site is optimized with the Yoast SEO plugin v25.9 - https:\/\/yoast.com\/wordpress\/plugins\/seo\/ -->\n<title>Available spaces &#8211; Tarczy\u0144ski Arena Wroc\u0142aw<\/title>\n<meta name=\"description\" content=\"Wroclaw Stadium is a&nbsp;multifunctional and modern place offering a&nbsp;wide range of possibilities for organizers of various events.&nbsp;The facility\" \/>\n<meta name=\"robots\" content=\"index, follow, max-snippet:-1, max-image-preview:large, max-video-preview:-1\" \/>\n<link rel=\"canonical\" href=\"https:\/\/tarczynskiarenawroclaw.pl\/en\/for-business\/available-spaces\/\" \/>\n<meta property=\"og:locale\" content=\"en_US\" \/>\n<meta property=\"og:type\" content=\"article\" \/>\n<meta property=\"og:title\" content=\"Available spaces &#8211; Tarczy\u0144ski Arena Wroc\u0142aw\" \/>\n<meta property=\"og:description\" content=\"Wroclaw Stadium is a&nbsp;multifunctional and modern place offering a&nbsp;wide range of possibilities for organizers of various events.&nbsp;The facility\" \/>\n<meta property=\"og:url\" content=\"https:\/\/tarczynskiarenawroclaw.pl\/en\/for-business\/available-spaces\/\" \/>\n<meta property=\"og:site_name\" content=\"Tarczy\u0144ski Arena Wroc\u0142aw\" \/>\n<meta property=\"article:modified_time\" content=\"2021-08-31T08:33:13+00:00\" \/>\n<meta property=\"og:image\" content=\"https:\/\/tarczynskiarenawroclaw.pl\/wp-content\/uploads\/2021\/08\/sala_prasowa-1.jpg\" \/>\n\t<meta property=\"og:image:width\" content=\"1400\" \/>\n\t<meta property=\"og:image:height\" content=\"934\" \/>\n\t<meta property=\"og:image:type\" content=\"image\/jpeg\" \/>\n<meta name=\"twitter:card\" content=\"summary_large_image\" \/>\n<meta name=\"twitter:label1\" content=\"Est. reading time\" \/>\n\t<meta name=\"twitter:data1\" content=\"3 minutes\" \/>\n<script type=\"application\/ld+json\" class=\"yoast-schema-graph\">{\"@context\":\"https:\/\/schema.org\",\"@graph\":[{\"@type\":\"WebPage\",\"@id\":\"https:\/\/tarczynskiarenawroclaw.pl\/en\/for-business\/available-spaces\/\",\"url\":\"https:\/\/tarczynskiarenawroclaw.pl\/en\/for-business\/available-spaces\/\",\"name\":\"Available spaces &#8211; Tarczy\u0144ski Arena Wroc\u0142aw\",\"isPartOf\":{\"@id\":\"https:\/\/tarczynskiarenawroclaw.pl\/#website\"},\"primaryImageOfPage\":{\"@id\":\"https:\/\/tarczynskiarenawroclaw.pl\/en\/for-business\/available-spaces\/#primaryimage\"},\"image\":{\"@id\":\"https:\/\/tarczynskiarenawroclaw.pl\/en\/for-business\/available-spaces\/#primaryimage\"},\"thumbnailUrl\":\"https:\/\/tarczynskiarenawroclaw.pl\/wp-content\/uploads\/2021\/08\/sala_prasowa-1.jpg\",\"datePublished\":\"2021-08-31T06:45:45+00:00\",\"dateModified\":\"2021-08-31T08:33:13+00:00\",\"description\":\"Wroclaw Stadium is a&nbsp;multifunctional and modern place offering a&nbsp;wide range of possibilities for organizers of various events.&nbsp;The facility\",\"breadcrumb\":{\"@id\":\"https:\/\/tarczynskiarenawroclaw.pl\/en\/for-business\/available-spaces\/#breadcrumb\"},\"inLanguage\":\"en-US\",\"potentialAction\":[{\"@type\":\"ReadAction\",\"target\":[\"https:\/\/tarczynskiarenawroclaw.pl\/en\/for-business\/available-spaces\/\"]}]},{\"@type\":\"ImageObject\",\"inLanguage\":\"en-US\",\"@id\":\"https:\/\/tarczynskiarenawroclaw.pl\/en\/for-business\/available-spaces\/#primaryimage\",\"url\":\"https:\/\/tarczynskiarenawroclaw.pl\/wp-content\/uploads\/2021\/08\/sala_prasowa-1.jpg\",\"contentUrl\":\"https:\/\/tarczynskiarenawroclaw.pl\/wp-content\/uploads\/2021\/08\/sala_prasowa-1.jpg\",\"width\":1400,\"height\":934},{\"@type\":\"BreadcrumbList\",\"@id\":\"https:\/\/tarczynskiarenawroclaw.pl\/en\/for-business\/available-spaces\/#breadcrumb\",\"itemListElement\":[{\"@type\":\"ListItem\",\"position\":1,\"name\":\"Strona g\u0142\u00f3wna\",\"item\":\"https:\/\/tarczynskiarenawroclaw.pl\/en\/\"},{\"@type\":\"ListItem\",\"position\":2,\"name\":\"For business\",\"item\":\"https:\/\/tarczynskiarenawroclaw.pl\/en\/for-business\/\"},{\"@type\":\"ListItem\",\"position\":3,\"name\":\"Available spaces\"}]},{\"@type\":\"WebSite\",\"@id\":\"https:\/\/tarczynskiarenawroclaw.pl\/#website\",\"url\":\"https:\/\/tarczynskiarenawroclaw.pl\/\",\"name\":\"Tarczy\u0144ski Arena Wroc\u0142aw\",\"description\":\"Stadion Miejski we Wroc\u0142awiu\",\"publisher\":{\"@id\":\"https:\/\/tarczynskiarenawroclaw.pl\/#organization\"},\"potentialAction\":[{\"@type\":\"SearchAction\",\"target\":{\"@type\":\"EntryPoint\",\"urlTemplate\":\"https:\/\/tarczynskiarenawroclaw.pl\/?s={search_term_string}\"},\"query-input\":{\"@type\":\"PropertyValueSpecification\",\"valueRequired\":true,\"valueName\":\"search_term_string\"}}],\"inLanguage\":\"en-US\"},{\"@type\":\"Organization\",\"@id\":\"https:\/\/tarczynskiarenawroclaw.pl\/#organization\",\"name\":\"Stadion Wroc\u0142aw\",\"url\":\"https:\/\/tarczynskiarenawroclaw.pl\/\",\"logo\":{\"@type\":\"ImageObject\",\"inLanguage\":\"en-US\",\"@id\":\"https:\/\/tarczynskiarenawroclaw.pl\/#\/schema\/logo\/image\/\",\"url\":\"https:\/\/stadionwroclaw.pl\/wp-content\/uploads\/2021\/08\/favicon-stadion-wroclaw.png\",\"contentUrl\":\"https:\/\/stadionwroclaw.pl\/wp-content\/uploads\/2021\/08\/favicon-stadion-wroclaw.png\",\"width\":512,\"height\":512,\"caption\":\"Stadion Wroc\u0142aw\"},\"image\":{\"@id\":\"https:\/\/tarczynskiarenawroclaw.pl\/#\/schema\/logo\/image\/\"}}]}<\/script>\n<!-- \/ Yoast SEO plugin. -->","yoast_head_json":{"title":"Available spaces &#8211; Tarczy\u0144ski Arena Wroc\u0142aw","description":"Wroclaw Stadium is a&nbsp;multifunctional and modern place offering a&nbsp;wide range of possibilities for organizers of various events.&nbsp;The facility","robots":{"index":"index","follow":"follow","max-snippet":"max-snippet:-1","max-image-preview":"max-image-preview:large","max-video-preview":"max-video-preview:-1"},"canonical":"https:\/\/tarczynskiarenawroclaw.pl\/en\/for-business\/available-spaces\/","og_locale":"en_US","og_type":"article","og_title":"Available spaces &#8211; Tarczy\u0144ski Arena Wroc\u0142aw","og_description":"Wroclaw Stadium is a&nbsp;multifunctional and modern place offering a&nbsp;wide range of possibilities for organizers of various events.&nbsp;The facility","og_url":"https:\/\/tarczynskiarenawroclaw.pl\/en\/for-business\/available-spaces\/","og_site_name":"Tarczy\u0144ski Arena Wroc\u0142aw","article_modified_time":"2021-08-31T08:33:13+00:00","og_image":[{"width":1400,"height":934,"url":"https:\/\/tarczynskiarenawroclaw.pl\/wp-content\/uploads\/2021\/08\/sala_prasowa-1.jpg","type":"image\/jpeg"}],"twitter_card":"summary_large_image","twitter_misc":{"Est. reading time":"3 minutes"},"schema":{"@context":"https:\/\/schema.org","@graph":[{"@type":"WebPage","@id":"https:\/\/tarczynskiarenawroclaw.pl\/en\/for-business\/available-spaces\/","url":"https:\/\/tarczynskiarenawroclaw.pl\/en\/for-business\/available-spaces\/","name":"Available spaces &#8211; Tarczy\u0144ski Arena Wroc\u0142aw","isPartOf":{"@id":"https:\/\/tarczynskiarenawroclaw.pl\/#website"},"primaryImageOfPage":{"@id":"https:\/\/tarczynskiarenawroclaw.pl\/en\/for-business\/available-spaces\/#primaryimage"},"image":{"@id":"https:\/\/tarczynskiarenawroclaw.pl\/en\/for-business\/available-spaces\/#primaryimage"},"thumbnailUrl":"https:\/\/tarczynskiarenawroclaw.pl\/wp-content\/uploads\/2021\/08\/sala_prasowa-1.jpg","datePublished":"2021-08-31T06:45:45+00:00","dateModified":"2021-08-31T08:33:13+00:00","description":"Wroclaw Stadium is a&nbsp;multifunctional and modern place offering a&nbsp;wide range of possibilities for organizers of various events.&nbsp;The facility","breadcrumb":{"@id":"https:\/\/tarczynskiarenawroclaw.pl\/en\/for-business\/available-spaces\/#breadcrumb"},"inLanguage":"en-US","potentialAction":[{"@type":"ReadAction","target":["https:\/\/tarczynskiarenawroclaw.pl\/en\/for-business\/available-spaces\/"]}]},{"@type":"ImageObject","inLanguage":"en-US","@id":"https:\/\/tarczynskiarenawroclaw.pl\/en\/for-business\/available-spaces\/#primaryimage","url":"https:\/\/tarczynskiarenawroclaw.pl\/wp-content\/uploads\/2021\/08\/sala_prasowa-1.jpg","contentUrl":"https:\/\/tarczynskiarenawroclaw.pl\/wp-content\/uploads\/2021\/08\/sala_prasowa-1.jpg","width":1400,"height":934},{"@type":"BreadcrumbList","@id":"https:\/\/tarczynskiarenawroclaw.pl\/en\/for-business\/available-spaces\/#breadcrumb","itemListElement":[{"@type":"ListItem","position":1,"name":"Strona g\u0142\u00f3wna","item":"https:\/\/tarczynskiarenawroclaw.pl\/en\/"},{"@type":"ListItem","position":2,"name":"For business","item":"https:\/\/tarczynskiarenawroclaw.pl\/en\/for-business\/"},{"@type":"ListItem","position":3,"name":"Available spaces"}]},{"@type":"WebSite","@id":"https:\/\/tarczynskiarenawroclaw.pl\/#website","url":"https:\/\/tarczynskiarenawroclaw.pl\/","name":"Tarczy\u0144ski Arena Wroc\u0142aw","description":"Stadion Miejski we Wroc\u0142awiu","publisher":{"@id":"https:\/\/tarczynskiarenawroclaw.pl\/#organization"},"potentialAction":[{"@type":"SearchAction","target":{"@type":"EntryPoint","urlTemplate":"https:\/\/tarczynskiarenawroclaw.pl\/?s={search_term_string}"},"query-input":{"@type":"PropertyValueSpecification","valueRequired":true,"valueName":"search_term_string"}}],"inLanguage":"en-US"},{"@type":"Organization","@id":"https:\/\/tarczynskiarenawroclaw.pl\/#organization","name":"Stadion Wroc\u0142aw","url":"https:\/\/tarczynskiarenawroclaw.pl\/","logo":{"@type":"ImageObject","inLanguage":"en-US","@id":"https:\/\/tarczynskiarenawroclaw.pl\/#\/schema\/logo\/image\/","url":"https:\/\/stadionwroclaw.pl\/wp-content\/uploads\/2021\/08\/favicon-stadion-wroclaw.png","contentUrl":"https:\/\/stadionwroclaw.pl\/wp-content\/uploads\/2021\/08\/favicon-stadion-wroclaw.png","width":512,"height":512,"caption":"Stadion Wroc\u0142aw"},"image":{"@id":"https:\/\/tarczynskiarenawroclaw.pl\/#\/schema\/logo\/image\/"}}]}},"coauthors":[],"author_meta":{"author_link":"https:\/\/tarczynskiarenawroclaw.pl\/en\/author\/sw-admin\/","display_name":"WLM"},"relative_dates":{"created":"Posted 5 years ago","modified":"Updated 5 years ago"},"absolute_dates":{"created":"Posted on 31.08.2021","modified":"Updated on 31.08.2021"},"absolute_dates_time":{"created":"Posted on 31.08.2021 08:45","modified":"Updated on 31.08.2021 10:33"},"featured_img_caption":"","featured_img":"https:\/\/tarczynskiarenawroclaw.pl\/wp-content\/uploads\/2021\/08\/sala_prasowa-1-330x330.jpg","series_order":"","_links":{"self":[{"href":"https:\/\/tarczynskiarenawroclaw.pl\/en\/wp-json\/wp\/v2\/pages\/9859","targetHints":{"allow":["GET"]}}],"collection":[{"href":"https:\/\/tarczynskiarenawroclaw.pl\/en\/wp-json\/wp\/v2\/pages"}],"about":[{"href":"https:\/\/tarczynskiarenawroclaw.pl\/en\/wp-json\/wp\/v2\/types\/page"}],"author":[{"embeddable":true,"href":"https:\/\/tarczynskiarenawroclaw.pl\/en\/wp-json\/wp\/v2\/users\/1"}],"replies":[{"embeddable":true,"href":"https:\/\/tarczynskiarenawroclaw.pl\/en\/wp-json\/wp\/v2\/comments?post=9859"}],"version-history":[{"count":0,"href":"https:\/\/tarczynskiarenawroclaw.pl\/en\/wp-json\/wp\/v2\/pages\/9859\/revisions"}],"up":[{"embeddable":true,"href":"https:\/\/tarczynskiarenawroclaw.pl\/en\/wp-json\/wp\/v2\/pages\/9960"}],"wp:featuredmedia":[{"embeddable":true,"href":"https:\/\/tarczynskiarenawroclaw.pl\/en\/wp-json\/wp\/v2\/media\/9471"}],"wp:attachment":[{"href":"https:\/\/tarczynskiarenawroclaw.pl\/en\/wp-json\/wp\/v2\/media?parent=9859"}],"curies":[{"name":"wp","href":"https:\/\/api.w.org\/{rel}","templated":true}]}}