{"id":9890,"date":"2021-08-31T10:57:05","date_gmt":"2021-08-31T08:57:05","guid":{"rendered":"https:\/\/tarczynskiarenawroclaw.pl\/?page_id=9890"},"modified":"2024-12-27T11:02:40","modified_gmt":"2024-12-27T10:02:40","slug":"business-meetings","status":"publish","type":"page","link":"https:\/\/tarczynskiarenawroclaw.pl\/en\/for-business\/business-meetings\/","title":{"rendered":"Business meetings"},"content":{"rendered":"\n<div class=\"wp-block-columns is-layout-flex wp-container-core-columns-is-layout-9d6595d7 wp-block-columns-is-layout-flex\">\n<div class=\"wp-block-column is-layout-flow wp-block-column-is-layout-flow\">\n<p>Answering our client\u2019s needs we offer both comfort and a&nbsp;cozy atmosphere for business meeting organizers.&nbsp;In our offer there are several modern and comfortably equipped VIP boxes with the possibility of any arrangement and a&nbsp;perfect view of a&nbsp;stadium pitch.&nbsp;Boxes are also equipped in LCD monitors and a&nbsp;minibar with a&nbsp;fridge.<\/p>\n\n\n\n<p>An additional value&nbsp; for each meeting is an access to the VIP terrace and tribunes.&nbsp;Our clients can take advantage of the wide catering offer adjusted to their individual needs and preferences.<\/p>\n\n\n\n<p>For further information please contact us.<\/p>\n\n\n\n<p><strong>See also:<\/strong><\/p>\n\n\n\n<ul class=\"wp-block-list custom-list\">\n<li><a href=\"https:\/\/tarczynskiarenawroclaw.pl\/en\/for-business\/available-spaces\/\">Available spaces<\/a><\/li>\n\n\n\n<li><a href=\"https:\/\/tarczynskiarenawroclaw.pl\/en\/services\/additional-services\/\">Additional services for the organizer<\/a><\/li>\n\n\n\n<li><a href=\"https:\/\/tarczynskiarenawroclaw.pl\/en\/services\/catering\/\">Catering<\/a><\/li>\n<\/ul>\n<\/div>\n\n\n\n<div class=\"wp-block-column is-layout-flow wp-block-column-is-layout-flow\">\n<figure class=\"wp-block-embed is-type-video is-provider-youtube wp-block-embed-youtube wp-embed-aspect-16-9 wp-has-aspect-ratio\"><div class=\"wp-block-embed__wrapper\">\n<iframe loading=\"lazy\" title=\"Stadion Wroc\u0142aw Centrum konferencyjno - eventowe\" width=\"500\" height=\"281\" src=\"https:\/\/www.youtube.com\/embed\/ixv9HkwTJYI?feature=oembed\" frameborder=\"0\" allow=\"accelerometer; autoplay; clipboard-write; encrypted-media; gyroscope; picture-in-picture; web-share\" referrerpolicy=\"strict-origin-when-cross-origin\" allowfullscreen><\/iframe>\n<\/div><\/figure>\n<\/div>\n<\/div>\n\n\n\n<figure class=\"wp-block-gallery has-nested-images columns-3 is-cropped wp-block-gallery-1 is-layout-flex wp-block-gallery-is-layout-flex\">\n<figure class=\"wp-block-image size-large\"><a href=\"https:\/\/tarczynskiarenawroclaw.pl\/wp-content\/uploads\/2021\/08\/loza.jpg\"><img loading=\"lazy\" decoding=\"async\" width=\"1024\" height=\"576\" data-id=\"9584\" src=\"https:\/\/tarczynskiarenawroclaw.pl\/wp-content\/uploads\/2021\/08\/loza.jpg\" alt=\"\" class=\"wp-image-9584\"\/><\/a><\/figure>\n\n\n\n<figure class=\"wp-block-image size-large\"><a href=\"https:\/\/tarczynskiarenawroclaw.pl\/wp-content\/uploads\/2021\/08\/loza_www-1024x554.jpg\"><img loading=\"lazy\" decoding=\"async\" width=\"1024\" height=\"554\" data-id=\"9587\" src=\"https:\/\/tarczynskiarenawroclaw.pl\/wp-content\/uploads\/2021\/08\/loza_www-1024x554.jpg\" alt=\"\" class=\"wp-image-9587\"\/><\/a><\/figure>\n\n\n\n<figure class=\"wp-block-image size-large\"><a href=\"https:\/\/tarczynskiarenawroclaw.pl\/wp-content\/uploads\/2021\/08\/Loza-VIP_slajd_3_lewa_www.jpg\"><img loading=\"lazy\" decoding=\"async\" width=\"1024\" height=\"684\" data-id=\"9589\" src=\"https:\/\/tarczynskiarenawroclaw.pl\/wp-content\/uploads\/2021\/08\/Loza-VIP_slajd_3_lewa_www.jpg\" alt=\"\" class=\"wp-image-9589\"\/><\/a><\/figure>\n\n\n\n<figure class=\"wp-block-image size-large\"><a href=\"https:\/\/tarczynskiarenawroclaw.pl\/wp-content\/uploads\/2021\/08\/LGI_8343-HDRwww-1.jpg\"><img loading=\"lazy\" decoding=\"async\" width=\"1024\" height=\"684\" data-id=\"9591\" src=\"https:\/\/tarczynskiarenawroclaw.pl\/wp-content\/uploads\/2021\/08\/LGI_8343-HDRwww-1.jpg\" alt=\"\" class=\"wp-image-9591\"\/><\/a><\/figure>\n\n\n\n<figure class=\"wp-block-image size-large\"><a href=\"https:\/\/tarczynskiarenawroclaw.pl\/wp-content\/uploads\/2021\/08\/LV_slajd_19_prawa_www.jpg\"><img loading=\"lazy\" decoding=\"async\" width=\"1024\" height=\"684\" data-id=\"9593\" src=\"https:\/\/tarczynskiarenawroclaw.pl\/wp-content\/uploads\/2021\/08\/LV_slajd_19_prawa_www.jpg\" alt=\"\" class=\"wp-image-9593\"\/><\/a><\/figure>\n<\/figure>\n\n\n\n<div style=\"height:60px\" aria-hidden=\"true\" class=\"wp-block-spacer\"><\/div>\n\n\n\n<div class=\"wp-block-group is-layout-constrained wp-container-core-group-is-layout-54f804ee wp-block-group-is-layout-constrained advgb-dyn-8e4a7768\">\n<h3 class=\"wp-block-heading has-text-align-center advgb-dyn-5591757a\"><strong>CONTACT US<\/strong><\/h3>\n\n\n\n<div class=\"wp-block-buttons is-horizontal is-content-justification-center is-layout-flex wp-container-core-buttons-is-layout-499968f5 wp-block-buttons-is-layout-flex advgb-dyn-5e5a4c85\">\n<div class=\"wp-block-button is-style-fill advgb-dyn-f19740bc\"><a class=\"wp-block-button__link wp-element-button\" href=\"https:\/\/tarczynskiarenawroclaw.pl\/en\/contact\/\">CONTACT US&nbsp;<\/a><\/div>\n<\/div>\n\n\n\n<div style=\"height:20px\" aria-hidden=\"true\" class=\"wp-block-spacer\"><\/div>\n\n\n\n<p class=\"has-text-align-center\">Write to us or leave contact here: <strong><a href=\"mailto:eventy@stadionwroclaw.pl\">eventy@stadionwroclaw.pl<\/a><\/strong><\/p>\n<\/div>\n\n\n\n\n","protected":false},"excerpt":{"rendered":"<p>Answering our client\u2019s needs we offer both comfort and a&nbsp;cozy atmosphere for business&#8230;<\/p>\n","protected":false},"author":1,"featured_media":9585,"parent":9960,"menu_order":28,"comment_status":"closed","ping_status":"closed","template":"","meta":{"advgb_blocks_editor_width":"","advgb_blocks_columns_visual_guide":"","footnotes":""},"class_list":["post-9890","page","type-page","status-publish","has-post-thumbnail","hentry"],"yoast_head":"<!-- This site is optimized with the Yoast SEO plugin v25.9 - https:\/\/yoast.com\/wordpress\/plugins\/seo\/ -->\n<title>Business meetings &#8211; Tarczy\u0144ski Arena Wroc\u0142aw<\/title>\n<meta name=\"description\" content=\"Answering our client\u2019s needs we offer both comfort and a&nbsp;cozy atmosphere for business meeting organizers.&nbsp;In our offer there are several modern\" \/>\n<meta name=\"robots\" content=\"index, follow, max-snippet:-1, max-image-preview:large, max-video-preview:-1\" \/>\n<link rel=\"canonical\" href=\"https:\/\/tarczynskiarenawroclaw.pl\/en\/for-business\/business-meetings\/\" \/>\n<meta property=\"og:locale\" content=\"en_US\" \/>\n<meta property=\"og:type\" content=\"article\" \/>\n<meta property=\"og:title\" content=\"Business meetings &#8211; Tarczy\u0144ski Arena Wroc\u0142aw\" \/>\n<meta property=\"og:description\" content=\"Answering our client\u2019s needs we offer both comfort and a&nbsp;cozy atmosphere for business meeting organizers.&nbsp;In our offer there are several modern\" \/>\n<meta property=\"og:url\" content=\"https:\/\/tarczynskiarenawroclaw.pl\/en\/for-business\/business-meetings\/\" \/>\n<meta property=\"og:site_name\" content=\"Tarczy\u0144ski Arena Wroc\u0142aw\" \/>\n<meta property=\"article:modified_time\" content=\"2024-12-27T10:02:40+00:00\" \/>\n<meta property=\"og:image\" content=\"https:\/\/tarczynskiarenawroclaw.pl\/wp-content\/uploads\/2021\/08\/loza.jpg\" \/>\n\t<meta property=\"og:image:width\" content=\"1024\" \/>\n\t<meta property=\"og:image:height\" content=\"576\" \/>\n\t<meta property=\"og:image:type\" content=\"image\/jpeg\" \/>\n<meta name=\"twitter:card\" content=\"summary_large_image\" \/>\n<meta name=\"twitter:label1\" content=\"Est. reading time\" \/>\n\t<meta name=\"twitter:data1\" content=\"2 minutes\" \/>\n<script type=\"application\/ld+json\" class=\"yoast-schema-graph\">{\"@context\":\"https:\/\/schema.org\",\"@graph\":[{\"@type\":\"WebPage\",\"@id\":\"https:\/\/tarczynskiarenawroclaw.pl\/en\/for-business\/business-meetings\/\",\"url\":\"https:\/\/tarczynskiarenawroclaw.pl\/en\/for-business\/business-meetings\/\",\"name\":\"Business meetings &#8211; Tarczy\u0144ski Arena Wroc\u0142aw\",\"isPartOf\":{\"@id\":\"https:\/\/tarczynskiarenawroclaw.pl\/#website\"},\"primaryImageOfPage\":{\"@id\":\"https:\/\/tarczynskiarenawroclaw.pl\/en\/for-business\/business-meetings\/#primaryimage\"},\"image\":{\"@id\":\"https:\/\/tarczynskiarenawroclaw.pl\/en\/for-business\/business-meetings\/#primaryimage\"},\"thumbnailUrl\":\"https:\/\/tarczynskiarenawroclaw.pl\/wp-content\/uploads\/2021\/08\/loza.jpg\",\"datePublished\":\"2021-08-31T08:57:05+00:00\",\"dateModified\":\"2024-12-27T10:02:40+00:00\",\"description\":\"Answering our client\u2019s needs we offer both comfort and a&nbsp;cozy atmosphere for business meeting organizers.&nbsp;In our offer there are several modern\",\"breadcrumb\":{\"@id\":\"https:\/\/tarczynskiarenawroclaw.pl\/en\/for-business\/business-meetings\/#breadcrumb\"},\"inLanguage\":\"en-US\",\"potentialAction\":[{\"@type\":\"ReadAction\",\"target\":[\"https:\/\/tarczynskiarenawroclaw.pl\/en\/for-business\/business-meetings\/\"]}]},{\"@type\":\"ImageObject\",\"inLanguage\":\"en-US\",\"@id\":\"https:\/\/tarczynskiarenawroclaw.pl\/en\/for-business\/business-meetings\/#primaryimage\",\"url\":\"https:\/\/tarczynskiarenawroclaw.pl\/wp-content\/uploads\/2021\/08\/loza.jpg\",\"contentUrl\":\"https:\/\/tarczynskiarenawroclaw.pl\/wp-content\/uploads\/2021\/08\/loza.jpg\",\"width\":1024,\"height\":576},{\"@type\":\"BreadcrumbList\",\"@id\":\"https:\/\/tarczynskiarenawroclaw.pl\/en\/for-business\/business-meetings\/#breadcrumb\",\"itemListElement\":[{\"@type\":\"ListItem\",\"position\":1,\"name\":\"Strona g\u0142\u00f3wna\",\"item\":\"https:\/\/tarczynskiarenawroclaw.pl\/en\/\"},{\"@type\":\"ListItem\",\"position\":2,\"name\":\"For business\",\"item\":\"https:\/\/tarczynskiarenawroclaw.pl\/en\/for-business\/\"},{\"@type\":\"ListItem\",\"position\":3,\"name\":\"Business meetings\"}]},{\"@type\":\"WebSite\",\"@id\":\"https:\/\/tarczynskiarenawroclaw.pl\/#website\",\"url\":\"https:\/\/tarczynskiarenawroclaw.pl\/\",\"name\":\"Tarczy\u0144ski Arena Wroc\u0142aw\",\"description\":\"Stadion Miejski we Wroc\u0142awiu\",\"publisher\":{\"@id\":\"https:\/\/tarczynskiarenawroclaw.pl\/#organization\"},\"potentialAction\":[{\"@type\":\"SearchAction\",\"target\":{\"@type\":\"EntryPoint\",\"urlTemplate\":\"https:\/\/tarczynskiarenawroclaw.pl\/?s={search_term_string}\"},\"query-input\":{\"@type\":\"PropertyValueSpecification\",\"valueRequired\":true,\"valueName\":\"search_term_string\"}}],\"inLanguage\":\"en-US\"},{\"@type\":\"Organization\",\"@id\":\"https:\/\/tarczynskiarenawroclaw.pl\/#organization\",\"name\":\"Stadion Wroc\u0142aw\",\"url\":\"https:\/\/tarczynskiarenawroclaw.pl\/\",\"logo\":{\"@type\":\"ImageObject\",\"inLanguage\":\"en-US\",\"@id\":\"https:\/\/tarczynskiarenawroclaw.pl\/#\/schema\/logo\/image\/\",\"url\":\"https:\/\/stadionwroclaw.pl\/wp-content\/uploads\/2021\/08\/favicon-stadion-wroclaw.png\",\"contentUrl\":\"https:\/\/stadionwroclaw.pl\/wp-content\/uploads\/2021\/08\/favicon-stadion-wroclaw.png\",\"width\":512,\"height\":512,\"caption\":\"Stadion Wroc\u0142aw\"},\"image\":{\"@id\":\"https:\/\/tarczynskiarenawroclaw.pl\/#\/schema\/logo\/image\/\"}}]}<\/script>\n<!-- \/ Yoast SEO plugin. -->","yoast_head_json":{"title":"Business meetings &#8211; Tarczy\u0144ski Arena Wroc\u0142aw","description":"Answering our client\u2019s needs we offer both comfort and a&nbsp;cozy atmosphere for business meeting organizers.&nbsp;In our offer there are several modern","robots":{"index":"index","follow":"follow","max-snippet":"max-snippet:-1","max-image-preview":"max-image-preview:large","max-video-preview":"max-video-preview:-1"},"canonical":"https:\/\/tarczynskiarenawroclaw.pl\/en\/for-business\/business-meetings\/","og_locale":"en_US","og_type":"article","og_title":"Business meetings &#8211; Tarczy\u0144ski Arena Wroc\u0142aw","og_description":"Answering our client\u2019s needs we offer both comfort and a&nbsp;cozy atmosphere for business meeting organizers.&nbsp;In our offer there are several modern","og_url":"https:\/\/tarczynskiarenawroclaw.pl\/en\/for-business\/business-meetings\/","og_site_name":"Tarczy\u0144ski Arena Wroc\u0142aw","article_modified_time":"2024-12-27T10:02:40+00:00","og_image":[{"width":1024,"height":576,"url":"https:\/\/tarczynskiarenawroclaw.pl\/wp-content\/uploads\/2021\/08\/loza.jpg","type":"image\/jpeg"}],"twitter_card":"summary_large_image","twitter_misc":{"Est. reading time":"2 minutes"},"schema":{"@context":"https:\/\/schema.org","@graph":[{"@type":"WebPage","@id":"https:\/\/tarczynskiarenawroclaw.pl\/en\/for-business\/business-meetings\/","url":"https:\/\/tarczynskiarenawroclaw.pl\/en\/for-business\/business-meetings\/","name":"Business meetings &#8211; Tarczy\u0144ski Arena Wroc\u0142aw","isPartOf":{"@id":"https:\/\/tarczynskiarenawroclaw.pl\/#website"},"primaryImageOfPage":{"@id":"https:\/\/tarczynskiarenawroclaw.pl\/en\/for-business\/business-meetings\/#primaryimage"},"image":{"@id":"https:\/\/tarczynskiarenawroclaw.pl\/en\/for-business\/business-meetings\/#primaryimage"},"thumbnailUrl":"https:\/\/tarczynskiarenawroclaw.pl\/wp-content\/uploads\/2021\/08\/loza.jpg","datePublished":"2021-08-31T08:57:05+00:00","dateModified":"2024-12-27T10:02:40+00:00","description":"Answering our client\u2019s needs we offer both comfort and a&nbsp;cozy atmosphere for business meeting organizers.&nbsp;In our offer there are several modern","breadcrumb":{"@id":"https:\/\/tarczynskiarenawroclaw.pl\/en\/for-business\/business-meetings\/#breadcrumb"},"inLanguage":"en-US","potentialAction":[{"@type":"ReadAction","target":["https:\/\/tarczynskiarenawroclaw.pl\/en\/for-business\/business-meetings\/"]}]},{"@type":"ImageObject","inLanguage":"en-US","@id":"https:\/\/tarczynskiarenawroclaw.pl\/en\/for-business\/business-meetings\/#primaryimage","url":"https:\/\/tarczynskiarenawroclaw.pl\/wp-content\/uploads\/2021\/08\/loza.jpg","contentUrl":"https:\/\/tarczynskiarenawroclaw.pl\/wp-content\/uploads\/2021\/08\/loza.jpg","width":1024,"height":576},{"@type":"BreadcrumbList","@id":"https:\/\/tarczynskiarenawroclaw.pl\/en\/for-business\/business-meetings\/#breadcrumb","itemListElement":[{"@type":"ListItem","position":1,"name":"Strona g\u0142\u00f3wna","item":"https:\/\/tarczynskiarenawroclaw.pl\/en\/"},{"@type":"ListItem","position":2,"name":"For business","item":"https:\/\/tarczynskiarenawroclaw.pl\/en\/for-business\/"},{"@type":"ListItem","position":3,"name":"Business meetings"}]},{"@type":"WebSite","@id":"https:\/\/tarczynskiarenawroclaw.pl\/#website","url":"https:\/\/tarczynskiarenawroclaw.pl\/","name":"Tarczy\u0144ski Arena Wroc\u0142aw","description":"Stadion Miejski we Wroc\u0142awiu","publisher":{"@id":"https:\/\/tarczynskiarenawroclaw.pl\/#organization"},"potentialAction":[{"@type":"SearchAction","target":{"@type":"EntryPoint","urlTemplate":"https:\/\/tarczynskiarenawroclaw.pl\/?s={search_term_string}"},"query-input":{"@type":"PropertyValueSpecification","valueRequired":true,"valueName":"search_term_string"}}],"inLanguage":"en-US"},{"@type":"Organization","@id":"https:\/\/tarczynskiarenawroclaw.pl\/#organization","name":"Stadion Wroc\u0142aw","url":"https:\/\/tarczynskiarenawroclaw.pl\/","logo":{"@type":"ImageObject","inLanguage":"en-US","@id":"https:\/\/tarczynskiarenawroclaw.pl\/#\/schema\/logo\/image\/","url":"https:\/\/stadionwroclaw.pl\/wp-content\/uploads\/2021\/08\/favicon-stadion-wroclaw.png","contentUrl":"https:\/\/stadionwroclaw.pl\/wp-content\/uploads\/2021\/08\/favicon-stadion-wroclaw.png","width":512,"height":512,"caption":"Stadion Wroc\u0142aw"},"image":{"@id":"https:\/\/tarczynskiarenawroclaw.pl\/#\/schema\/logo\/image\/"}}]}},"coauthors":[],"author_meta":{"author_link":"https:\/\/tarczynskiarenawroclaw.pl\/en\/author\/sw-admin\/","display_name":"WLM"},"relative_dates":{"created":"Posted 5 years ago","modified":"Updated 1 year ago"},"absolute_dates":{"created":"Posted on 31.08.2021","modified":"Updated on 27.12.2024"},"absolute_dates_time":{"created":"Posted on 31.08.2021 10:57","modified":"Updated on 27.12.2024 11:02"},"featured_img_caption":"","featured_img":"https:\/\/tarczynskiarenawroclaw.pl\/wp-content\/uploads\/2021\/08\/loza-330x330.jpg","series_order":"","_links":{"self":[{"href":"https:\/\/tarczynskiarenawroclaw.pl\/en\/wp-json\/wp\/v2\/pages\/9890","targetHints":{"allow":["GET"]}}],"collection":[{"href":"https:\/\/tarczynskiarenawroclaw.pl\/en\/wp-json\/wp\/v2\/pages"}],"about":[{"href":"https:\/\/tarczynskiarenawroclaw.pl\/en\/wp-json\/wp\/v2\/types\/page"}],"author":[{"embeddable":true,"href":"https:\/\/tarczynskiarenawroclaw.pl\/en\/wp-json\/wp\/v2\/users\/1"}],"replies":[{"embeddable":true,"href":"https:\/\/tarczynskiarenawroclaw.pl\/en\/wp-json\/wp\/v2\/comments?post=9890"}],"version-history":[{"count":1,"href":"https:\/\/tarczynskiarenawroclaw.pl\/en\/wp-json\/wp\/v2\/pages\/9890\/revisions"}],"predecessor-version":[{"id":16280,"href":"https:\/\/tarczynskiarenawroclaw.pl\/en\/wp-json\/wp\/v2\/pages\/9890\/revisions\/16280"}],"up":[{"embeddable":true,"href":"https:\/\/tarczynskiarenawroclaw.pl\/en\/wp-json\/wp\/v2\/pages\/9960"}],"wp:featuredmedia":[{"embeddable":true,"href":"https:\/\/tarczynskiarenawroclaw.pl\/en\/wp-json\/wp\/v2\/media\/9585"}],"wp:attachment":[{"href":"https:\/\/tarczynskiarenawroclaw.pl\/en\/wp-json\/wp\/v2\/media?parent=9890"}],"curies":[{"name":"wp","href":"https:\/\/api.w.org\/{rel}","templated":true}]}}