{"id":9900,"date":"2021-08-31T11:05:46","date_gmt":"2021-08-31T09:05:46","guid":{"rendered":"https:\/\/tarczynskiarenawroclaw.pl\/?page_id=9900"},"modified":"2023-10-24T09:11:54","modified_gmt":"2023-10-24T07:11:54","slug":"contact","status":"publish","type":"page","link":"https:\/\/tarczynskiarenawroclaw.pl\/en\/contact\/","title":{"rendered":"Contact"},"content":{"rendered":"\n<div class=\"wp-block-columns is-layout-flex wp-container-core-columns-is-layout-9d6595d7 wp-block-columns-is-layout-flex\">\n<div class=\"wp-block-column is-layout-flow wp-block-column-is-layout-flow\">\n<h2 class=\"wp-block-heading advgb-dyn-cc136830\">Tarczynski Arena Wroclaw<\/h2>\n\n\n\n<p>Al. Slaska 1<br>54-118 Wroclaw<\/p>\n\n\n\n<div class=\"wp-block-buttons is-layout-flex wp-block-buttons-is-layout-flex\">\n<div class=\"wp-block-button is-style-outline is-style-outline--1 advgb-dyn-81f25796\"><a class=\"wp-block-button__link wp-element-button\" href=\"https:\/\/tarczynskiarenawroclaw.pl\/en\/stadion\/localization\/\">ROAD MAP<\/a><\/div>\n<\/div>\n\n\n\n<p>Tel.&nbsp;<a href=\"tel:+48717768000\">+48 71 77 68 000<\/a><br>Tel.&nbsp;<a href=\"tel:+48717768011\">+48 71 77 68 011<\/a><br>Fax&nbsp;<a href=\"tel:+48717768001\">+48 71 77 68 001<\/a><br><a href=\"mailto:biuro@stadionwroclaw.pl\" target=\"_blank\" rel=\"noreferrer noopener\">biuro@stadionwroclaw.pl<\/a><\/p>\n\n\n\n<div style=\"height:50px\" aria-hidden=\"true\" class=\"wp-block-spacer advgb-dyn-a1f5334f\"><\/div>\n<\/div>\n\n\n\n<div class=\"wp-block-column is-layout-flow wp-block-column-is-layout-flow\">\n<div class=\"wp-block-advgb-accordions advgb-accordions-6f96288b-f01b-4d4d-9dd6-d3581f3c0503 advgb-accordion-wrapper\" data-collapsed=\"true\">\n<div class=\"wp-block-advgb-accordion-item advgb-accordion-item\" style=\"margin-bottom:15px\"><div class=\"advgb-accordion-header\" style=\"background-color:#ebf3ef;color:#164931;border-style:solid;border-width:0px;border-radius:3px\"><span class=\"advgb-accordion-header-icon\"><svg fill=\"#1D8B57\" xmlns=\"http:\/\/www.w3.org\/2000\/svg\" width=\"24\" height=\"24\" viewBox=\"0 0 24 24\"><path opacity=\"0.87\" fill=\"none\" d=\"M24,24H0L0,0l24,0V24z\"><\/path><path d=\"M16.59,8.59L12,13.17L7.41,8.59L6,10l6,6l6-6L16.59,8.59z\"><\/path><\/svg><\/span><h3 class=\"advgb-accordion-header-title\" style=\"color:inherit\"><meta charset=\"utf-8\"><strong><meta charset=\"utf-8\">Conferences and events organization<\/strong><\/h3><\/div><div class=\"advgb-accordion-body\" style=\"border-style:solid !important;border-width:0px !important;border-color:undefined !important;border-top:none !important;border-radius:3px !important\">\n<p>Tel.&nbsp;<a href=\"tel:+48 71 77 68 044\">+48 71 77 68 044<\/a><\/p>\n\n\n\n<p><a href=\"mailto:eventy@stadionwroclaw.pl\">eventy@stadionwroclaw.pl<\/a><\/p>\n\n\n\n\n<\/div><\/div>\n\n\n\n<div class=\"wp-block-advgb-accordion-item advgb-accordion-item\" style=\"margin-bottom:15px\"><div class=\"advgb-accordion-header\" style=\"background-color:#ebf3ef;color:#164931;border-style:solid;border-width:0px;border-radius:3px\"><span class=\"advgb-accordion-header-icon\"><svg fill=\"#1D8B57\" xmlns=\"http:\/\/www.w3.org\/2000\/svg\" width=\"24\" height=\"24\" viewBox=\"0 0 24 24\"><path opacity=\"0.87\" fill=\"none\" d=\"M24,24H0L0,0l24,0V24z\"><\/path><path d=\"M16.59,8.59L12,13.17L7.41,8.59L6,10l6,6l6-6L16.59,8.59z\"><\/path><\/svg><\/span><h4 class=\"advgb-accordion-header-title\" style=\"color:inherit\"><meta charset=\"utf-8\"><strong><meta charset=\"utf-8\">Marketing <\/strong><\/h4><\/div><div class=\"advgb-accordion-body\" style=\"border-style:solid !important;border-width:0px !important;border-color:undefined !important;border-top:none !important;border-radius:3px !important\">\n<p>Tel. <a href=\"tel:+48 71 77 68 046\">+48 71 77 68 046<\/a><br>Tel. <a href=\"tel:+48717768043\">+48 71 77 68 043<\/a><br><a href=\"https:\/\/tarczynskiarenawroclaw.pl\/kontakt\/marketing@stadionwroclaw.pl\"><\/a><\/p>\n\n\n\n<p><a href=\"mailto:marketing@stadionwroclaw.pl\" target=\"_blank\" rel=\"noreferrer noopener\">marketing@stadionwroclaw.pl<\/a><\/p>\n<\/div><\/div>\n\n\n\n<div class=\"wp-block-advgb-accordion-item advgb-accordion-item\" style=\"margin-bottom:15px\"><div class=\"advgb-accordion-header\" style=\"background-color:#ebf3ef;color:#164931;border-style:solid;border-width:0px;border-radius:3px\"><span class=\"advgb-accordion-header-icon\"><svg fill=\"#1D8B57\" xmlns=\"http:\/\/www.w3.org\/2000\/svg\" width=\"24\" height=\"24\" viewBox=\"0 0 24 24\"><path opacity=\"0.87\" fill=\"none\" d=\"M24,24H0L0,0l24,0V24z\"><\/path><path d=\"M16.59,8.59L12,13.17L7.41,8.59L6,10l6,6l6-6L16.59,8.59z\"><\/path><\/svg><\/span><h4 class=\"advgb-accordion-header-title\" style=\"color:inherit\"><meta charset=\"utf-8\"><strong><meta charset=\"utf-8\">Sightseeing, guided tours<\/strong><\/h4><\/div><div class=\"advgb-accordion-body\" style=\"border-style:solid !important;border-width:0px !important;border-color:undefined !important;border-top:none !important;border-radius:3px !important\">\n<p>Tel.&nbsp;<a href=\"tel:+48 71 77 68 058\">+48 71 77 68 058<\/a><br>Tel.&nbsp;<a href=\"tel:+48 606 492 892\">+48 606 492 892<\/a><br><\/p>\n\n\n\n<p><a href=\"mailto:zwiedzanie@stadionwroclaw.pl\" target=\"_blank\" rel=\"noreferrer noopener\">zwiedzanie@stadionwroclaw.pl<\/a><\/p>\n<\/div><\/div>\n\n\n\n<div class=\"wp-block-advgb-accordion-item advgb-accordion-item\" style=\"margin-bottom:15px\"><div class=\"advgb-accordion-header\" style=\"background-color:#ebf3ef;color:#164931;border-style:solid;border-width:0px;border-radius:3px\"><span class=\"advgb-accordion-header-icon\"><svg fill=\"#1D8B57\" xmlns=\"http:\/\/www.w3.org\/2000\/svg\" width=\"24\" height=\"24\" viewBox=\"0 0 24 24\"><path opacity=\"0.87\" fill=\"none\" d=\"M24,24H0L0,0l24,0V24z\"><\/path><path d=\"M16.59,8.59L12,13.17L7.41,8.59L6,10l6,6l6-6L16.59,8.59z\"><\/path><\/svg><\/span><h4 class=\"advgb-accordion-header-title\" style=\"color:inherit\"><strong>LeMans go-karting<\/strong><\/h4><\/div><div class=\"advgb-accordion-body\" style=\"border-style:solid !important;border-width:0px !important;border-color:undefined !important;border-top:none !important;border-radius:3px !important\">\n<p>Infoline: <a href=\"tel:+48 71 71 60 400\">+48 71 71 60 400<\/a><br><\/p>\n\n\n\n<p><a href=\"https:\/\/tarczynskiarenawroclaw.pl\/kontakt\/rezerwacja@lemans.pl\" target=\"_blank\" rel=\"noreferrer noopener\">rezerwacja@lemans.pl<\/a><\/p>\n<\/div><\/div>\n\n\n\n<div class=\"wp-block-advgb-accordion-item advgb-accordion-item\" style=\"margin-bottom:15px\"><div class=\"advgb-accordion-header\" style=\"background-color:#ebf3ef;color:#164931;border-style:solid;border-width:0px;border-radius:3px\"><span class=\"advgb-accordion-header-icon\"><svg fill=\"#1D8B57\" xmlns=\"http:\/\/www.w3.org\/2000\/svg\" width=\"24\" height=\"24\" viewBox=\"0 0 24 24\"><path opacity=\"0.87\" fill=\"none\" d=\"M24,24H0L0,0l24,0V24z\"><\/path><path d=\"M16.59,8.59L12,13.17L7.41,8.59L6,10l6,6l6-6L16.59,8.59z\"><\/path><\/svg><\/span><h4 class=\"advgb-accordion-header-title\" style=\"color:inherit\"><strong>Spokesperson<\/strong><\/h4><\/div><div class=\"advgb-accordion-body\" style=\"border-style:solid !important;border-width:0px !important;border-color:undefined !important;border-top:none !important;border-radius:3px !important\">\n<p>Tel. <a href=\"tel:+48 71 77 68&nbsp;040\">+48 71 77 68&nbsp;040<\/a><br>Tel. mob. <a href=\"tel:+48%C2%A0501%C2%A0023 059\">+48&nbsp;501&nbsp;023 059<\/a><\/p>\n\n\n\n<p><a href=\"mailto:kacper.cecota@stadionwroclaw.pl\" target=\"_blank\" rel=\"noreferrer noopener\">kacper.cecota@stadionwroclaw.pl<\/a><\/p>\n<\/div><\/div>\n<\/div>\n<\/div>\n<\/div>\n\n\n\n\n","protected":false},"excerpt":{"rendered":"<p>Tarczynski Arena Wroclaw Al. Slaska 154-118 Wroclaw Tel.&nbsp;+48 71 77 68 000Tel.&nbsp;+48 71&#8230;<\/p>\n","protected":false},"author":1,"featured_media":0,"parent":0,"menu_order":69,"comment_status":"closed","ping_status":"closed","template":"page-no-title.php","meta":{"advgb_blocks_editor_width":"","advgb_blocks_columns_visual_guide":"","footnotes":""},"class_list":["post-9900","page","type-page","status-publish","hentry"],"yoast_head":"<!-- This site is optimized with the Yoast SEO plugin v25.9 - https:\/\/yoast.com\/wordpress\/plugins\/seo\/ -->\n<title>Contact &#8211; Tarczy\u0144ski Arena Wroc\u0142aw<\/title>\n<meta name=\"description\" content=\"Tarczynski Arena Wroclaw Al. Slaska 154-118 Wroclaw ROAD MAP Tel.&nbsp;+48 71 77 68 000Tel.&nbsp;+48 71 77 68 011Fax&nbsp;+48 71 77 68\" \/>\n<meta name=\"robots\" content=\"index, follow, max-snippet:-1, max-image-preview:large, max-video-preview:-1\" \/>\n<link rel=\"canonical\" href=\"https:\/\/tarczynskiarenawroclaw.pl\/en\/contact\/\" \/>\n<meta property=\"og:locale\" content=\"en_US\" \/>\n<meta property=\"og:type\" content=\"article\" \/>\n<meta property=\"og:title\" content=\"Contact &#8211; Tarczy\u0144ski Arena Wroc\u0142aw\" \/>\n<meta property=\"og:description\" content=\"Tarczynski Arena Wroclaw Al. Slaska 154-118 Wroclaw ROAD MAP Tel.&nbsp;+48 71 77 68 000Tel.&nbsp;+48 71 77 68 011Fax&nbsp;+48 71 77 68\" \/>\n<meta property=\"og:url\" content=\"https:\/\/tarczynskiarenawroclaw.pl\/en\/contact\/\" \/>\n<meta property=\"og:site_name\" content=\"Tarczy\u0144ski Arena Wroc\u0142aw\" \/>\n<meta property=\"article:modified_time\" content=\"2023-10-24T07:11:54+00:00\" \/>\n<meta name=\"twitter:card\" content=\"summary_large_image\" \/>\n<meta name=\"twitter:label1\" content=\"Est. reading time\" \/>\n\t<meta name=\"twitter:data1\" content=\"1 minute\" \/>\n<script type=\"application\/ld+json\" class=\"yoast-schema-graph\">{\"@context\":\"https:\/\/schema.org\",\"@graph\":[{\"@type\":\"WebPage\",\"@id\":\"https:\/\/tarczynskiarenawroclaw.pl\/en\/contact\/\",\"url\":\"https:\/\/tarczynskiarenawroclaw.pl\/en\/contact\/\",\"name\":\"Contact &#8211; Tarczy\u0144ski Arena Wroc\u0142aw\",\"isPartOf\":{\"@id\":\"https:\/\/tarczynskiarenawroclaw.pl\/#website\"},\"datePublished\":\"2021-08-31T09:05:46+00:00\",\"dateModified\":\"2023-10-24T07:11:54+00:00\",\"description\":\"Tarczynski Arena Wroclaw Al. Slaska 154-118 Wroclaw ROAD MAP Tel.&nbsp;+48 71 77 68 000Tel.&nbsp;+48 71 77 68 011Fax&nbsp;+48 71 77 68\",\"breadcrumb\":{\"@id\":\"https:\/\/tarczynskiarenawroclaw.pl\/en\/contact\/#breadcrumb\"},\"inLanguage\":\"en-US\",\"potentialAction\":[{\"@type\":\"ReadAction\",\"target\":[\"https:\/\/tarczynskiarenawroclaw.pl\/en\/contact\/\"]}]},{\"@type\":\"BreadcrumbList\",\"@id\":\"https:\/\/tarczynskiarenawroclaw.pl\/en\/contact\/#breadcrumb\",\"itemListElement\":[{\"@type\":\"ListItem\",\"position\":1,\"name\":\"Strona g\u0142\u00f3wna\",\"item\":\"https:\/\/tarczynskiarenawroclaw.pl\/en\/\"},{\"@type\":\"ListItem\",\"position\":2,\"name\":\"Contact\"}]},{\"@type\":\"WebSite\",\"@id\":\"https:\/\/tarczynskiarenawroclaw.pl\/#website\",\"url\":\"https:\/\/tarczynskiarenawroclaw.pl\/\",\"name\":\"Tarczy\u0144ski Arena Wroc\u0142aw\",\"description\":\"Stadion Miejski we Wroc\u0142awiu\",\"publisher\":{\"@id\":\"https:\/\/tarczynskiarenawroclaw.pl\/#organization\"},\"potentialAction\":[{\"@type\":\"SearchAction\",\"target\":{\"@type\":\"EntryPoint\",\"urlTemplate\":\"https:\/\/tarczynskiarenawroclaw.pl\/?s={search_term_string}\"},\"query-input\":{\"@type\":\"PropertyValueSpecification\",\"valueRequired\":true,\"valueName\":\"search_term_string\"}}],\"inLanguage\":\"en-US\"},{\"@type\":\"Organization\",\"@id\":\"https:\/\/tarczynskiarenawroclaw.pl\/#organization\",\"name\":\"Stadion Wroc\u0142aw\",\"url\":\"https:\/\/tarczynskiarenawroclaw.pl\/\",\"logo\":{\"@type\":\"ImageObject\",\"inLanguage\":\"en-US\",\"@id\":\"https:\/\/tarczynskiarenawroclaw.pl\/#\/schema\/logo\/image\/\",\"url\":\"https:\/\/stadionwroclaw.pl\/wp-content\/uploads\/2021\/08\/favicon-stadion-wroclaw.png\",\"contentUrl\":\"https:\/\/stadionwroclaw.pl\/wp-content\/uploads\/2021\/08\/favicon-stadion-wroclaw.png\",\"width\":512,\"height\":512,\"caption\":\"Stadion Wroc\u0142aw\"},\"image\":{\"@id\":\"https:\/\/tarczynskiarenawroclaw.pl\/#\/schema\/logo\/image\/\"}}]}<\/script>\n<!-- \/ Yoast SEO plugin. -->","yoast_head_json":{"title":"Contact &#8211; Tarczy\u0144ski Arena Wroc\u0142aw","description":"Tarczynski Arena Wroclaw Al. Slaska 154-118 Wroclaw ROAD MAP Tel.&nbsp;+48 71 77 68 000Tel.&nbsp;+48 71 77 68 011Fax&nbsp;+48 71 77 68","robots":{"index":"index","follow":"follow","max-snippet":"max-snippet:-1","max-image-preview":"max-image-preview:large","max-video-preview":"max-video-preview:-1"},"canonical":"https:\/\/tarczynskiarenawroclaw.pl\/en\/contact\/","og_locale":"en_US","og_type":"article","og_title":"Contact &#8211; Tarczy\u0144ski Arena Wroc\u0142aw","og_description":"Tarczynski Arena Wroclaw Al. Slaska 154-118 Wroclaw ROAD MAP Tel.&nbsp;+48 71 77 68 000Tel.&nbsp;+48 71 77 68 011Fax&nbsp;+48 71 77 68","og_url":"https:\/\/tarczynskiarenawroclaw.pl\/en\/contact\/","og_site_name":"Tarczy\u0144ski Arena Wroc\u0142aw","article_modified_time":"2023-10-24T07:11:54+00:00","twitter_card":"summary_large_image","twitter_misc":{"Est. reading time":"1 minute"},"schema":{"@context":"https:\/\/schema.org","@graph":[{"@type":"WebPage","@id":"https:\/\/tarczynskiarenawroclaw.pl\/en\/contact\/","url":"https:\/\/tarczynskiarenawroclaw.pl\/en\/contact\/","name":"Contact &#8211; Tarczy\u0144ski Arena Wroc\u0142aw","isPartOf":{"@id":"https:\/\/tarczynskiarenawroclaw.pl\/#website"},"datePublished":"2021-08-31T09:05:46+00:00","dateModified":"2023-10-24T07:11:54+00:00","description":"Tarczynski Arena Wroclaw Al. Slaska 154-118 Wroclaw ROAD MAP Tel.&nbsp;+48 71 77 68 000Tel.&nbsp;+48 71 77 68 011Fax&nbsp;+48 71 77 68","breadcrumb":{"@id":"https:\/\/tarczynskiarenawroclaw.pl\/en\/contact\/#breadcrumb"},"inLanguage":"en-US","potentialAction":[{"@type":"ReadAction","target":["https:\/\/tarczynskiarenawroclaw.pl\/en\/contact\/"]}]},{"@type":"BreadcrumbList","@id":"https:\/\/tarczynskiarenawroclaw.pl\/en\/contact\/#breadcrumb","itemListElement":[{"@type":"ListItem","position":1,"name":"Strona g\u0142\u00f3wna","item":"https:\/\/tarczynskiarenawroclaw.pl\/en\/"},{"@type":"ListItem","position":2,"name":"Contact"}]},{"@type":"WebSite","@id":"https:\/\/tarczynskiarenawroclaw.pl\/#website","url":"https:\/\/tarczynskiarenawroclaw.pl\/","name":"Tarczy\u0144ski Arena Wroc\u0142aw","description":"Stadion Miejski we Wroc\u0142awiu","publisher":{"@id":"https:\/\/tarczynskiarenawroclaw.pl\/#organization"},"potentialAction":[{"@type":"SearchAction","target":{"@type":"EntryPoint","urlTemplate":"https:\/\/tarczynskiarenawroclaw.pl\/?s={search_term_string}"},"query-input":{"@type":"PropertyValueSpecification","valueRequired":true,"valueName":"search_term_string"}}],"inLanguage":"en-US"},{"@type":"Organization","@id":"https:\/\/tarczynskiarenawroclaw.pl\/#organization","name":"Stadion Wroc\u0142aw","url":"https:\/\/tarczynskiarenawroclaw.pl\/","logo":{"@type":"ImageObject","inLanguage":"en-US","@id":"https:\/\/tarczynskiarenawroclaw.pl\/#\/schema\/logo\/image\/","url":"https:\/\/stadionwroclaw.pl\/wp-content\/uploads\/2021\/08\/favicon-stadion-wroclaw.png","contentUrl":"https:\/\/stadionwroclaw.pl\/wp-content\/uploads\/2021\/08\/favicon-stadion-wroclaw.png","width":512,"height":512,"caption":"Stadion Wroc\u0142aw"},"image":{"@id":"https:\/\/tarczynskiarenawroclaw.pl\/#\/schema\/logo\/image\/"}}]}},"coauthors":[],"author_meta":{"author_link":"https:\/\/tarczynskiarenawroclaw.pl\/en\/author\/sw-admin\/","display_name":"WLM"},"relative_dates":{"created":"Posted 5 years ago","modified":"Updated 2 years ago"},"absolute_dates":{"created":"Posted on 31.08.2021","modified":"Updated on 24.10.2023"},"absolute_dates_time":{"created":"Posted on 31.08.2021 11:05","modified":"Updated on 24.10.2023 09:11"},"featured_img_caption":"","featured_img":false,"series_order":"","_links":{"self":[{"href":"https:\/\/tarczynskiarenawroclaw.pl\/en\/wp-json\/wp\/v2\/pages\/9900","targetHints":{"allow":["GET"]}}],"collection":[{"href":"https:\/\/tarczynskiarenawroclaw.pl\/en\/wp-json\/wp\/v2\/pages"}],"about":[{"href":"https:\/\/tarczynskiarenawroclaw.pl\/en\/wp-json\/wp\/v2\/types\/page"}],"author":[{"embeddable":true,"href":"https:\/\/tarczynskiarenawroclaw.pl\/en\/wp-json\/wp\/v2\/users\/1"}],"replies":[{"embeddable":true,"href":"https:\/\/tarczynskiarenawroclaw.pl\/en\/wp-json\/wp\/v2\/comments?post=9900"}],"version-history":[{"count":3,"href":"https:\/\/tarczynskiarenawroclaw.pl\/en\/wp-json\/wp\/v2\/pages\/9900\/revisions"}],"predecessor-version":[{"id":14956,"href":"https:\/\/tarczynskiarenawroclaw.pl\/en\/wp-json\/wp\/v2\/pages\/9900\/revisions\/14956"}],"wp:attachment":[{"href":"https:\/\/tarczynskiarenawroclaw.pl\/en\/wp-json\/wp\/v2\/media?parent=9900"}],"curies":[{"name":"wp","href":"https:\/\/api.w.org\/{rel}","templated":true}]}}