{"id":9909,"date":"2021-08-31T11:37:48","date_gmt":"2021-08-31T09:37:48","guid":{"rendered":"https:\/\/tarczynskiarenawroclaw.pl\/?page_id=9909"},"modified":"2021-09-14T10:22:53","modified_gmt":"2021-09-14T08:22:53","slug":"office-spaces","status":"publish","type":"page","link":"https:\/\/tarczynskiarenawroclaw.pl\/en\/for-business\/office-spaces\/","title":{"rendered":"Office spaces"},"content":{"rendered":"\n<div class=\"wp-block-columns is-layout-flex wp-container-core-columns-is-layout-9d6595d7 wp-block-columns-is-layout-flex\">\n<div class=\"wp-block-column is-layout-flow wp-block-column-is-layout-flow\">\n<p>Office Spaces at Wroclaw Stadium is a&nbsp;guarantee of high class standards and excellent location for your company. It is also easily accessible from all directions of the city and directions from another cities, thanks to the proximity Wroc\u0142aw Motorway Bypass. Each of the four functional interior buildings offer in total&nbsp; 9000 sq m&nbsp;of office space. Offered space in a&nbsp;developer condition gives full of possibilities and flexibility to fulfil individual needs of each company.<\/p>\n<\/div>\n\n\n\n<div class=\"wp-block-column is-layout-flow wp-block-column-is-layout-flow\">\n<figure class=\"wp-block-image size-full\"><img loading=\"lazy\" decoding=\"async\" width=\"695\" height=\"314\" src=\"https:\/\/tarczynskiarenawroclaw.pl\/wp-content\/uploads\/2021\/08\/powierznie-biurowe.jpg\" alt=\"\" class=\"wp-image-9683\"\/><\/figure>\n\n\n\n\n<\/div>\n<\/div>\n\n\n\n<figure class=\"wp-block-gallery columns-4 is-cropped wp-block-gallery-1\"><ul class=\"blocks-gallery-grid\"><li class=\"blocks-gallery-item\"><figure><img loading=\"lazy\" decoding=\"async\" width=\"972\" height=\"649\" src=\"https:\/\/tarczynskiarenawroclaw.pl\/wp-content\/uploads\/2021\/08\/navi6.jpg\" alt=\"\" data-id=\"9685\" data-link=\"https:\/\/tarczynskiarenawroclaw.pl\/dla-biznesu\/wynajem-powierzchni-biurowych\/navi6\/\" class=\"wp-image-9685\"\/><\/figure><\/li><li class=\"blocks-gallery-item\"><figure><img loading=\"lazy\" decoding=\"async\" width=\"915\" height=\"610\" src=\"https:\/\/tarczynskiarenawroclaw.pl\/wp-content\/uploads\/2021\/08\/navi1.jpg\" alt=\"\" data-id=\"9687\" data-link=\"https:\/\/tarczynskiarenawroclaw.pl\/dla-biznesu\/wynajem-powierzchni-biurowych\/navi1\/\" class=\"wp-image-9687\"\/><\/figure><\/li><li class=\"blocks-gallery-item\"><figure><img loading=\"lazy\" decoding=\"async\" width=\"930\" height=\"620\" src=\"https:\/\/tarczynskiarenawroclaw.pl\/wp-content\/uploads\/2021\/08\/navi5.jpg\" alt=\"\" data-id=\"9689\" data-link=\"https:\/\/tarczynskiarenawroclaw.pl\/dla-biznesu\/wynajem-powierzchni-biurowych\/navi5\/\" class=\"wp-image-9689\"\/><\/figure><\/li><li class=\"blocks-gallery-item\"><figure><img loading=\"lazy\" decoding=\"async\" width=\"1024\" height=\"682\" src=\"https:\/\/tarczynskiarenawroclaw.pl\/wp-content\/uploads\/2021\/08\/MPF0100-1024x682.jpg\" alt=\"\" data-id=\"9692\" data-full-url=\"https:\/\/tarczynskiarenawroclaw.pl\/wp-content\/uploads\/2021\/08\/MPF0100.jpg\" data-link=\"https:\/\/tarczynskiarenawroclaw.pl\/dla-biznesu\/wynajem-powierzchni-biurowych\/mpf0100\/\" class=\"wp-image-9692 is-layout-flex wp-block-gallery-is-layout-flex\"\/><\/figure><\/li><\/ul><\/figure>\n\n\n\n<div style=\"height:60px\" aria-hidden=\"true\" class=\"wp-block-spacer\"><\/div>\n\n\n\n<div class=\"wp-block-group is-layout-constrained wp-container-core-group-is-layout-54f804ee wp-block-group-is-layout-constrained advgb-dyn-8e4a7768\">\n<h3 class=\"wp-block-heading has-text-align-center advgb-dyn-5591757a\"><strong>CONTACT US<\/strong><\/h3>\n\n\n\n<div class=\"wp-block-buttons is-horizontal is-content-justification-center is-layout-flex wp-container-core-buttons-is-layout-499968f5 wp-block-buttons-is-layout-flex advgb-dyn-5e5a4c85\">\n<div class=\"wp-block-button is-style-fill advgb-dyn-f19740bc\"><a class=\"wp-block-button__link wp-element-button\" href=\"https:\/\/tarczynskiarenawroclaw.pl\/en\/contact\/\">CONTACT US&nbsp;<\/a><\/div>\n<\/div>\n\n\n\n<div style=\"height:20px\" aria-hidden=\"true\" class=\"wp-block-spacer\"><\/div>\n\n\n\n<p class=\"has-text-align-center\">Write to us or leave contact here: <strong><a href=\"mailto:eventy@stadionwroclaw.pl\">eventy@stadionwroclaw.pl<\/a><\/strong><\/p>\n<\/div>\n\n\n\n\n","protected":false},"excerpt":{"rendered":"<p>Office Spaces at Wroclaw Stadium is a&nbsp;guarantee of high class standards and excellent&#8230;<\/p>\n","protected":false},"author":1,"featured_media":9688,"parent":9960,"menu_order":34,"comment_status":"closed","ping_status":"closed","template":"","meta":{"advgb_blocks_editor_width":"","advgb_blocks_columns_visual_guide":"","footnotes":""},"class_list":["post-9909","page","type-page","status-publish","has-post-thumbnail","hentry"],"yoast_head":"<!-- This site is optimized with the Yoast SEO plugin v25.9 - https:\/\/yoast.com\/wordpress\/plugins\/seo\/ -->\n<title>Office spaces &#8211; Tarczy\u0144ski Arena Wroc\u0142aw<\/title>\n<meta name=\"description\" content=\"Office Spaces at Wroclaw Stadium is a&nbsp;guarantee of high class standards and excellent location for your company. It is also easily accessible from\" \/>\n<meta name=\"robots\" content=\"index, follow, max-snippet:-1, max-image-preview:large, max-video-preview:-1\" \/>\n<link rel=\"canonical\" href=\"https:\/\/tarczynskiarenawroclaw.pl\/en\/for-business\/office-spaces\/\" \/>\n<meta property=\"og:locale\" content=\"en_US\" \/>\n<meta property=\"og:type\" content=\"article\" \/>\n<meta property=\"og:title\" content=\"Office spaces &#8211; Tarczy\u0144ski Arena Wroc\u0142aw\" \/>\n<meta property=\"og:description\" content=\"Office Spaces at Wroclaw Stadium is a&nbsp;guarantee of high class standards and excellent location for your company. It is also easily accessible from\" \/>\n<meta property=\"og:url\" content=\"https:\/\/tarczynskiarenawroclaw.pl\/en\/for-business\/office-spaces\/\" \/>\n<meta property=\"og:site_name\" content=\"Tarczy\u0144ski Arena Wroc\u0142aw\" \/>\n<meta property=\"article:modified_time\" content=\"2021-09-14T08:22:53+00:00\" \/>\n<meta property=\"og:image\" content=\"https:\/\/tarczynskiarenawroclaw.pl\/wp-content\/uploads\/2021\/08\/navi1.jpg\" \/>\n\t<meta property=\"og:image:width\" content=\"915\" \/>\n\t<meta property=\"og:image:height\" content=\"610\" \/>\n\t<meta property=\"og:image:type\" content=\"image\/jpeg\" \/>\n<meta name=\"twitter:card\" content=\"summary_large_image\" \/>\n<meta name=\"twitter:label1\" content=\"Est. reading time\" \/>\n\t<meta name=\"twitter:data1\" content=\"2 minutes\" \/>\n<script type=\"application\/ld+json\" class=\"yoast-schema-graph\">{\"@context\":\"https:\/\/schema.org\",\"@graph\":[{\"@type\":\"WebPage\",\"@id\":\"https:\/\/tarczynskiarenawroclaw.pl\/en\/for-business\/office-spaces\/\",\"url\":\"https:\/\/tarczynskiarenawroclaw.pl\/en\/for-business\/office-spaces\/\",\"name\":\"Office spaces &#8211; Tarczy\u0144ski Arena Wroc\u0142aw\",\"isPartOf\":{\"@id\":\"https:\/\/tarczynskiarenawroclaw.pl\/#website\"},\"primaryImageOfPage\":{\"@id\":\"https:\/\/tarczynskiarenawroclaw.pl\/en\/for-business\/office-spaces\/#primaryimage\"},\"image\":{\"@id\":\"https:\/\/tarczynskiarenawroclaw.pl\/en\/for-business\/office-spaces\/#primaryimage\"},\"thumbnailUrl\":\"https:\/\/tarczynskiarenawroclaw.pl\/wp-content\/uploads\/2021\/08\/navi1.jpg\",\"datePublished\":\"2021-08-31T09:37:48+00:00\",\"dateModified\":\"2021-09-14T08:22:53+00:00\",\"description\":\"Office Spaces at Wroclaw Stadium is a&nbsp;guarantee of high class standards and excellent location for your company. It is also easily accessible from\",\"breadcrumb\":{\"@id\":\"https:\/\/tarczynskiarenawroclaw.pl\/en\/for-business\/office-spaces\/#breadcrumb\"},\"inLanguage\":\"en-US\",\"potentialAction\":[{\"@type\":\"ReadAction\",\"target\":[\"https:\/\/tarczynskiarenawroclaw.pl\/en\/for-business\/office-spaces\/\"]}]},{\"@type\":\"ImageObject\",\"inLanguage\":\"en-US\",\"@id\":\"https:\/\/tarczynskiarenawroclaw.pl\/en\/for-business\/office-spaces\/#primaryimage\",\"url\":\"https:\/\/tarczynskiarenawroclaw.pl\/wp-content\/uploads\/2021\/08\/navi1.jpg\",\"contentUrl\":\"https:\/\/tarczynskiarenawroclaw.pl\/wp-content\/uploads\/2021\/08\/navi1.jpg\",\"width\":915,\"height\":610},{\"@type\":\"BreadcrumbList\",\"@id\":\"https:\/\/tarczynskiarenawroclaw.pl\/en\/for-business\/office-spaces\/#breadcrumb\",\"itemListElement\":[{\"@type\":\"ListItem\",\"position\":1,\"name\":\"Strona g\u0142\u00f3wna\",\"item\":\"https:\/\/tarczynskiarenawroclaw.pl\/en\/\"},{\"@type\":\"ListItem\",\"position\":2,\"name\":\"For business\",\"item\":\"https:\/\/tarczynskiarenawroclaw.pl\/en\/for-business\/\"},{\"@type\":\"ListItem\",\"position\":3,\"name\":\"Office spaces\"}]},{\"@type\":\"WebSite\",\"@id\":\"https:\/\/tarczynskiarenawroclaw.pl\/#website\",\"url\":\"https:\/\/tarczynskiarenawroclaw.pl\/\",\"name\":\"Tarczy\u0144ski Arena Wroc\u0142aw\",\"description\":\"Stadion Miejski we Wroc\u0142awiu\",\"publisher\":{\"@id\":\"https:\/\/tarczynskiarenawroclaw.pl\/#organization\"},\"potentialAction\":[{\"@type\":\"SearchAction\",\"target\":{\"@type\":\"EntryPoint\",\"urlTemplate\":\"https:\/\/tarczynskiarenawroclaw.pl\/?s={search_term_string}\"},\"query-input\":{\"@type\":\"PropertyValueSpecification\",\"valueRequired\":true,\"valueName\":\"search_term_string\"}}],\"inLanguage\":\"en-US\"},{\"@type\":\"Organization\",\"@id\":\"https:\/\/tarczynskiarenawroclaw.pl\/#organization\",\"name\":\"Stadion Wroc\u0142aw\",\"url\":\"https:\/\/tarczynskiarenawroclaw.pl\/\",\"logo\":{\"@type\":\"ImageObject\",\"inLanguage\":\"en-US\",\"@id\":\"https:\/\/tarczynskiarenawroclaw.pl\/#\/schema\/logo\/image\/\",\"url\":\"https:\/\/stadionwroclaw.pl\/wp-content\/uploads\/2021\/08\/favicon-stadion-wroclaw.png\",\"contentUrl\":\"https:\/\/stadionwroclaw.pl\/wp-content\/uploads\/2021\/08\/favicon-stadion-wroclaw.png\",\"width\":512,\"height\":512,\"caption\":\"Stadion Wroc\u0142aw\"},\"image\":{\"@id\":\"https:\/\/tarczynskiarenawroclaw.pl\/#\/schema\/logo\/image\/\"}}]}<\/script>\n<!-- \/ Yoast SEO plugin. -->","yoast_head_json":{"title":"Office spaces &#8211; Tarczy\u0144ski Arena Wroc\u0142aw","description":"Office Spaces at Wroclaw Stadium is a&nbsp;guarantee of high class standards and excellent location for your company. It is also easily accessible from","robots":{"index":"index","follow":"follow","max-snippet":"max-snippet:-1","max-image-preview":"max-image-preview:large","max-video-preview":"max-video-preview:-1"},"canonical":"https:\/\/tarczynskiarenawroclaw.pl\/en\/for-business\/office-spaces\/","og_locale":"en_US","og_type":"article","og_title":"Office spaces &#8211; Tarczy\u0144ski Arena Wroc\u0142aw","og_description":"Office Spaces at Wroclaw Stadium is a&nbsp;guarantee of high class standards and excellent location for your company. It is also easily accessible from","og_url":"https:\/\/tarczynskiarenawroclaw.pl\/en\/for-business\/office-spaces\/","og_site_name":"Tarczy\u0144ski Arena Wroc\u0142aw","article_modified_time":"2021-09-14T08:22:53+00:00","og_image":[{"width":915,"height":610,"url":"https:\/\/tarczynskiarenawroclaw.pl\/wp-content\/uploads\/2021\/08\/navi1.jpg","type":"image\/jpeg"}],"twitter_card":"summary_large_image","twitter_misc":{"Est. reading time":"2 minutes"},"schema":{"@context":"https:\/\/schema.org","@graph":[{"@type":"WebPage","@id":"https:\/\/tarczynskiarenawroclaw.pl\/en\/for-business\/office-spaces\/","url":"https:\/\/tarczynskiarenawroclaw.pl\/en\/for-business\/office-spaces\/","name":"Office spaces &#8211; Tarczy\u0144ski Arena Wroc\u0142aw","isPartOf":{"@id":"https:\/\/tarczynskiarenawroclaw.pl\/#website"},"primaryImageOfPage":{"@id":"https:\/\/tarczynskiarenawroclaw.pl\/en\/for-business\/office-spaces\/#primaryimage"},"image":{"@id":"https:\/\/tarczynskiarenawroclaw.pl\/en\/for-business\/office-spaces\/#primaryimage"},"thumbnailUrl":"https:\/\/tarczynskiarenawroclaw.pl\/wp-content\/uploads\/2021\/08\/navi1.jpg","datePublished":"2021-08-31T09:37:48+00:00","dateModified":"2021-09-14T08:22:53+00:00","description":"Office Spaces at Wroclaw Stadium is a&nbsp;guarantee of high class standards and excellent location for your company. It is also easily accessible from","breadcrumb":{"@id":"https:\/\/tarczynskiarenawroclaw.pl\/en\/for-business\/office-spaces\/#breadcrumb"},"inLanguage":"en-US","potentialAction":[{"@type":"ReadAction","target":["https:\/\/tarczynskiarenawroclaw.pl\/en\/for-business\/office-spaces\/"]}]},{"@type":"ImageObject","inLanguage":"en-US","@id":"https:\/\/tarczynskiarenawroclaw.pl\/en\/for-business\/office-spaces\/#primaryimage","url":"https:\/\/tarczynskiarenawroclaw.pl\/wp-content\/uploads\/2021\/08\/navi1.jpg","contentUrl":"https:\/\/tarczynskiarenawroclaw.pl\/wp-content\/uploads\/2021\/08\/navi1.jpg","width":915,"height":610},{"@type":"BreadcrumbList","@id":"https:\/\/tarczynskiarenawroclaw.pl\/en\/for-business\/office-spaces\/#breadcrumb","itemListElement":[{"@type":"ListItem","position":1,"name":"Strona g\u0142\u00f3wna","item":"https:\/\/tarczynskiarenawroclaw.pl\/en\/"},{"@type":"ListItem","position":2,"name":"For business","item":"https:\/\/tarczynskiarenawroclaw.pl\/en\/for-business\/"},{"@type":"ListItem","position":3,"name":"Office spaces"}]},{"@type":"WebSite","@id":"https:\/\/tarczynskiarenawroclaw.pl\/#website","url":"https:\/\/tarczynskiarenawroclaw.pl\/","name":"Tarczy\u0144ski Arena Wroc\u0142aw","description":"Stadion Miejski we Wroc\u0142awiu","publisher":{"@id":"https:\/\/tarczynskiarenawroclaw.pl\/#organization"},"potentialAction":[{"@type":"SearchAction","target":{"@type":"EntryPoint","urlTemplate":"https:\/\/tarczynskiarenawroclaw.pl\/?s={search_term_string}"},"query-input":{"@type":"PropertyValueSpecification","valueRequired":true,"valueName":"search_term_string"}}],"inLanguage":"en-US"},{"@type":"Organization","@id":"https:\/\/tarczynskiarenawroclaw.pl\/#organization","name":"Stadion Wroc\u0142aw","url":"https:\/\/tarczynskiarenawroclaw.pl\/","logo":{"@type":"ImageObject","inLanguage":"en-US","@id":"https:\/\/tarczynskiarenawroclaw.pl\/#\/schema\/logo\/image\/","url":"https:\/\/stadionwroclaw.pl\/wp-content\/uploads\/2021\/08\/favicon-stadion-wroclaw.png","contentUrl":"https:\/\/stadionwroclaw.pl\/wp-content\/uploads\/2021\/08\/favicon-stadion-wroclaw.png","width":512,"height":512,"caption":"Stadion Wroc\u0142aw"},"image":{"@id":"https:\/\/tarczynskiarenawroclaw.pl\/#\/schema\/logo\/image\/"}}]}},"coauthors":[],"author_meta":{"author_link":"https:\/\/tarczynskiarenawroclaw.pl\/en\/author\/sw-admin\/","display_name":"WLM"},"relative_dates":{"created":"Posted 5 years ago","modified":"Updated 5 years ago"},"absolute_dates":{"created":"Posted on 31.08.2021","modified":"Updated on 14.09.2021"},"absolute_dates_time":{"created":"Posted on 31.08.2021 11:37","modified":"Updated on 14.09.2021 10:22"},"featured_img_caption":"","featured_img":"https:\/\/tarczynskiarenawroclaw.pl\/wp-content\/uploads\/2021\/08\/navi1-825x510.jpg","series_order":"","_links":{"self":[{"href":"https:\/\/tarczynskiarenawroclaw.pl\/en\/wp-json\/wp\/v2\/pages\/9909","targetHints":{"allow":["GET"]}}],"collection":[{"href":"https:\/\/tarczynskiarenawroclaw.pl\/en\/wp-json\/wp\/v2\/pages"}],"about":[{"href":"https:\/\/tarczynskiarenawroclaw.pl\/en\/wp-json\/wp\/v2\/types\/page"}],"author":[{"embeddable":true,"href":"https:\/\/tarczynskiarenawroclaw.pl\/en\/wp-json\/wp\/v2\/users\/1"}],"replies":[{"embeddable":true,"href":"https:\/\/tarczynskiarenawroclaw.pl\/en\/wp-json\/wp\/v2\/comments?post=9909"}],"version-history":[{"count":0,"href":"https:\/\/tarczynskiarenawroclaw.pl\/en\/wp-json\/wp\/v2\/pages\/9909\/revisions"}],"up":[{"embeddable":true,"href":"https:\/\/tarczynskiarenawroclaw.pl\/en\/wp-json\/wp\/v2\/pages\/9960"}],"wp:featuredmedia":[{"embeddable":true,"href":"https:\/\/tarczynskiarenawroclaw.pl\/en\/wp-json\/wp\/v2\/media\/9688"}],"wp:attachment":[{"href":"https:\/\/tarczynskiarenawroclaw.pl\/en\/wp-json\/wp\/v2\/media?parent=9909"}],"curies":[{"name":"wp","href":"https:\/\/api.w.org\/{rel}","templated":true}]}}