{"id":9911,"date":"2021-08-31T11:43:23","date_gmt":"2021-08-31T09:43:23","guid":{"rendered":"https:\/\/tarczynskiarenawroclaw.pl\/?page_id=9911"},"modified":"2024-12-27T11:09:06","modified_gmt":"2024-12-27T10:09:06","slug":"advertising-possibilities","status":"publish","type":"page","link":"https:\/\/tarczynskiarenawroclaw.pl\/en\/services\/advertising-possibilities\/","title":{"rendered":"Advertising possibilities"},"content":{"rendered":"\n<div class=\"wp-block-columns is-layout-flex wp-container-core-columns-is-layout-9d6595d7 wp-block-columns-is-layout-flex\">\n<div class=\"wp-block-column is-layout-flow wp-block-column-is-layout-flow\">\n<p>There are many types of media available at Tarczy\u0144ski Arena Wroc\u0142aw, as well as advertising space for your company.&nbsp;In order to receive an offer adapted to your individual needs, please contact us.&nbsp;We guarantee:<\/p>\n\n\n\n<ul class=\"wp-block-list\">\n<li>nearly 30 types of media types,<\/li>\n\n\n\n<li>individual advertising packages,<\/li>\n\n\n\n<li>the possibility of promotional campaigns at the Stadium,<\/li>\n\n\n\n<li>advertising exposition during events.<\/li>\n<\/ul>\n<\/div>\n\n\n\n<div class=\"wp-block-column is-layout-flow wp-block-column-is-layout-flow\">\n<figure class=\"wp-block-image size-full\"><img loading=\"lazy\" decoding=\"async\" width=\"695\" height=\"314\" src=\"https:\/\/tarczynskiarenawroclaw.pl\/wp-content\/uploads\/2022\/05\/megalight-1-kopia-1.jpg\" alt=\"wizualizacja megalighty stadion wroc\u0142aw\" class=\"wp-image-13000\"\/><\/figure>\n<\/div>\n<\/div>\n\n\n\n<figure class=\"wp-block-gallery has-nested-images columns-5 is-cropped wp-block-gallery-1 is-layout-flex wp-block-gallery-is-layout-flex\">\n<figure class=\"wp-block-image size-large\"><a href=\"https:\/\/tarczynskiarenawroclaw.pl\/wp-content\/uploads\/2022\/05\/citylight-3.jpg\"><img loading=\"lazy\" decoding=\"async\" width=\"467\" height=\"314\" data-id=\"12993\" src=\"https:\/\/tarczynskiarenawroclaw.pl\/wp-content\/uploads\/2022\/05\/citylight-3.jpg\" alt=\"wizualizacja citylight tarczy\u0144ski arena\" class=\"wp-image-12993\"\/><\/a><\/figure>\n\n\n\n<figure class=\"wp-block-image size-large\"><a href=\"https:\/\/tarczynskiarenawroclaw.pl\/wp-content\/uploads\/2022\/05\/citylight-1-edited-scaled.jpg\"><img loading=\"lazy\" decoding=\"async\" width=\"2560\" height=\"2514\" data-id=\"13024\" src=\"https:\/\/tarczynskiarenawroclaw.pl\/wp-content\/uploads\/2022\/05\/citylight-1-edited-scaled.jpg\" alt=\"citylight tarczy\u0144ski arena wroc\u0142aw\" class=\"wp-image-13024\"\/><\/a><\/figure>\n\n\n\n<figure class=\"wp-block-image size-large\"><a href=\"https:\/\/tarczynskiarenawroclaw.pl\/wp-content\/uploads\/2022\/05\/tv-1-kopia.jpg\"><img loading=\"lazy\" decoding=\"async\" width=\"695\" height=\"314\" data-id=\"12998\" src=\"https:\/\/tarczynskiarenawroclaw.pl\/wp-content\/uploads\/2022\/05\/tv-1-kopia.jpg\" alt=\"\" class=\"wp-image-12998\"\/><\/a><\/figure>\n\n\n\n<figure class=\"wp-block-image size-large\"><a href=\"https:\/\/tarczynskiarenawroclaw.pl\/wp-content\/uploads\/2022\/05\/flagi-2-edited-2-1024x756.jpg\"><img loading=\"lazy\" decoding=\"async\" width=\"1024\" height=\"756\" data-id=\"13018\" src=\"https:\/\/tarczynskiarenawroclaw.pl\/wp-content\/uploads\/2022\/05\/flagi-2-edited-2-1024x756.jpg\" alt=\"\" class=\"wp-image-13018\"\/><\/a><\/figure>\n\n\n\n<figure class=\"wp-block-image size-large\"><a href=\"https:\/\/tarczynskiarenawroclaw.pl\/wp-content\/uploads\/2022\/05\/IMG_0115-1024x547.jpg\"><img loading=\"lazy\" decoding=\"async\" width=\"1024\" height=\"547\" data-id=\"13006\" src=\"https:\/\/tarczynskiarenawroclaw.pl\/wp-content\/uploads\/2022\/05\/IMG_0115-1024x547.jpg\" alt=\"\" class=\"wp-image-13006\"\/><\/a><\/figure>\n<\/figure>\n\n\n\n<div style=\"height:60px\" aria-hidden=\"true\" class=\"wp-block-spacer\"><\/div>\n\n\n\n<div class=\"wp-block-group is-layout-constrained wp-container-core-group-is-layout-54f804ee wp-block-group-is-layout-constrained advgb-dyn-8e4a7768\">\n<h3 class=\"wp-block-heading has-text-align-center advgb-dyn-5591757a\"><strong>CONTACT US<\/strong><\/h3>\n\n\n\n<div class=\"wp-block-buttons is-horizontal is-content-justification-center is-layout-flex wp-container-core-buttons-is-layout-499968f5 wp-block-buttons-is-layout-flex advgb-dyn-5e5a4c85\">\n<div class=\"wp-block-button is-style-fill advgb-dyn-f19740bc\"><a class=\"wp-block-button__link wp-element-button\" href=\"https:\/\/tarczynskiarenawroclaw.pl\/en\/contact\/\">CONTACT US&nbsp;<\/a><\/div>\n<\/div>\n\n\n\n<div style=\"height:20px\" aria-hidden=\"true\" class=\"wp-block-spacer\"><\/div>\n\n\n\n<p class=\"has-text-align-center\">Write to us or leave contact here: <strong><a href=\"mailto:eventy@stadionwroclaw.pl\">eventy@stadionwroclaw.pl<\/a><\/strong><\/p>\n<\/div>\n\n\n\n\n","protected":false},"excerpt":{"rendered":"<p>There are many types of media available at Tarczy\u0144ski Arena Wroc\u0142aw, as well&#8230;<\/p>\n","protected":false},"author":1,"featured_media":10229,"parent":9863,"menu_order":102,"comment_status":"closed","ping_status":"closed","template":"","meta":{"advgb_blocks_editor_width":"","advgb_blocks_columns_visual_guide":"","footnotes":""},"class_list":["post-9911","page","type-page","status-publish","has-post-thumbnail","hentry"],"yoast_head":"<!-- This site is optimized with the Yoast SEO plugin v27.4 - https:\/\/yoast.com\/product\/yoast-seo-wordpress\/ -->\n<title>Advertising possibilities &#8211; Tarczy\u0144ski Arena Wroc\u0142aw<\/title>\n<meta name=\"description\" content=\"There are many types of media available at Tarczy\u0144ski Arena Wroc\u0142aw, as well as advertising space for your company.&nbsp;In order to receive an offer\" \/>\n<meta name=\"robots\" content=\"index, follow, max-snippet:-1, max-image-preview:large, max-video-preview:-1\" \/>\n<link rel=\"canonical\" href=\"https:\/\/tarczynskiarenawroclaw.pl\/en\/services\/advertising-possibilities\/\" \/>\n<meta property=\"og:locale\" content=\"en_US\" \/>\n<meta property=\"og:type\" content=\"article\" \/>\n<meta property=\"og:title\" content=\"Advertising possibilities &#8211; Tarczy\u0144ski Arena Wroc\u0142aw\" \/>\n<meta property=\"og:description\" content=\"There are many types of media available at Tarczy\u0144ski Arena Wroc\u0142aw, as well as advertising space for your company.&nbsp;In order to receive an offer\" \/>\n<meta property=\"og:url\" content=\"https:\/\/tarczynskiarenawroclaw.pl\/en\/services\/advertising-possibilities\/\" \/>\n<meta property=\"og:site_name\" content=\"Tarczy\u0144ski Arena Wroc\u0142aw\" \/>\n<meta property=\"article:modified_time\" content=\"2024-12-27T10:09:06+00:00\" \/>\n<meta property=\"og:image\" content=\"https:\/\/tarczynskiarenawroclaw.pl\/wp-content\/uploads\/2021\/09\/uslugi-thimb.jpg\" \/>\n\t<meta property=\"og:image:width\" content=\"330\" \/>\n\t<meta property=\"og:image:height\" content=\"330\" \/>\n\t<meta property=\"og:image:type\" content=\"image\/jpeg\" \/>\n<meta name=\"twitter:card\" content=\"summary_large_image\" \/>\n<meta name=\"twitter:label1\" content=\"Est. reading time\" \/>\n\t<meta name=\"twitter:data1\" content=\"2 minutes\" \/>\n<script type=\"application\/ld+json\" class=\"yoast-schema-graph\">{\"@context\":\"https:\\\/\\\/schema.org\",\"@graph\":[{\"@type\":\"WebPage\",\"@id\":\"https:\\\/\\\/tarczynskiarenawroclaw.pl\\\/en\\\/services\\\/advertising-possibilities\\\/\",\"url\":\"https:\\\/\\\/tarczynskiarenawroclaw.pl\\\/en\\\/services\\\/advertising-possibilities\\\/\",\"name\":\"Advertising possibilities &#8211; Tarczy\u0144ski Arena Wroc\u0142aw\",\"isPartOf\":{\"@id\":\"https:\\\/\\\/tarczynskiarenawroclaw.pl\\\/#website\"},\"primaryImageOfPage\":{\"@id\":\"https:\\\/\\\/tarczynskiarenawroclaw.pl\\\/en\\\/services\\\/advertising-possibilities\\\/#primaryimage\"},\"image\":{\"@id\":\"https:\\\/\\\/tarczynskiarenawroclaw.pl\\\/en\\\/services\\\/advertising-possibilities\\\/#primaryimage\"},\"thumbnailUrl\":\"https:\\\/\\\/tarczynskiarenawroclaw.pl\\\/wp-content\\\/uploads\\\/2021\\\/09\\\/uslugi-thimb.jpg\",\"datePublished\":\"2021-08-31T09:43:23+00:00\",\"dateModified\":\"2024-12-27T10:09:06+00:00\",\"description\":\"There are many types of media available at Tarczy\u0144ski Arena Wroc\u0142aw, as well as advertising space for your company.&nbsp;In order to receive an offer\",\"breadcrumb\":{\"@id\":\"https:\\\/\\\/tarczynskiarenawroclaw.pl\\\/en\\\/services\\\/advertising-possibilities\\\/#breadcrumb\"},\"inLanguage\":\"en-US\",\"potentialAction\":[{\"@type\":\"ReadAction\",\"target\":[\"https:\\\/\\\/tarczynskiarenawroclaw.pl\\\/en\\\/services\\\/advertising-possibilities\\\/\"]}]},{\"@type\":\"ImageObject\",\"inLanguage\":\"en-US\",\"@id\":\"https:\\\/\\\/tarczynskiarenawroclaw.pl\\\/en\\\/services\\\/advertising-possibilities\\\/#primaryimage\",\"url\":\"https:\\\/\\\/tarczynskiarenawroclaw.pl\\\/wp-content\\\/uploads\\\/2021\\\/09\\\/uslugi-thimb.jpg\",\"contentUrl\":\"https:\\\/\\\/tarczynskiarenawroclaw.pl\\\/wp-content\\\/uploads\\\/2021\\\/09\\\/uslugi-thimb.jpg\",\"width\":330,\"height\":330},{\"@type\":\"BreadcrumbList\",\"@id\":\"https:\\\/\\\/tarczynskiarenawroclaw.pl\\\/en\\\/services\\\/advertising-possibilities\\\/#breadcrumb\",\"itemListElement\":[{\"@type\":\"ListItem\",\"position\":1,\"name\":\"Strona g\u0142\u00f3wna\",\"item\":\"https:\\\/\\\/tarczynskiarenawroclaw.pl\\\/en\\\/\"},{\"@type\":\"ListItem\",\"position\":2,\"name\":\"Services\",\"item\":\"https:\\\/\\\/tarczynskiarenawroclaw.pl\\\/en\\\/services\\\/\"},{\"@type\":\"ListItem\",\"position\":3,\"name\":\"Advertising possibilities\"}]},{\"@type\":\"WebSite\",\"@id\":\"https:\\\/\\\/tarczynskiarenawroclaw.pl\\\/#website\",\"url\":\"https:\\\/\\\/tarczynskiarenawroclaw.pl\\\/\",\"name\":\"Tarczy\u0144ski Arena Wroc\u0142aw\",\"description\":\"Stadion Miejski we Wroc\u0142awiu\",\"publisher\":{\"@id\":\"https:\\\/\\\/tarczynskiarenawroclaw.pl\\\/#organization\"},\"potentialAction\":[{\"@type\":\"SearchAction\",\"target\":{\"@type\":\"EntryPoint\",\"urlTemplate\":\"https:\\\/\\\/tarczynskiarenawroclaw.pl\\\/?s={search_term_string}\"},\"query-input\":{\"@type\":\"PropertyValueSpecification\",\"valueRequired\":true,\"valueName\":\"search_term_string\"}}],\"inLanguage\":\"en-US\"},{\"@type\":\"Organization\",\"@id\":\"https:\\\/\\\/tarczynskiarenawroclaw.pl\\\/#organization\",\"name\":\"Stadion Wroc\u0142aw\",\"url\":\"https:\\\/\\\/tarczynskiarenawroclaw.pl\\\/\",\"logo\":{\"@type\":\"ImageObject\",\"inLanguage\":\"en-US\",\"@id\":\"https:\\\/\\\/tarczynskiarenawroclaw.pl\\\/#\\\/schema\\\/logo\\\/image\\\/\",\"url\":\"https:\\\/\\\/stadionwroclaw.pl\\\/wp-content\\\/uploads\\\/2021\\\/08\\\/favicon-stadion-wroclaw.png\",\"contentUrl\":\"https:\\\/\\\/stadionwroclaw.pl\\\/wp-content\\\/uploads\\\/2021\\\/08\\\/favicon-stadion-wroclaw.png\",\"width\":512,\"height\":512,\"caption\":\"Stadion Wroc\u0142aw\"},\"image\":{\"@id\":\"https:\\\/\\\/tarczynskiarenawroclaw.pl\\\/#\\\/schema\\\/logo\\\/image\\\/\"}}]}<\/script>\n<!-- \/ Yoast SEO plugin. -->","yoast_head_json":{"title":"Advertising possibilities &#8211; Tarczy\u0144ski Arena Wroc\u0142aw","description":"There are many types of media available at Tarczy\u0144ski Arena Wroc\u0142aw, as well as advertising space for your company.&nbsp;In order to receive an offer","robots":{"index":"index","follow":"follow","max-snippet":"max-snippet:-1","max-image-preview":"max-image-preview:large","max-video-preview":"max-video-preview:-1"},"canonical":"https:\/\/tarczynskiarenawroclaw.pl\/en\/services\/advertising-possibilities\/","og_locale":"en_US","og_type":"article","og_title":"Advertising possibilities &#8211; Tarczy\u0144ski Arena Wroc\u0142aw","og_description":"There are many types of media available at Tarczy\u0144ski Arena Wroc\u0142aw, as well as advertising space for your company.&nbsp;In order to receive an offer","og_url":"https:\/\/tarczynskiarenawroclaw.pl\/en\/services\/advertising-possibilities\/","og_site_name":"Tarczy\u0144ski Arena Wroc\u0142aw","article_modified_time":"2024-12-27T10:09:06+00:00","og_image":[{"width":330,"height":330,"url":"https:\/\/tarczynskiarenawroclaw.pl\/wp-content\/uploads\/2021\/09\/uslugi-thimb.jpg","type":"image\/jpeg"}],"twitter_card":"summary_large_image","twitter_misc":{"Est. reading time":"2 minutes"},"schema":{"@context":"https:\/\/schema.org","@graph":[{"@type":"WebPage","@id":"https:\/\/tarczynskiarenawroclaw.pl\/en\/services\/advertising-possibilities\/","url":"https:\/\/tarczynskiarenawroclaw.pl\/en\/services\/advertising-possibilities\/","name":"Advertising possibilities &#8211; Tarczy\u0144ski Arena Wroc\u0142aw","isPartOf":{"@id":"https:\/\/tarczynskiarenawroclaw.pl\/#website"},"primaryImageOfPage":{"@id":"https:\/\/tarczynskiarenawroclaw.pl\/en\/services\/advertising-possibilities\/#primaryimage"},"image":{"@id":"https:\/\/tarczynskiarenawroclaw.pl\/en\/services\/advertising-possibilities\/#primaryimage"},"thumbnailUrl":"https:\/\/tarczynskiarenawroclaw.pl\/wp-content\/uploads\/2021\/09\/uslugi-thimb.jpg","datePublished":"2021-08-31T09:43:23+00:00","dateModified":"2024-12-27T10:09:06+00:00","description":"There are many types of media available at Tarczy\u0144ski Arena Wroc\u0142aw, as well as advertising space for your company.&nbsp;In order to receive an offer","breadcrumb":{"@id":"https:\/\/tarczynskiarenawroclaw.pl\/en\/services\/advertising-possibilities\/#breadcrumb"},"inLanguage":"en-US","potentialAction":[{"@type":"ReadAction","target":["https:\/\/tarczynskiarenawroclaw.pl\/en\/services\/advertising-possibilities\/"]}]},{"@type":"ImageObject","inLanguage":"en-US","@id":"https:\/\/tarczynskiarenawroclaw.pl\/en\/services\/advertising-possibilities\/#primaryimage","url":"https:\/\/tarczynskiarenawroclaw.pl\/wp-content\/uploads\/2021\/09\/uslugi-thimb.jpg","contentUrl":"https:\/\/tarczynskiarenawroclaw.pl\/wp-content\/uploads\/2021\/09\/uslugi-thimb.jpg","width":330,"height":330},{"@type":"BreadcrumbList","@id":"https:\/\/tarczynskiarenawroclaw.pl\/en\/services\/advertising-possibilities\/#breadcrumb","itemListElement":[{"@type":"ListItem","position":1,"name":"Strona g\u0142\u00f3wna","item":"https:\/\/tarczynskiarenawroclaw.pl\/en\/"},{"@type":"ListItem","position":2,"name":"Services","item":"https:\/\/tarczynskiarenawroclaw.pl\/en\/services\/"},{"@type":"ListItem","position":3,"name":"Advertising possibilities"}]},{"@type":"WebSite","@id":"https:\/\/tarczynskiarenawroclaw.pl\/#website","url":"https:\/\/tarczynskiarenawroclaw.pl\/","name":"Tarczy\u0144ski Arena Wroc\u0142aw","description":"Stadion Miejski we Wroc\u0142awiu","publisher":{"@id":"https:\/\/tarczynskiarenawroclaw.pl\/#organization"},"potentialAction":[{"@type":"SearchAction","target":{"@type":"EntryPoint","urlTemplate":"https:\/\/tarczynskiarenawroclaw.pl\/?s={search_term_string}"},"query-input":{"@type":"PropertyValueSpecification","valueRequired":true,"valueName":"search_term_string"}}],"inLanguage":"en-US"},{"@type":"Organization","@id":"https:\/\/tarczynskiarenawroclaw.pl\/#organization","name":"Stadion Wroc\u0142aw","url":"https:\/\/tarczynskiarenawroclaw.pl\/","logo":{"@type":"ImageObject","inLanguage":"en-US","@id":"https:\/\/tarczynskiarenawroclaw.pl\/#\/schema\/logo\/image\/","url":"https:\/\/stadionwroclaw.pl\/wp-content\/uploads\/2021\/08\/favicon-stadion-wroclaw.png","contentUrl":"https:\/\/stadionwroclaw.pl\/wp-content\/uploads\/2021\/08\/favicon-stadion-wroclaw.png","width":512,"height":512,"caption":"Stadion Wroc\u0142aw"},"image":{"@id":"https:\/\/tarczynskiarenawroclaw.pl\/#\/schema\/logo\/image\/"}}]}},"coauthors":[],"author_meta":{"author_link":"https:\/\/tarczynskiarenawroclaw.pl\/en\/author\/sw-admin\/","display_name":"WLM"},"relative_dates":{"created":"Posted 5 years ago","modified":"Updated 1 year ago"},"absolute_dates":{"created":"Posted on 31.08.2021","modified":"Updated on 27.12.2024"},"absolute_dates_time":{"created":"Posted on 31.08.2021 11:43","modified":"Updated on 27.12.2024 11:09"},"featured_img_caption":"","featured_img":"https:\/\/tarczynskiarenawroclaw.pl\/wp-content\/uploads\/2021\/09\/uslugi-thimb.jpg","series_order":"","_links":{"self":[{"href":"https:\/\/tarczynskiarenawroclaw.pl\/en\/wp-json\/wp\/v2\/pages\/9911","targetHints":{"allow":["GET"]}}],"collection":[{"href":"https:\/\/tarczynskiarenawroclaw.pl\/en\/wp-json\/wp\/v2\/pages"}],"about":[{"href":"https:\/\/tarczynskiarenawroclaw.pl\/en\/wp-json\/wp\/v2\/types\/page"}],"author":[{"embeddable":true,"href":"https:\/\/tarczynskiarenawroclaw.pl\/en\/wp-json\/wp\/v2\/users\/1"}],"replies":[{"embeddable":true,"href":"https:\/\/tarczynskiarenawroclaw.pl\/en\/wp-json\/wp\/v2\/comments?post=9911"}],"version-history":[{"count":1,"href":"https:\/\/tarczynskiarenawroclaw.pl\/en\/wp-json\/wp\/v2\/pages\/9911\/revisions"}],"predecessor-version":[{"id":16287,"href":"https:\/\/tarczynskiarenawroclaw.pl\/en\/wp-json\/wp\/v2\/pages\/9911\/revisions\/16287"}],"up":[{"embeddable":true,"href":"https:\/\/tarczynskiarenawroclaw.pl\/en\/wp-json\/wp\/v2\/pages\/9863"}],"wp:featuredmedia":[{"embeddable":true,"href":"https:\/\/tarczynskiarenawroclaw.pl\/en\/wp-json\/wp\/v2\/media\/10229"}],"wp:attachment":[{"href":"https:\/\/tarczynskiarenawroclaw.pl\/en\/wp-json\/wp\/v2\/media?parent=9911"}],"curies":[{"name":"wp","href":"https:\/\/api.w.org\/{rel}","templated":true}]}}