{"id":9922,"date":"2021-09-01T12:50:29","date_gmt":"2021-09-01T10:50:29","guid":{"rendered":"https:\/\/tarczynskiarenawroclaw.pl\/?page_id=9922"},"modified":"2021-09-28T15:48:17","modified_gmt":"2021-09-28T13:48:17","slug":"calendar-of-key-events","status":"publish","type":"page","link":"https:\/\/tarczynskiarenawroclaw.pl\/en\/stadion\/calendar-of-key-events\/","title":{"rendered":"Calendar of key events"},"content":{"rendered":"\n<div class=\"wp-block-buttons btn is-layout-flex wp-block-buttons-is-layout-flex\">\n<div class=\"wp-block-button\"><a class=\"wp-block-button__link\" href=\"https:\/\/tarczynskiarenawroclaw.pl\/en\/stadion\/galeria\/\"> <strong>SEE THE GALLERY<\/strong> <\/a><\/div>\n<\/div>\n\n\n\n<div style=\"height:25px\" aria-hidden=\"true\" class=\"wp-block-spacer\"><\/div>\n\n\n\n<p>The Wroclaw Stadium is a modern and multi-functional sports and entertainment facility.&nbsp;From the opening events and the European Football Championship EURO 2012 to the matches of the Polish National Team, WKS \u015al\u0105ska Wroc\u0142aw, concerts of famous stars and great shows.&nbsp;See the history of events at Stadion Wroclaw from 2011.<\/p>\n\n\n\n<p><strong><strong>Calendar of key events:<\/strong><\/strong><\/p>\n\n\n\n<p>2011 September \u2013 Boxing Fight XXI W. Adamek vs Klitschko<\/p>\n\n\n\n<p>2011 September \u2013 The Concert of George Michael Symphonica \u2013 Grand Opening of Wroclaw Stadium<\/p>\n\n\n\n<p>2011 October \u2013 Monster Truck Show<\/p>\n\n\n\n<p>2011 October \u2013 beginning of the leauge match games of WKS \u015al\u0105sk Wroc\u0142aw at Wroclaw Stadium<\/p>\n\n\n\n<p>2011 November \u2013 Match: Poland \u2013 Italy<\/p>\n\n\n\n<p>2012 June- European Football Championship UEFA EURO 2012<\/p>\n\n\n\n<p>2012 July \u2013 Rock In Wroc\u0142aw Festiwal<\/p>\n\n\n\n<p>2012 July \u2013 Polish Masters<\/p>\n\n\n\n<p>2012 Spetember \u2013 Match: Poland \u2013 Moldova<\/p>\n\n\n\n<p>2012 October \u2013 Match: Japan \u2013 Brasil<\/p>\n\n\n\n<p>2013 November \u2013 Match: Poland \u2013 Solvakia<\/p>\n\n\n\n<p>2014 June \u2013 Linkin Park Concert<\/p>\n\n\n\n<p>2014 June \u2013 Monster X Tour<\/p>\n\n\n\n<p>2014 June \u2013 Wromantic Festiwal<\/p>\n\n\n\n<p>2014 November \u2013 Match: Poland \u2013 Switzerland<\/p>\n\n\n\n<p>2015 June \u2013 \u201cAllow from 18+\u201d Concert<\/p>\n\n\n\n<p>2015 June \u2013 Andrea Bocelli Concert<\/p>\n\n\n\n<p>2015 July \u2013 X SuperFinal of American Football<\/p>\n\n\n\n<p>2015 November \u2013 Match: Poland \u2013 Czech Republic<\/p>\n\n\n\n<p>2016 March \u2013 Match: Poland \u2013 Finland<\/p>\n\n\n\n<p>2016 June \u2013 Spanish Night with Carmen \u2013 Zarzuela Show<\/p>\n\n\n\n<p>2016 July- Iron Maiden Concert<\/p>\n\n\n\n<p>2016 July- Singing Europe Concert<\/p>\n\n\n\n<p>2016 August \u2013 Capital Of Rock Festival<\/p>\n\n\n\n<p>2016 November \u2013 Match: Poland \u2013 Slovenia<\/p>\n\n\n\n<p>2017 June \u2013 Wroc\u0142aw in the rhythm of disco<\/p>\n\n\n\n<p>2017 July \u2013 The Opening Ceremony of The World Games 2017<\/p>\n\n\n\n<p>2018 March \u2013 Match: Poland \u2013 Nigeria<\/p>\n","protected":false},"excerpt":{"rendered":"<p>The Wroclaw Stadium is a modern and multi-functional sports and entertainment facility.&nbsp;From the&#8230;<\/p>\n","protected":false},"author":1,"featured_media":15007,"parent":7935,"menu_order":92,"comment_status":"closed","ping_status":"closed","template":"","meta":{"advgb_blocks_editor_width":"","advgb_blocks_columns_visual_guide":"","footnotes":""},"class_list":["post-9922","page","type-page","status-publish","has-post-thumbnail","hentry"],"yoast_head":"<!-- This site is optimized with the Yoast SEO plugin v25.9 - https:\/\/yoast.com\/wordpress\/plugins\/seo\/ -->\n<title>Calendar of key events &#8211; Tarczy\u0144ski Arena Wroc\u0142aw<\/title>\n<meta name=\"description\" content=\"SEE THE GALLERY The Wroclaw Stadium is a modern and multi-functional sports and entertainment facility.&nbsp;From the opening events and the European\" \/>\n<meta name=\"robots\" content=\"index, follow, max-snippet:-1, max-image-preview:large, max-video-preview:-1\" \/>\n<link rel=\"canonical\" href=\"https:\/\/tarczynskiarenawroclaw.pl\/en\/stadion\/calendar-of-key-events\/\" \/>\n<meta property=\"og:locale\" content=\"en_US\" \/>\n<meta property=\"og:type\" content=\"article\" \/>\n<meta property=\"og:title\" content=\"Calendar of key events &#8211; Tarczy\u0144ski Arena Wroc\u0142aw\" \/>\n<meta property=\"og:description\" content=\"SEE THE GALLERY The Wroclaw Stadium is a modern and multi-functional sports and entertainment facility.&nbsp;From the opening events and the European\" \/>\n<meta property=\"og:url\" content=\"https:\/\/tarczynskiarenawroclaw.pl\/en\/stadion\/calendar-of-key-events\/\" \/>\n<meta property=\"og:site_name\" content=\"Tarczy\u0144ski Arena Wroc\u0142aw\" \/>\n<meta property=\"article:modified_time\" content=\"2021-09-28T13:48:17+00:00\" \/>\n<meta name=\"twitter:card\" content=\"summary_large_image\" \/>\n<meta name=\"twitter:label1\" content=\"Est. reading time\" \/>\n\t<meta name=\"twitter:data1\" content=\"2 minutes\" \/>\n<script type=\"application\/ld+json\" class=\"yoast-schema-graph\">{\"@context\":\"https:\/\/schema.org\",\"@graph\":[{\"@type\":\"WebPage\",\"@id\":\"https:\/\/tarczynskiarenawroclaw.pl\/en\/stadion\/calendar-of-key-events\/\",\"url\":\"https:\/\/tarczynskiarenawroclaw.pl\/en\/stadion\/calendar-of-key-events\/\",\"name\":\"Calendar of key events &#8211; Tarczy\u0144ski Arena Wroc\u0142aw\",\"isPartOf\":{\"@id\":\"https:\/\/tarczynskiarenawroclaw.pl\/#website\"},\"primaryImageOfPage\":{\"@id\":\"https:\/\/tarczynskiarenawroclaw.pl\/en\/stadion\/calendar-of-key-events\/#primaryimage\"},\"image\":{\"@id\":\"https:\/\/tarczynskiarenawroclaw.pl\/en\/stadion\/calendar-of-key-events\/#primaryimage\"},\"thumbnailUrl\":\"https:\/\/tarczynskiarenawroclaw.pl\/wp-content\/uploads\/2023\/11\/Tarczynski-Arena-Cup2.jpg\",\"datePublished\":\"2021-09-01T10:50:29+00:00\",\"dateModified\":\"2021-09-28T13:48:17+00:00\",\"description\":\"SEE THE GALLERY The Wroclaw Stadium is a modern and multi-functional sports and entertainment facility.&nbsp;From the opening events and the European\",\"breadcrumb\":{\"@id\":\"https:\/\/tarczynskiarenawroclaw.pl\/en\/stadion\/calendar-of-key-events\/#breadcrumb\"},\"inLanguage\":\"en-US\",\"potentialAction\":[{\"@type\":\"ReadAction\",\"target\":[\"https:\/\/tarczynskiarenawroclaw.pl\/en\/stadion\/calendar-of-key-events\/\"]}]},{\"@type\":\"ImageObject\",\"inLanguage\":\"en-US\",\"@id\":\"https:\/\/tarczynskiarenawroclaw.pl\/en\/stadion\/calendar-of-key-events\/#primaryimage\",\"url\":\"https:\/\/tarczynskiarenawroclaw.pl\/wp-content\/uploads\/2023\/11\/Tarczynski-Arena-Cup2.jpg\",\"contentUrl\":\"https:\/\/tarczynskiarenawroclaw.pl\/wp-content\/uploads\/2023\/11\/Tarczynski-Arena-Cup2.jpg\",\"width\":1800,\"height\":1350},{\"@type\":\"BreadcrumbList\",\"@id\":\"https:\/\/tarczynskiarenawroclaw.pl\/en\/stadion\/calendar-of-key-events\/#breadcrumb\",\"itemListElement\":[{\"@type\":\"ListItem\",\"position\":1,\"name\":\"Strona g\u0142\u00f3wna\",\"item\":\"https:\/\/tarczynskiarenawroclaw.pl\/en\/\"},{\"@type\":\"ListItem\",\"position\":2,\"name\":\"Stadium\",\"item\":\"https:\/\/tarczynskiarenawroclaw.pl\/en\/stadion\/\"},{\"@type\":\"ListItem\",\"position\":3,\"name\":\"Calendar of key events\"}]},{\"@type\":\"WebSite\",\"@id\":\"https:\/\/tarczynskiarenawroclaw.pl\/#website\",\"url\":\"https:\/\/tarczynskiarenawroclaw.pl\/\",\"name\":\"Tarczy\u0144ski Arena Wroc\u0142aw\",\"description\":\"Stadion Miejski we Wroc\u0142awiu\",\"publisher\":{\"@id\":\"https:\/\/tarczynskiarenawroclaw.pl\/#organization\"},\"potentialAction\":[{\"@type\":\"SearchAction\",\"target\":{\"@type\":\"EntryPoint\",\"urlTemplate\":\"https:\/\/tarczynskiarenawroclaw.pl\/?s={search_term_string}\"},\"query-input\":{\"@type\":\"PropertyValueSpecification\",\"valueRequired\":true,\"valueName\":\"search_term_string\"}}],\"inLanguage\":\"en-US\"},{\"@type\":\"Organization\",\"@id\":\"https:\/\/tarczynskiarenawroclaw.pl\/#organization\",\"name\":\"Stadion Wroc\u0142aw\",\"url\":\"https:\/\/tarczynskiarenawroclaw.pl\/\",\"logo\":{\"@type\":\"ImageObject\",\"inLanguage\":\"en-US\",\"@id\":\"https:\/\/tarczynskiarenawroclaw.pl\/#\/schema\/logo\/image\/\",\"url\":\"https:\/\/stadionwroclaw.pl\/wp-content\/uploads\/2021\/08\/favicon-stadion-wroclaw.png\",\"contentUrl\":\"https:\/\/stadionwroclaw.pl\/wp-content\/uploads\/2021\/08\/favicon-stadion-wroclaw.png\",\"width\":512,\"height\":512,\"caption\":\"Stadion Wroc\u0142aw\"},\"image\":{\"@id\":\"https:\/\/tarczynskiarenawroclaw.pl\/#\/schema\/logo\/image\/\"}}]}<\/script>\n<!-- \/ Yoast SEO plugin. -->","yoast_head_json":{"title":"Calendar of key events &#8211; Tarczy\u0144ski Arena Wroc\u0142aw","description":"SEE THE GALLERY The Wroclaw Stadium is a modern and multi-functional sports and entertainment facility.&nbsp;From the opening events and the European","robots":{"index":"index","follow":"follow","max-snippet":"max-snippet:-1","max-image-preview":"max-image-preview:large","max-video-preview":"max-video-preview:-1"},"canonical":"https:\/\/tarczynskiarenawroclaw.pl\/en\/stadion\/calendar-of-key-events\/","og_locale":"en_US","og_type":"article","og_title":"Calendar of key events &#8211; Tarczy\u0144ski Arena Wroc\u0142aw","og_description":"SEE THE GALLERY The Wroclaw Stadium is a modern and multi-functional sports and entertainment facility.&nbsp;From the opening events and the European","og_url":"https:\/\/tarczynskiarenawroclaw.pl\/en\/stadion\/calendar-of-key-events\/","og_site_name":"Tarczy\u0144ski Arena Wroc\u0142aw","article_modified_time":"2021-09-28T13:48:17+00:00","twitter_card":"summary_large_image","twitter_misc":{"Est. reading time":"2 minutes"},"schema":{"@context":"https:\/\/schema.org","@graph":[{"@type":"WebPage","@id":"https:\/\/tarczynskiarenawroclaw.pl\/en\/stadion\/calendar-of-key-events\/","url":"https:\/\/tarczynskiarenawroclaw.pl\/en\/stadion\/calendar-of-key-events\/","name":"Calendar of key events &#8211; Tarczy\u0144ski Arena Wroc\u0142aw","isPartOf":{"@id":"https:\/\/tarczynskiarenawroclaw.pl\/#website"},"primaryImageOfPage":{"@id":"https:\/\/tarczynskiarenawroclaw.pl\/en\/stadion\/calendar-of-key-events\/#primaryimage"},"image":{"@id":"https:\/\/tarczynskiarenawroclaw.pl\/en\/stadion\/calendar-of-key-events\/#primaryimage"},"thumbnailUrl":"https:\/\/tarczynskiarenawroclaw.pl\/wp-content\/uploads\/2023\/11\/Tarczynski-Arena-Cup2.jpg","datePublished":"2021-09-01T10:50:29+00:00","dateModified":"2021-09-28T13:48:17+00:00","description":"SEE THE GALLERY The Wroclaw Stadium is a modern and multi-functional sports and entertainment facility.&nbsp;From the opening events and the European","breadcrumb":{"@id":"https:\/\/tarczynskiarenawroclaw.pl\/en\/stadion\/calendar-of-key-events\/#breadcrumb"},"inLanguage":"en-US","potentialAction":[{"@type":"ReadAction","target":["https:\/\/tarczynskiarenawroclaw.pl\/en\/stadion\/calendar-of-key-events\/"]}]},{"@type":"ImageObject","inLanguage":"en-US","@id":"https:\/\/tarczynskiarenawroclaw.pl\/en\/stadion\/calendar-of-key-events\/#primaryimage","url":"https:\/\/tarczynskiarenawroclaw.pl\/wp-content\/uploads\/2023\/11\/Tarczynski-Arena-Cup2.jpg","contentUrl":"https:\/\/tarczynskiarenawroclaw.pl\/wp-content\/uploads\/2023\/11\/Tarczynski-Arena-Cup2.jpg","width":1800,"height":1350},{"@type":"BreadcrumbList","@id":"https:\/\/tarczynskiarenawroclaw.pl\/en\/stadion\/calendar-of-key-events\/#breadcrumb","itemListElement":[{"@type":"ListItem","position":1,"name":"Strona g\u0142\u00f3wna","item":"https:\/\/tarczynskiarenawroclaw.pl\/en\/"},{"@type":"ListItem","position":2,"name":"Stadium","item":"https:\/\/tarczynskiarenawroclaw.pl\/en\/stadion\/"},{"@type":"ListItem","position":3,"name":"Calendar of key events"}]},{"@type":"WebSite","@id":"https:\/\/tarczynskiarenawroclaw.pl\/#website","url":"https:\/\/tarczynskiarenawroclaw.pl\/","name":"Tarczy\u0144ski Arena Wroc\u0142aw","description":"Stadion Miejski we Wroc\u0142awiu","publisher":{"@id":"https:\/\/tarczynskiarenawroclaw.pl\/#organization"},"potentialAction":[{"@type":"SearchAction","target":{"@type":"EntryPoint","urlTemplate":"https:\/\/tarczynskiarenawroclaw.pl\/?s={search_term_string}"},"query-input":{"@type":"PropertyValueSpecification","valueRequired":true,"valueName":"search_term_string"}}],"inLanguage":"en-US"},{"@type":"Organization","@id":"https:\/\/tarczynskiarenawroclaw.pl\/#organization","name":"Stadion Wroc\u0142aw","url":"https:\/\/tarczynskiarenawroclaw.pl\/","logo":{"@type":"ImageObject","inLanguage":"en-US","@id":"https:\/\/tarczynskiarenawroclaw.pl\/#\/schema\/logo\/image\/","url":"https:\/\/stadionwroclaw.pl\/wp-content\/uploads\/2021\/08\/favicon-stadion-wroclaw.png","contentUrl":"https:\/\/stadionwroclaw.pl\/wp-content\/uploads\/2021\/08\/favicon-stadion-wroclaw.png","width":512,"height":512,"caption":"Stadion Wroc\u0142aw"},"image":{"@id":"https:\/\/tarczynskiarenawroclaw.pl\/#\/schema\/logo\/image\/"}}]}},"coauthors":[],"author_meta":{"author_link":"https:\/\/tarczynskiarenawroclaw.pl\/en\/author\/sw-admin\/","display_name":"WLM"},"relative_dates":{"created":"Posted 5 years ago","modified":"Updated 5 years ago"},"absolute_dates":{"created":"Posted on 01.09.2021","modified":"Updated on 28.09.2021"},"absolute_dates_time":{"created":"Posted on 01.09.2021 12:50","modified":"Updated on 28.09.2021 15:48"},"featured_img_caption":"","featured_img":"https:\/\/tarczynskiarenawroclaw.pl\/wp-content\/uploads\/2023\/11\/Tarczynski-Arena-Cup2-330x330.jpg","series_order":"","_links":{"self":[{"href":"https:\/\/tarczynskiarenawroclaw.pl\/en\/wp-json\/wp\/v2\/pages\/9922","targetHints":{"allow":["GET"]}}],"collection":[{"href":"https:\/\/tarczynskiarenawroclaw.pl\/en\/wp-json\/wp\/v2\/pages"}],"about":[{"href":"https:\/\/tarczynskiarenawroclaw.pl\/en\/wp-json\/wp\/v2\/types\/page"}],"author":[{"embeddable":true,"href":"https:\/\/tarczynskiarenawroclaw.pl\/en\/wp-json\/wp\/v2\/users\/1"}],"replies":[{"embeddable":true,"href":"https:\/\/tarczynskiarenawroclaw.pl\/en\/wp-json\/wp\/v2\/comments?post=9922"}],"version-history":[{"count":0,"href":"https:\/\/tarczynskiarenawroclaw.pl\/en\/wp-json\/wp\/v2\/pages\/9922\/revisions"}],"up":[{"embeddable":true,"href":"https:\/\/tarczynskiarenawroclaw.pl\/en\/wp-json\/wp\/v2\/pages\/7935"}],"wp:featuredmedia":[{"embeddable":true,"href":"https:\/\/tarczynskiarenawroclaw.pl\/en\/wp-json\/wp\/v2\/media\/15007"}],"wp:attachment":[{"href":"https:\/\/tarczynskiarenawroclaw.pl\/en\/wp-json\/wp\/v2\/media?parent=9922"}],"curies":[{"name":"wp","href":"https:\/\/api.w.org\/{rel}","templated":true}]}}