{"id":9924,"date":"2021-09-01T12:53:08","date_gmt":"2021-09-01T10:53:08","guid":{"rendered":"https:\/\/tarczynskiarenawroclaw.pl\/?page_id=9924"},"modified":"2021-11-29T14:10:55","modified_gmt":"2021-11-29T13:10:55","slug":"stadium-plan","status":"publish","type":"page","link":"https:\/\/tarczynskiarenawroclaw.pl\/en\/stadion\/stadium-plan\/","title":{"rendered":"Stadium plan"},"content":{"rendered":"\n<div style=\"height:40px\" aria-hidden=\"true\" class=\"wp-block-spacer\"><\/div>\n\n\n\n<div class=\"wp-block-columns is-layout-flex wp-container-core-columns-is-layout-9d6595d7 wp-block-columns-is-layout-flex\">\n<div class=\"wp-block-column is-layout-flow wp-block-column-is-layout-flow\">\n<p><strong>Localisation<\/strong><\/p>\n\n\n\n<p>Tarczy\u0144ski Arena Wroc\u0142aw has several entry gates: A, B, C, D, E and two main entrances on level 1 (esplanade \/ promenade of the stadium) from ul. Krolewiecka str. and ul. Lotnicza str.<\/p>\n\n\n\n<div class=\"wp-block-buttons outline is-layout-flex wp-block-buttons-is-layout-flex\">\n<div class=\"wp-block-button is-style-outline is-style-outline--1\"><a class=\"wp-block-button__link\" href=\"https:\/\/tarczynskiarenawroclaw.pl\/wp-content\/uploads\/2021\/08\/MAPA_OGOLNA.pdf\" target=\"_blank\" rel=\"noreferrer noopener\">DOWNLOAD<\/a><\/div>\n<\/div>\n\n\n\n<div style=\"height:40px\" aria-hidden=\"true\" class=\"wp-block-spacer\"><\/div>\n<\/div>\n\n\n\n<div class=\"wp-block-column is-layout-flow wp-block-column-is-layout-flow\">\n<p><strong>Offices location<\/strong><\/p>\n\n\n\n<p>All offices located at Tarczy\u0144ski Arena Wroc\u0142aw can be reached by car entering through the A gate. The offices can also be reached from the gates from ul. Kr\u00f3lewiecka and Lotnicza going down from the level of the esplanade (level 1) down the stairs to level 0. Offices are located in the areas of: west &#8220;W&#8221;, east &#8220;E&#8221;, south &#8220;S&#8221; and north &#8220;N&#8221;.<\/p>\n\n\n\n<div class=\"wp-block-buttons is-layout-flex wp-block-buttons-is-layout-flex\">\n<div class=\"wp-block-button is-style-outline is-style-outline--2\"><a class=\"wp-block-button__link\" href=\"https:\/\/tarczynskiarenawroclaw.pl\/wp-content\/uploads\/2021\/08\/lokalizacja_biur_stadion.pdf\" target=\"_blank\" rel=\"noreferrer noopener\"> DOWNLOAD<\/a><\/div>\n<\/div>\n\n\n\n<div style=\"height:40px\" aria-hidden=\"true\" class=\"wp-block-spacer\"><\/div>\n<\/div>\n\n\n\n<div class=\"wp-block-column is-layout-flow wp-block-column-is-layout-flow\">\n<p><strong>Events and Conference Center location<\/strong><\/p>\n\n\n\n<p>Events and Conference Center of the Tarczy\u0144ski Arena Wroc\u0142aw is located in the western part, entrance W3.<\/p>\n\n\n\n<div class=\"wp-block-buttons is-layout-flex wp-block-buttons-is-layout-flex\">\n<div class=\"wp-block-button is-style-outline is-style-outline--3\"><a class=\"wp-block-button__link\" href=\"https:\/\/tarczynskiarenawroclaw.pl\/wp-content\/uploads\/2021\/08\/MAPKA-centrum-konferencyjno-eventowe.pdf\" target=\"_blank\" rel=\"noreferrer noopener\"> DOWNLOAD<\/a><\/div>\n<\/div>\n\n\n\n<div style=\"height:40px\" aria-hidden=\"true\" class=\"wp-block-spacer\"><\/div>\n<\/div>\n<\/div>\n\n\n\n<div class=\"wp-block-columns is-layout-flex wp-container-core-columns-is-layout-9d6595d7 wp-block-columns-is-layout-flex\">\n<div class=\"wp-block-column is-layout-flow wp-block-column-is-layout-flow\">\n<p><strong>Observation Deck location<\/strong><\/p>\n\n\n\n<p>The observation deck of the Tarczy\u0144ski Arena Wroc\u0142aw is located on the stand D. Entrance is from the esplanade level 1. The payment point is located below on level 0.<\/p>\n\n\n\n<div class=\"wp-block-buttons is-layout-flex wp-block-buttons-is-layout-flex\">\n<div class=\"wp-block-button is-style-outline is-style-outline--4\"><a class=\"wp-block-button__link\" href=\"https:\/\/tarczynskiarenawroclaw.pl\/wp-content\/uploads\/2021\/08\/MAPA_taras_widokowy.pdf\" target=\"_blank\" rel=\"noreferrer noopener\"> Pobierz PDF<\/a><\/div>\n<\/div>\n\n\n\n<div style=\"height:40px\" aria-hidden=\"true\" class=\"wp-block-spacer\"><\/div>\n<\/div>\n\n\n\n<div class=\"wp-block-column is-layout-flow wp-block-column-is-layout-flow\">\n<p><strong>Regulamin konkursu \u201ePoka\u017c jak kibicujesz pi\u0142karskiej Reprezentacji Polski.&#8221;<\/strong><\/p>\n\n\n\n<p>Prosimy zapozna\u0107 si\u0119 z zasadami konkursu \u201ePoka\u017c jak kibicujesz pi\u0142karskiej Reprezentacji Polski.&#8221;<\/p>\n\n\n\n<div class=\"wp-block-buttons is-layout-flex wp-block-buttons-is-layout-flex\">\n<div class=\"wp-block-button is-style-outline is-style-outline--5\"><a class=\"wp-block-button__link\" href=\"https:\/\/tarczynskiarenawroclaw.pl\/wp-content\/uploads\/2021\/08\/Regulamin-konkursu-\u201ePokaz-jak-kibicujesz-pilkarskiej-Reprezentacji-Polski.pdf\" target=\"_blank\" rel=\"noreferrer noopener\"> Pobierz PDF<\/a><\/div>\n<\/div>\n\n\n\n<div style=\"height:40px\" aria-hidden=\"true\" class=\"wp-block-spacer\"><\/div>\n<\/div>\n\n\n\n<div class=\"wp-block-column is-layout-flow wp-block-column-is-layout-flow\">\n<p><strong>Regulamin konkursu z Toyota Centrum Wroc\u0142aw.<\/strong><\/p>\n\n\n\n<p>Prosimy zapozna\u0107 si\u0119 z zasadami konkursu.<\/p>\n\n\n\n<div class=\"wp-block-buttons is-layout-flex wp-block-buttons-is-layout-flex\">\n<div class=\"wp-block-button is-style-outline is-style-outline--6\"><a class=\"wp-block-button__link\" href=\"https:\/\/tarczynskiarenawroclaw.pl\/wp-content\/uploads\/2021\/08\/Regulamin-konkursu-na-Facebooku-Toyota-Centrum-Wroclaw.pdf\" target=\"_blank\" rel=\"noreferrer noopener\"> Pobierz PDF<\/a><\/div>\n<\/div>\n<\/div>\n<\/div>\n\n\n\n<div class=\"wp-block-image\"><figure class=\"aligncenter size-full is-resized\"><img loading=\"lazy\" decoding=\"async\" src=\"https:\/\/tarczynskiarenawroclaw.pl\/wp-content\/uploads\/2021\/08\/stadion_mapa_0-1024x524-1.png\" alt=\"\" class=\"wp-image-8930\" width=\"1024\" height=\"524\"\/><\/figure><\/div>\n","protected":false},"excerpt":{"rendered":"<p>Localisation Tarczy\u0144ski Arena Wroc\u0142aw has several entry gates: A, B, C, D, E&#8230;<\/p>\n","protected":false},"author":1,"featured_media":8931,"parent":7935,"menu_order":78,"comment_status":"closed","ping_status":"closed","template":"","meta":{"advgb_blocks_editor_width":"","advgb_blocks_columns_visual_guide":"","footnotes":""},"class_list":["post-9924","page","type-page","status-publish","has-post-thumbnail","hentry"],"yoast_head":"<!-- This site is optimized with the Yoast SEO plugin v25.9 - https:\/\/yoast.com\/wordpress\/plugins\/seo\/ -->\n<title>Stadium plan &#8211; Tarczy\u0144ski Arena Wroc\u0142aw<\/title>\n<meta name=\"description\" content=\"Localisation Tarczy\u0144ski Arena Wroc\u0142aw has several entry gates: A, B, C, D, E and two main entrances on level 1 (esplanade \/ promenade of the stadium) from\" \/>\n<meta name=\"robots\" content=\"index, follow, max-snippet:-1, max-image-preview:large, max-video-preview:-1\" \/>\n<link rel=\"canonical\" href=\"https:\/\/tarczynskiarenawroclaw.pl\/en\/stadion\/stadium-plan\/\" \/>\n<meta property=\"og:locale\" content=\"en_US\" \/>\n<meta property=\"og:type\" content=\"article\" \/>\n<meta property=\"og:title\" content=\"Stadium plan &#8211; Tarczy\u0144ski Arena Wroc\u0142aw\" \/>\n<meta property=\"og:description\" content=\"Localisation Tarczy\u0144ski Arena Wroc\u0142aw has several entry gates: A, B, C, D, E and two main entrances on level 1 (esplanade \/ promenade of the stadium) from\" \/>\n<meta property=\"og:url\" content=\"https:\/\/tarczynskiarenawroclaw.pl\/en\/stadion\/stadium-plan\/\" \/>\n<meta property=\"og:site_name\" content=\"Tarczy\u0144ski Arena Wroc\u0142aw\" \/>\n<meta property=\"article:modified_time\" content=\"2021-11-29T13:10:55+00:00\" \/>\n<meta property=\"og:image\" content=\"https:\/\/tarczynskiarenawroclaw.pl\/wp-content\/uploads\/2021\/08\/stadion_mapa_0-1024x524-1.png\" \/>\n\t<meta property=\"og:image:width\" content=\"1024\" \/>\n\t<meta property=\"og:image:height\" content=\"524\" \/>\n\t<meta property=\"og:image:type\" content=\"image\/png\" \/>\n<meta name=\"twitter:card\" content=\"summary_large_image\" \/>\n<meta name=\"twitter:label1\" content=\"Est. reading time\" \/>\n\t<meta name=\"twitter:data1\" content=\"2 minutes\" \/>\n<script type=\"application\/ld+json\" class=\"yoast-schema-graph\">{\"@context\":\"https:\/\/schema.org\",\"@graph\":[{\"@type\":\"WebPage\",\"@id\":\"https:\/\/tarczynskiarenawroclaw.pl\/en\/stadion\/stadium-plan\/\",\"url\":\"https:\/\/tarczynskiarenawroclaw.pl\/en\/stadion\/stadium-plan\/\",\"name\":\"Stadium plan &#8211; Tarczy\u0144ski Arena Wroc\u0142aw\",\"isPartOf\":{\"@id\":\"https:\/\/tarczynskiarenawroclaw.pl\/#website\"},\"primaryImageOfPage\":{\"@id\":\"https:\/\/tarczynskiarenawroclaw.pl\/en\/stadion\/stadium-plan\/#primaryimage\"},\"image\":{\"@id\":\"https:\/\/tarczynskiarenawroclaw.pl\/en\/stadion\/stadium-plan\/#primaryimage\"},\"thumbnailUrl\":\"https:\/\/tarczynskiarenawroclaw.pl\/wp-content\/uploads\/2021\/08\/stadion_mapa_0-1024x524-1.png\",\"datePublished\":\"2021-09-01T10:53:08+00:00\",\"dateModified\":\"2021-11-29T13:10:55+00:00\",\"description\":\"Localisation Tarczy\u0144ski Arena Wroc\u0142aw has several entry gates: A, B, C, D, E and two main entrances on level 1 (esplanade \/ promenade of the stadium) from\",\"breadcrumb\":{\"@id\":\"https:\/\/tarczynskiarenawroclaw.pl\/en\/stadion\/stadium-plan\/#breadcrumb\"},\"inLanguage\":\"en-US\",\"potentialAction\":[{\"@type\":\"ReadAction\",\"target\":[\"https:\/\/tarczynskiarenawroclaw.pl\/en\/stadion\/stadium-plan\/\"]}]},{\"@type\":\"ImageObject\",\"inLanguage\":\"en-US\",\"@id\":\"https:\/\/tarczynskiarenawroclaw.pl\/en\/stadion\/stadium-plan\/#primaryimage\",\"url\":\"https:\/\/tarczynskiarenawroclaw.pl\/wp-content\/uploads\/2021\/08\/stadion_mapa_0-1024x524-1.png\",\"contentUrl\":\"https:\/\/tarczynskiarenawroclaw.pl\/wp-content\/uploads\/2021\/08\/stadion_mapa_0-1024x524-1.png\",\"width\":1024,\"height\":524},{\"@type\":\"BreadcrumbList\",\"@id\":\"https:\/\/tarczynskiarenawroclaw.pl\/en\/stadion\/stadium-plan\/#breadcrumb\",\"itemListElement\":[{\"@type\":\"ListItem\",\"position\":1,\"name\":\"Strona g\u0142\u00f3wna\",\"item\":\"https:\/\/tarczynskiarenawroclaw.pl\/en\/\"},{\"@type\":\"ListItem\",\"position\":2,\"name\":\"Stadium\",\"item\":\"https:\/\/tarczynskiarenawroclaw.pl\/en\/stadion\/\"},{\"@type\":\"ListItem\",\"position\":3,\"name\":\"Stadium plan\"}]},{\"@type\":\"WebSite\",\"@id\":\"https:\/\/tarczynskiarenawroclaw.pl\/#website\",\"url\":\"https:\/\/tarczynskiarenawroclaw.pl\/\",\"name\":\"Tarczy\u0144ski Arena Wroc\u0142aw\",\"description\":\"Stadion Miejski we Wroc\u0142awiu\",\"publisher\":{\"@id\":\"https:\/\/tarczynskiarenawroclaw.pl\/#organization\"},\"potentialAction\":[{\"@type\":\"SearchAction\",\"target\":{\"@type\":\"EntryPoint\",\"urlTemplate\":\"https:\/\/tarczynskiarenawroclaw.pl\/?s={search_term_string}\"},\"query-input\":{\"@type\":\"PropertyValueSpecification\",\"valueRequired\":true,\"valueName\":\"search_term_string\"}}],\"inLanguage\":\"en-US\"},{\"@type\":\"Organization\",\"@id\":\"https:\/\/tarczynskiarenawroclaw.pl\/#organization\",\"name\":\"Stadion Wroc\u0142aw\",\"url\":\"https:\/\/tarczynskiarenawroclaw.pl\/\",\"logo\":{\"@type\":\"ImageObject\",\"inLanguage\":\"en-US\",\"@id\":\"https:\/\/tarczynskiarenawroclaw.pl\/#\/schema\/logo\/image\/\",\"url\":\"https:\/\/stadionwroclaw.pl\/wp-content\/uploads\/2021\/08\/favicon-stadion-wroclaw.png\",\"contentUrl\":\"https:\/\/stadionwroclaw.pl\/wp-content\/uploads\/2021\/08\/favicon-stadion-wroclaw.png\",\"width\":512,\"height\":512,\"caption\":\"Stadion Wroc\u0142aw\"},\"image\":{\"@id\":\"https:\/\/tarczynskiarenawroclaw.pl\/#\/schema\/logo\/image\/\"}}]}<\/script>\n<!-- \/ Yoast SEO plugin. -->","yoast_head_json":{"title":"Stadium plan &#8211; Tarczy\u0144ski Arena Wroc\u0142aw","description":"Localisation Tarczy\u0144ski Arena Wroc\u0142aw has several entry gates: A, B, C, D, E and two main entrances on level 1 (esplanade \/ promenade of the stadium) from","robots":{"index":"index","follow":"follow","max-snippet":"max-snippet:-1","max-image-preview":"max-image-preview:large","max-video-preview":"max-video-preview:-1"},"canonical":"https:\/\/tarczynskiarenawroclaw.pl\/en\/stadion\/stadium-plan\/","og_locale":"en_US","og_type":"article","og_title":"Stadium plan &#8211; Tarczy\u0144ski Arena Wroc\u0142aw","og_description":"Localisation Tarczy\u0144ski Arena Wroc\u0142aw has several entry gates: A, B, C, D, E and two main entrances on level 1 (esplanade \/ promenade of the stadium) from","og_url":"https:\/\/tarczynskiarenawroclaw.pl\/en\/stadion\/stadium-plan\/","og_site_name":"Tarczy\u0144ski Arena Wroc\u0142aw","article_modified_time":"2021-11-29T13:10:55+00:00","og_image":[{"width":1024,"height":524,"url":"https:\/\/tarczynskiarenawroclaw.pl\/wp-content\/uploads\/2021\/08\/stadion_mapa_0-1024x524-1.png","type":"image\/png"}],"twitter_card":"summary_large_image","twitter_misc":{"Est. reading time":"2 minutes"},"schema":{"@context":"https:\/\/schema.org","@graph":[{"@type":"WebPage","@id":"https:\/\/tarczynskiarenawroclaw.pl\/en\/stadion\/stadium-plan\/","url":"https:\/\/tarczynskiarenawroclaw.pl\/en\/stadion\/stadium-plan\/","name":"Stadium plan &#8211; Tarczy\u0144ski Arena Wroc\u0142aw","isPartOf":{"@id":"https:\/\/tarczynskiarenawroclaw.pl\/#website"},"primaryImageOfPage":{"@id":"https:\/\/tarczynskiarenawroclaw.pl\/en\/stadion\/stadium-plan\/#primaryimage"},"image":{"@id":"https:\/\/tarczynskiarenawroclaw.pl\/en\/stadion\/stadium-plan\/#primaryimage"},"thumbnailUrl":"https:\/\/tarczynskiarenawroclaw.pl\/wp-content\/uploads\/2021\/08\/stadion_mapa_0-1024x524-1.png","datePublished":"2021-09-01T10:53:08+00:00","dateModified":"2021-11-29T13:10:55+00:00","description":"Localisation Tarczy\u0144ski Arena Wroc\u0142aw has several entry gates: A, B, C, D, E and two main entrances on level 1 (esplanade \/ promenade of the stadium) from","breadcrumb":{"@id":"https:\/\/tarczynskiarenawroclaw.pl\/en\/stadion\/stadium-plan\/#breadcrumb"},"inLanguage":"en-US","potentialAction":[{"@type":"ReadAction","target":["https:\/\/tarczynskiarenawroclaw.pl\/en\/stadion\/stadium-plan\/"]}]},{"@type":"ImageObject","inLanguage":"en-US","@id":"https:\/\/tarczynskiarenawroclaw.pl\/en\/stadion\/stadium-plan\/#primaryimage","url":"https:\/\/tarczynskiarenawroclaw.pl\/wp-content\/uploads\/2021\/08\/stadion_mapa_0-1024x524-1.png","contentUrl":"https:\/\/tarczynskiarenawroclaw.pl\/wp-content\/uploads\/2021\/08\/stadion_mapa_0-1024x524-1.png","width":1024,"height":524},{"@type":"BreadcrumbList","@id":"https:\/\/tarczynskiarenawroclaw.pl\/en\/stadion\/stadium-plan\/#breadcrumb","itemListElement":[{"@type":"ListItem","position":1,"name":"Strona g\u0142\u00f3wna","item":"https:\/\/tarczynskiarenawroclaw.pl\/en\/"},{"@type":"ListItem","position":2,"name":"Stadium","item":"https:\/\/tarczynskiarenawroclaw.pl\/en\/stadion\/"},{"@type":"ListItem","position":3,"name":"Stadium plan"}]},{"@type":"WebSite","@id":"https:\/\/tarczynskiarenawroclaw.pl\/#website","url":"https:\/\/tarczynskiarenawroclaw.pl\/","name":"Tarczy\u0144ski Arena Wroc\u0142aw","description":"Stadion Miejski we Wroc\u0142awiu","publisher":{"@id":"https:\/\/tarczynskiarenawroclaw.pl\/#organization"},"potentialAction":[{"@type":"SearchAction","target":{"@type":"EntryPoint","urlTemplate":"https:\/\/tarczynskiarenawroclaw.pl\/?s={search_term_string}"},"query-input":{"@type":"PropertyValueSpecification","valueRequired":true,"valueName":"search_term_string"}}],"inLanguage":"en-US"},{"@type":"Organization","@id":"https:\/\/tarczynskiarenawroclaw.pl\/#organization","name":"Stadion Wroc\u0142aw","url":"https:\/\/tarczynskiarenawroclaw.pl\/","logo":{"@type":"ImageObject","inLanguage":"en-US","@id":"https:\/\/tarczynskiarenawroclaw.pl\/#\/schema\/logo\/image\/","url":"https:\/\/stadionwroclaw.pl\/wp-content\/uploads\/2021\/08\/favicon-stadion-wroclaw.png","contentUrl":"https:\/\/stadionwroclaw.pl\/wp-content\/uploads\/2021\/08\/favicon-stadion-wroclaw.png","width":512,"height":512,"caption":"Stadion Wroc\u0142aw"},"image":{"@id":"https:\/\/tarczynskiarenawroclaw.pl\/#\/schema\/logo\/image\/"}}]}},"coauthors":[],"author_meta":{"author_link":"https:\/\/tarczynskiarenawroclaw.pl\/en\/author\/sw-admin\/","display_name":"WLM"},"relative_dates":{"created":"Posted 5 years ago","modified":"Updated 4 years ago"},"absolute_dates":{"created":"Posted on 01.09.2021","modified":"Updated on 29.11.2021"},"absolute_dates_time":{"created":"Posted on 01.09.2021 12:53","modified":"Updated on 29.11.2021 14:10"},"featured_img_caption":"","featured_img":"https:\/\/tarczynskiarenawroclaw.pl\/wp-content\/uploads\/2021\/08\/stadion_mapa_0-1024x524-1-330x330.png","series_order":"","_links":{"self":[{"href":"https:\/\/tarczynskiarenawroclaw.pl\/en\/wp-json\/wp\/v2\/pages\/9924","targetHints":{"allow":["GET"]}}],"collection":[{"href":"https:\/\/tarczynskiarenawroclaw.pl\/en\/wp-json\/wp\/v2\/pages"}],"about":[{"href":"https:\/\/tarczynskiarenawroclaw.pl\/en\/wp-json\/wp\/v2\/types\/page"}],"author":[{"embeddable":true,"href":"https:\/\/tarczynskiarenawroclaw.pl\/en\/wp-json\/wp\/v2\/users\/1"}],"replies":[{"embeddable":true,"href":"https:\/\/tarczynskiarenawroclaw.pl\/en\/wp-json\/wp\/v2\/comments?post=9924"}],"version-history":[{"count":0,"href":"https:\/\/tarczynskiarenawroclaw.pl\/en\/wp-json\/wp\/v2\/pages\/9924\/revisions"}],"up":[{"embeddable":true,"href":"https:\/\/tarczynskiarenawroclaw.pl\/en\/wp-json\/wp\/v2\/pages\/7935"}],"wp:featuredmedia":[{"embeddable":true,"href":"https:\/\/tarczynskiarenawroclaw.pl\/en\/wp-json\/wp\/v2\/media\/8931"}],"wp:attachment":[{"href":"https:\/\/tarczynskiarenawroclaw.pl\/en\/wp-json\/wp\/v2\/media?parent=9924"}],"curies":[{"name":"wp","href":"https:\/\/api.w.org\/{rel}","templated":true}]}}