{"id":9929,"date":"2021-09-01T13:02:12","date_gmt":"2021-09-01T11:02:12","guid":{"rendered":"https:\/\/tarczynskiarenawroclaw.pl\/?page_id=9929"},"modified":"2024-12-27T11:11:24","modified_gmt":"2024-12-27T10:11:24","slug":"facts","status":"publish","type":"page","link":"https:\/\/tarczynskiarenawroclaw.pl\/en\/stadion\/facts\/","title":{"rendered":"Facts and figures"},"content":{"rendered":"\n<div class=\"wp-block-columns is-layout-flex wp-container-core-columns-is-layout-9d6595d7 wp-block-columns-is-layout-flex\">\n<div class=\"wp-block-column is-layout-flow wp-block-column-is-layout-flow\">\n<h2 class=\"wp-block-heading\">Stadium venue<\/h2>\n\n\n\n<ul class=\"wp-block-list\">\n<li>plot surface area: <strong>164 152 m\u00b2<\/strong><\/li>\n\n\n\n<li>building height: <strong>39,33 m\u00a0= 155,05 m\u00a0n. p. m.<\/strong><\/li>\n\n\n\n<li>facade made of translucent PTFE mesh \u2013\u00a0 25000m2 (3 pitches)<\/li>\n\n\n\n<li>pod\u015bwietlenie fasady lampami LED \u2013<strong>\u00a013104 szt.<\/strong><\/li>\n\n\n\n<li>mo\u017cliwo\u015b\u0107 pod\u015bwietlenia na <strong>256 odcieni<\/strong><\/li>\n\n\n\n<li>number of floors: 6<\/li>\n\n\n\n<li>public stairways: 18<\/li>\n\n\n\n<li>public lifts: 6<\/li>\n<\/ul>\n\n\n\n<h2 class=\"wp-block-heading\">Pitch:<\/h2>\n\n\n\n<ul class=\"wp-block-list\">\n<li>net area of the pitch 68 x\u00a0105m: 7\u00a0140 m\u00b2<\/li>\n\n\n\n<li>turf \u2013\u00a0natural grass 78x115m: 8949m\u00b2<\/li>\n<\/ul>\n<\/div>\n\n\n\n<div class=\"wp-block-column is-layout-flow wp-block-column-is-layout-flow\">\n<h2 class=\"wp-block-heading\">Stadium capacity:<\/h2>\n\n\n\n<ul class=\"wp-block-list\">\n<li>number of indoor seats, net (Polish League): 43 302<\/li>\n\n\n\n<li>seats for the disabled with a\u00a0companion: 204<\/li>\n\n\n\n<li>total number of VIP seats (Polish League): 2,130<\/li>\n\n\n\n<li>30 Business VIP Boxes on the east and west grandstand*<\/li>\n\n\n\n<li>Business seats: 1,554<\/li>\n\n\n\n<li>Business Club area 2,500 m\u00b2<\/li>\n\n\n\n<li>space for rent: 9,000 m\u00b2<\/li>\n<\/ul>\n\n\n\n<h2 class=\"wp-block-heading\">For visitors:<\/h2>\n\n\n\n<ul class=\"wp-block-list\">\n<li>36 catering points \u2013\u00a0256 points of sale<\/li>\n\n\n\n<li>more than 4,466 parking spaces for cars<\/li>\n<\/ul>\n<\/div>\n<\/div>\n\n\n\n<div class=\"wp-block-columns is-layout-flex wp-container-core-columns-is-layout-9d6595d7 wp-block-columns-is-layout-flex\">\n<div class=\"wp-block-column custom-block-padding is-layout-flow wp-block-column-is-layout-flow\">\n<figure class=\"wp-block-image aligncenter size-full is-resized is-style-default\"><img decoding=\"async\" src=\"https:\/\/tarczynskiarenawroclaw.pl\/wp-content\/uploads\/2021\/08\/featured1.svg\" alt=\"\" class=\"wp-image-9026\" style=\"width:75px;height:75px\"\/><\/figure>\n\n\n\n<p class=\"has-text-align-center\">Sport emotions<\/p>\n<\/div>\n\n\n\n<div class=\"wp-block-column custom-block-padding is-layout-flow wp-block-column-is-layout-flow\">\n<figure class=\"wp-block-image aligncenter size-large is-resized is-style-default\"><img decoding=\"async\" src=\"https:\/\/tarczynskiarenawroclaw.pl\/wp-content\/uploads\/2021\/08\/featured2.svg\" alt=\"\" class=\"wp-image-9048\" style=\"width:80px;height:75px\"\/><\/figure>\n\n\n\n<p class=\"has-text-align-center\">Comfortable seats<\/p>\n<\/div>\n\n\n\n<div class=\"wp-block-column custom-block-padding is-layout-flow wp-block-column-is-layout-flow\">\n<figure class=\"wp-block-image aligncenter size-large is-resized is-style-default\"><img decoding=\"async\" src=\"https:\/\/tarczynskiarenawroclaw.pl\/wp-content\/uploads\/2021\/08\/featured3.svg\" alt=\"\" class=\"wp-image-9053\" style=\"width:86px;height:75px\"\/><\/figure>\n\n\n\n<p class=\"has-text-align-center\">Perfect view<\/p>\n<\/div>\n\n\n\n<div class=\"wp-block-column custom-block-padding is-layout-flow wp-block-column-is-layout-flow\">\n<figure class=\"wp-block-image aligncenter size-large is-resized is-style-default\"><img decoding=\"async\" src=\"https:\/\/tarczynskiarenawroclaw.pl\/wp-content\/uploads\/2021\/08\/featured4.svg\" alt=\"\" class=\"wp-image-9056\" style=\"width:70px;height:75px\"\/><\/figure>\n\n\n\n<p class=\"has-text-align-center\">Points of gastronomy services<\/p>\n<\/div>\n\n\n\n<div class=\"wp-block-column custom-block-padding is-layout-flow wp-block-column-is-layout-flow\">\n<figure class=\"wp-block-image aligncenter size-large is-resized is-style-default\"><img decoding=\"async\" src=\"https:\/\/tarczynskiarenawroclaw.pl\/wp-content\/uploads\/2021\/08\/featured5.svg\" alt=\"\" class=\"wp-image-9058\" style=\"width:86px;height:75px\"\/><\/figure>\n\n\n\n<p class=\"has-text-align-center\">Car Park<\/p>\n<\/div>\n<\/div>\n\n\n\n<figure class=\"wp-block-gallery has-nested-images columns-3 is-cropped wp-block-gallery-1 is-layout-flex wp-block-gallery-is-layout-flex\">\n<figure class=\"wp-block-image size-large\"><a href=\"https:\/\/tarczynskiarenawroclaw.pl\/wp-content\/uploads\/2021\/08\/LG01986_male.jpg\"><img loading=\"lazy\" decoding=\"async\" width=\"1024\" height=\"456\" data-id=\"9061\" src=\"https:\/\/tarczynskiarenawroclaw.pl\/wp-content\/uploads\/2021\/08\/LG01986_male.jpg\" alt=\"\" class=\"wp-image-9061\"\/><\/a><\/figure>\n\n\n\n<figure class=\"wp-block-image size-large\"><a href=\"https:\/\/tarczynskiarenawroclaw.pl\/wp-content\/uploads\/2021\/08\/20150303-_MPF1394_www_zwiedzanie-1.jpg\"><img loading=\"lazy\" decoding=\"async\" width=\"1024\" height=\"683\" data-id=\"9063\" src=\"https:\/\/tarczynskiarenawroclaw.pl\/wp-content\/uploads\/2021\/08\/20150303-_MPF1394_www_zwiedzanie-1.jpg\" alt=\"\" class=\"wp-image-9063\"\/><\/a><\/figure>\n\n\n\n<figure class=\"wp-block-image size-large\"><a href=\"https:\/\/tarczynskiarenawroclaw.pl\/wp-content\/uploads\/2021\/08\/LG02135-640x426-2.jpg\"><img loading=\"lazy\" decoding=\"async\" width=\"640\" height=\"426\" data-id=\"9065\" src=\"https:\/\/tarczynskiarenawroclaw.pl\/wp-content\/uploads\/2021\/08\/LG02135-640x426-2.jpg\" alt=\"\" class=\"wp-image-9065\"\/><\/a><\/figure>\n\n\n\n<figure class=\"wp-block-image size-large\"><a href=\"https:\/\/tarczynskiarenawroclaw.pl\/wp-content\/uploads\/2021\/08\/MJ5H2GJ6mxpUTG0-5CjcqQBjTbfpnmmvCsCJUAgi0so-1.jpg\"><img loading=\"lazy\" decoding=\"async\" width=\"800\" height=\"534\" data-id=\"9095\" src=\"https:\/\/tarczynskiarenawroclaw.pl\/wp-content\/uploads\/2021\/08\/MJ5H2GJ6mxpUTG0-5CjcqQBjTbfpnmmvCsCJUAgi0so-1.jpg\" alt=\"\" class=\"wp-image-9095\"\/><\/a><\/figure>\n\n\n\n<figure class=\"wp-block-image size-large\"><a href=\"https:\/\/tarczynskiarenawroclaw.pl\/wp-content\/uploads\/2021\/08\/koncert_iron8_male-1.jpg\"><img loading=\"lazy\" decoding=\"async\" width=\"1024\" height=\"684\" data-id=\"9097\" src=\"https:\/\/tarczynskiarenawroclaw.pl\/wp-content\/uploads\/2021\/08\/koncert_iron8_male-1.jpg\" alt=\"\" class=\"wp-image-9097\"\/><\/a><\/figure>\n<\/figure>\n","protected":false},"excerpt":{"rendered":"<p>Stadium venue Pitch: Stadium capacity: For visitors: Sport emotions Comfortable seats Perfect view&#8230;<\/p>\n","protected":false},"author":1,"featured_media":9062,"parent":7935,"menu_order":84,"comment_status":"closed","ping_status":"closed","template":"","meta":{"advgb_blocks_editor_width":"","advgb_blocks_columns_visual_guide":"","footnotes":""},"class_list":["post-9929","page","type-page","status-publish","has-post-thumbnail","hentry"],"yoast_head":"<!-- This site is optimized with the Yoast SEO plugin v27.5 - https:\/\/yoast.com\/product\/yoast-seo-wordpress\/ -->\n<title>Facts and figures &#8211; Tarczy\u0144ski Arena Wroc\u0142aw<\/title>\n<meta name=\"description\" content=\"Stadium venue plot surface area: 164 152 m\u00b2 building height: 39,33 m\u00a0= 155,05 m\u00a0n. p. m. facade made of translucent PTFE mesh \u2013\u00a0 25000m2 (3 pitches)\" \/>\n<meta name=\"robots\" content=\"index, follow, max-snippet:-1, max-image-preview:large, max-video-preview:-1\" \/>\n<link rel=\"canonical\" href=\"https:\/\/tarczynskiarenawroclaw.pl\/en\/stadion\/facts\/\" \/>\n<meta property=\"og:locale\" content=\"en_US\" \/>\n<meta property=\"og:type\" content=\"article\" \/>\n<meta property=\"og:title\" content=\"Facts and figures &#8211; Tarczy\u0144ski Arena Wroc\u0142aw\" \/>\n<meta property=\"og:description\" content=\"Stadium venue plot surface area: 164 152 m\u00b2 building height: 39,33 m\u00a0= 155,05 m\u00a0n. p. m. facade made of translucent PTFE mesh \u2013\u00a0 25000m2 (3 pitches)\" \/>\n<meta property=\"og:url\" content=\"https:\/\/tarczynskiarenawroclaw.pl\/en\/stadion\/facts\/\" \/>\n<meta property=\"og:site_name\" content=\"Tarczy\u0144ski Arena Wroc\u0142aw\" \/>\n<meta property=\"article:modified_time\" content=\"2024-12-27T10:11:24+00:00\" \/>\n<meta property=\"og:image\" content=\"https:\/\/tarczynskiarenawroclaw.pl\/wp-content\/uploads\/2021\/08\/LG01986_male.jpg\" \/>\n\t<meta property=\"og:image:width\" content=\"1024\" \/>\n\t<meta property=\"og:image:height\" content=\"456\" \/>\n\t<meta property=\"og:image:type\" content=\"image\/jpeg\" \/>\n<meta name=\"twitter:card\" content=\"summary_large_image\" \/>\n<meta name=\"twitter:label1\" content=\"Est. reading time\" \/>\n\t<meta name=\"twitter:data1\" content=\"3 minutes\" \/>\n<script type=\"application\/ld+json\" class=\"yoast-schema-graph\">{\"@context\":\"https:\\\/\\\/schema.org\",\"@graph\":[{\"@type\":\"WebPage\",\"@id\":\"https:\\\/\\\/tarczynskiarenawroclaw.pl\\\/en\\\/stadion\\\/facts\\\/\",\"url\":\"https:\\\/\\\/tarczynskiarenawroclaw.pl\\\/en\\\/stadion\\\/facts\\\/\",\"name\":\"Facts and figures &#8211; Tarczy\u0144ski Arena Wroc\u0142aw\",\"isPartOf\":{\"@id\":\"https:\\\/\\\/tarczynskiarenawroclaw.pl\\\/#website\"},\"primaryImageOfPage\":{\"@id\":\"https:\\\/\\\/tarczynskiarenawroclaw.pl\\\/en\\\/stadion\\\/facts\\\/#primaryimage\"},\"image\":{\"@id\":\"https:\\\/\\\/tarczynskiarenawroclaw.pl\\\/en\\\/stadion\\\/facts\\\/#primaryimage\"},\"thumbnailUrl\":\"https:\\\/\\\/tarczynskiarenawroclaw.pl\\\/wp-content\\\/uploads\\\/2021\\\/08\\\/LG01986_male.jpg\",\"datePublished\":\"2021-09-01T11:02:12+00:00\",\"dateModified\":\"2024-12-27T10:11:24+00:00\",\"description\":\"Stadium venue plot surface area: 164 152 m\u00b2 building height: 39,33 m\u00a0= 155,05 m\u00a0n. p. m. facade made of translucent PTFE mesh \u2013\u00a0 25000m2 (3 pitches)\",\"breadcrumb\":{\"@id\":\"https:\\\/\\\/tarczynskiarenawroclaw.pl\\\/en\\\/stadion\\\/facts\\\/#breadcrumb\"},\"inLanguage\":\"en-US\",\"potentialAction\":[{\"@type\":\"ReadAction\",\"target\":[\"https:\\\/\\\/tarczynskiarenawroclaw.pl\\\/en\\\/stadion\\\/facts\\\/\"]}]},{\"@type\":\"ImageObject\",\"inLanguage\":\"en-US\",\"@id\":\"https:\\\/\\\/tarczynskiarenawroclaw.pl\\\/en\\\/stadion\\\/facts\\\/#primaryimage\",\"url\":\"https:\\\/\\\/tarczynskiarenawroclaw.pl\\\/wp-content\\\/uploads\\\/2021\\\/08\\\/LG01986_male.jpg\",\"contentUrl\":\"https:\\\/\\\/tarczynskiarenawroclaw.pl\\\/wp-content\\\/uploads\\\/2021\\\/08\\\/LG01986_male.jpg\",\"width\":1024,\"height\":456},{\"@type\":\"BreadcrumbList\",\"@id\":\"https:\\\/\\\/tarczynskiarenawroclaw.pl\\\/en\\\/stadion\\\/facts\\\/#breadcrumb\",\"itemListElement\":[{\"@type\":\"ListItem\",\"position\":1,\"name\":\"Strona g\u0142\u00f3wna\",\"item\":\"https:\\\/\\\/tarczynskiarenawroclaw.pl\\\/en\\\/\"},{\"@type\":\"ListItem\",\"position\":2,\"name\":\"Stadium\",\"item\":\"https:\\\/\\\/tarczynskiarenawroclaw.pl\\\/en\\\/stadion\\\/\"},{\"@type\":\"ListItem\",\"position\":3,\"name\":\"Facts and figures\"}]},{\"@type\":\"WebSite\",\"@id\":\"https:\\\/\\\/tarczynskiarenawroclaw.pl\\\/#website\",\"url\":\"https:\\\/\\\/tarczynskiarenawroclaw.pl\\\/\",\"name\":\"Tarczy\u0144ski Arena Wroc\u0142aw\",\"description\":\"Stadion Miejski we Wroc\u0142awiu\",\"publisher\":{\"@id\":\"https:\\\/\\\/tarczynskiarenawroclaw.pl\\\/#organization\"},\"potentialAction\":[{\"@type\":\"SearchAction\",\"target\":{\"@type\":\"EntryPoint\",\"urlTemplate\":\"https:\\\/\\\/tarczynskiarenawroclaw.pl\\\/?s={search_term_string}\"},\"query-input\":{\"@type\":\"PropertyValueSpecification\",\"valueRequired\":true,\"valueName\":\"search_term_string\"}}],\"inLanguage\":\"en-US\"},{\"@type\":\"Organization\",\"@id\":\"https:\\\/\\\/tarczynskiarenawroclaw.pl\\\/#organization\",\"name\":\"Stadion Wroc\u0142aw\",\"url\":\"https:\\\/\\\/tarczynskiarenawroclaw.pl\\\/\",\"logo\":{\"@type\":\"ImageObject\",\"inLanguage\":\"en-US\",\"@id\":\"https:\\\/\\\/tarczynskiarenawroclaw.pl\\\/#\\\/schema\\\/logo\\\/image\\\/\",\"url\":\"https:\\\/\\\/stadionwroclaw.pl\\\/wp-content\\\/uploads\\\/2021\\\/08\\\/favicon-stadion-wroclaw.png\",\"contentUrl\":\"https:\\\/\\\/stadionwroclaw.pl\\\/wp-content\\\/uploads\\\/2021\\\/08\\\/favicon-stadion-wroclaw.png\",\"width\":512,\"height\":512,\"caption\":\"Stadion Wroc\u0142aw\"},\"image\":{\"@id\":\"https:\\\/\\\/tarczynskiarenawroclaw.pl\\\/#\\\/schema\\\/logo\\\/image\\\/\"}}]}<\/script>\n<!-- \/ Yoast SEO plugin. -->","yoast_head_json":{"title":"Facts and figures &#8211; Tarczy\u0144ski Arena Wroc\u0142aw","description":"Stadium venue plot surface area: 164 152 m\u00b2 building height: 39,33 m\u00a0= 155,05 m\u00a0n. p. m. facade made of translucent PTFE mesh \u2013\u00a0 25000m2 (3 pitches)","robots":{"index":"index","follow":"follow","max-snippet":"max-snippet:-1","max-image-preview":"max-image-preview:large","max-video-preview":"max-video-preview:-1"},"canonical":"https:\/\/tarczynskiarenawroclaw.pl\/en\/stadion\/facts\/","og_locale":"en_US","og_type":"article","og_title":"Facts and figures &#8211; Tarczy\u0144ski Arena Wroc\u0142aw","og_description":"Stadium venue plot surface area: 164 152 m\u00b2 building height: 39,33 m\u00a0= 155,05 m\u00a0n. p. m. facade made of translucent PTFE mesh \u2013\u00a0 25000m2 (3 pitches)","og_url":"https:\/\/tarczynskiarenawroclaw.pl\/en\/stadion\/facts\/","og_site_name":"Tarczy\u0144ski Arena Wroc\u0142aw","article_modified_time":"2024-12-27T10:11:24+00:00","og_image":[{"width":1024,"height":456,"url":"https:\/\/tarczynskiarenawroclaw.pl\/wp-content\/uploads\/2021\/08\/LG01986_male.jpg","type":"image\/jpeg"}],"twitter_card":"summary_large_image","twitter_misc":{"Est. reading time":"3 minutes"},"schema":{"@context":"https:\/\/schema.org","@graph":[{"@type":"WebPage","@id":"https:\/\/tarczynskiarenawroclaw.pl\/en\/stadion\/facts\/","url":"https:\/\/tarczynskiarenawroclaw.pl\/en\/stadion\/facts\/","name":"Facts and figures &#8211; Tarczy\u0144ski Arena Wroc\u0142aw","isPartOf":{"@id":"https:\/\/tarczynskiarenawroclaw.pl\/#website"},"primaryImageOfPage":{"@id":"https:\/\/tarczynskiarenawroclaw.pl\/en\/stadion\/facts\/#primaryimage"},"image":{"@id":"https:\/\/tarczynskiarenawroclaw.pl\/en\/stadion\/facts\/#primaryimage"},"thumbnailUrl":"https:\/\/tarczynskiarenawroclaw.pl\/wp-content\/uploads\/2021\/08\/LG01986_male.jpg","datePublished":"2021-09-01T11:02:12+00:00","dateModified":"2024-12-27T10:11:24+00:00","description":"Stadium venue plot surface area: 164 152 m\u00b2 building height: 39,33 m\u00a0= 155,05 m\u00a0n. p. m. facade made of translucent PTFE mesh \u2013\u00a0 25000m2 (3 pitches)","breadcrumb":{"@id":"https:\/\/tarczynskiarenawroclaw.pl\/en\/stadion\/facts\/#breadcrumb"},"inLanguage":"en-US","potentialAction":[{"@type":"ReadAction","target":["https:\/\/tarczynskiarenawroclaw.pl\/en\/stadion\/facts\/"]}]},{"@type":"ImageObject","inLanguage":"en-US","@id":"https:\/\/tarczynskiarenawroclaw.pl\/en\/stadion\/facts\/#primaryimage","url":"https:\/\/tarczynskiarenawroclaw.pl\/wp-content\/uploads\/2021\/08\/LG01986_male.jpg","contentUrl":"https:\/\/tarczynskiarenawroclaw.pl\/wp-content\/uploads\/2021\/08\/LG01986_male.jpg","width":1024,"height":456},{"@type":"BreadcrumbList","@id":"https:\/\/tarczynskiarenawroclaw.pl\/en\/stadion\/facts\/#breadcrumb","itemListElement":[{"@type":"ListItem","position":1,"name":"Strona g\u0142\u00f3wna","item":"https:\/\/tarczynskiarenawroclaw.pl\/en\/"},{"@type":"ListItem","position":2,"name":"Stadium","item":"https:\/\/tarczynskiarenawroclaw.pl\/en\/stadion\/"},{"@type":"ListItem","position":3,"name":"Facts and figures"}]},{"@type":"WebSite","@id":"https:\/\/tarczynskiarenawroclaw.pl\/#website","url":"https:\/\/tarczynskiarenawroclaw.pl\/","name":"Tarczy\u0144ski Arena Wroc\u0142aw","description":"Stadion Miejski we Wroc\u0142awiu","publisher":{"@id":"https:\/\/tarczynskiarenawroclaw.pl\/#organization"},"potentialAction":[{"@type":"SearchAction","target":{"@type":"EntryPoint","urlTemplate":"https:\/\/tarczynskiarenawroclaw.pl\/?s={search_term_string}"},"query-input":{"@type":"PropertyValueSpecification","valueRequired":true,"valueName":"search_term_string"}}],"inLanguage":"en-US"},{"@type":"Organization","@id":"https:\/\/tarczynskiarenawroclaw.pl\/#organization","name":"Stadion Wroc\u0142aw","url":"https:\/\/tarczynskiarenawroclaw.pl\/","logo":{"@type":"ImageObject","inLanguage":"en-US","@id":"https:\/\/tarczynskiarenawroclaw.pl\/#\/schema\/logo\/image\/","url":"https:\/\/stadionwroclaw.pl\/wp-content\/uploads\/2021\/08\/favicon-stadion-wroclaw.png","contentUrl":"https:\/\/stadionwroclaw.pl\/wp-content\/uploads\/2021\/08\/favicon-stadion-wroclaw.png","width":512,"height":512,"caption":"Stadion Wroc\u0142aw"},"image":{"@id":"https:\/\/tarczynskiarenawroclaw.pl\/#\/schema\/logo\/image\/"}}]}},"coauthors":[],"author_meta":{"author_link":"https:\/\/tarczynskiarenawroclaw.pl\/en\/author\/sw-admin\/","display_name":"WLM"},"relative_dates":{"created":"Posted 5 years ago","modified":"Updated 1 year ago"},"absolute_dates":{"created":"Posted on 01.09.2021","modified":"Updated on 27.12.2024"},"absolute_dates_time":{"created":"Posted on 01.09.2021 13:02","modified":"Updated on 27.12.2024 11:11"},"featured_img_caption":"","featured_img":"https:\/\/tarczynskiarenawroclaw.pl\/wp-content\/uploads\/2021\/08\/LG01986_male-330x330.jpg","series_order":"","_links":{"self":[{"href":"https:\/\/tarczynskiarenawroclaw.pl\/en\/wp-json\/wp\/v2\/pages\/9929","targetHints":{"allow":["GET"]}}],"collection":[{"href":"https:\/\/tarczynskiarenawroclaw.pl\/en\/wp-json\/wp\/v2\/pages"}],"about":[{"href":"https:\/\/tarczynskiarenawroclaw.pl\/en\/wp-json\/wp\/v2\/types\/page"}],"author":[{"embeddable":true,"href":"https:\/\/tarczynskiarenawroclaw.pl\/en\/wp-json\/wp\/v2\/users\/1"}],"replies":[{"embeddable":true,"href":"https:\/\/tarczynskiarenawroclaw.pl\/en\/wp-json\/wp\/v2\/comments?post=9929"}],"version-history":[{"count":1,"href":"https:\/\/tarczynskiarenawroclaw.pl\/en\/wp-json\/wp\/v2\/pages\/9929\/revisions"}],"predecessor-version":[{"id":16289,"href":"https:\/\/tarczynskiarenawroclaw.pl\/en\/wp-json\/wp\/v2\/pages\/9929\/revisions\/16289"}],"up":[{"embeddable":true,"href":"https:\/\/tarczynskiarenawroclaw.pl\/en\/wp-json\/wp\/v2\/pages\/7935"}],"wp:featuredmedia":[{"embeddable":true,"href":"https:\/\/tarczynskiarenawroclaw.pl\/en\/wp-json\/wp\/v2\/media\/9062"}],"wp:attachment":[{"href":"https:\/\/tarczynskiarenawroclaw.pl\/en\/wp-json\/wp\/v2\/media?parent=9929"}],"curies":[{"name":"wp","href":"https:\/\/api.w.org\/{rel}","templated":true}]}}