{"id":9933,"date":"2021-09-01T13:04:59","date_gmt":"2021-09-01T11:04:59","guid":{"rendered":"https:\/\/tarczynskiarenawroclaw.pl\/?page_id=9933"},"modified":"2021-09-01T13:05:00","modified_gmt":"2021-09-01T11:05:00","slug":"partners","status":"publish","type":"page","link":"https:\/\/tarczynskiarenawroclaw.pl\/en\/stadion\/partners\/","title":{"rendered":"Partners"},"content":{"rendered":"\n<div class=\"wp-block-group alignfull section-partners is-layout-constrained wp-container-core-group-is-layout-e386c880 wp-block-group-is-layout-constrained\">\n<div class=\"wp-block-columns is-layout-flex wp-container-core-columns-is-layout-9d6595d7 wp-block-columns-is-layout-flex\">\n<div class=\"wp-block-column animated fadeIn is-layout-flow wp-block-column-is-layout-flow\">    <div class=\"row posts-list-wrap partners-grid\">\r\n                    <div class=\"col-sm-3 col-6 one-item\">\r\n                <div class=\"item-partner\">\r\n                                                <a class=\"item-link\" href=\"https:\/\/www.coca-cola.pl\/\" rel=\"nofollow\" title=\"Coca Cola\" target=\"_blank\">\r\n                                                        <figure class=\"post-thumbnail\">\r\n                                <img decoding=\"async\" src=\"https:\/\/tarczynskiarenawroclaw.pl\/wp-content\/uploads\/2021\/08\/Coca-Cola.webp\" alt=\"Coca Cola\">\r\n                            <\/figure>\r\n                                                        <\/a>\r\n                                            \r\n                <\/div>\r\n            <\/div>\r\n\r\n                    <div class=\"col-sm-3 col-6 one-item\">\r\n                <div class=\"item-partner\">\r\n                                                <a class=\"item-link\" href=\"https:\/\/aquapark.wroc.pl\/pl\" rel=\"nofollow\" title=\"Aquapark Wroclaw\" target=\"_blank\">\r\n                                                        <figure class=\"post-thumbnail\">\r\n                                <img decoding=\"async\" src=\"https:\/\/tarczynskiarenawroclaw.pl\/wp-content\/uploads\/2021\/08\/Aquapark-Wroclaw.webp\" alt=\"Aquapark Wroclaw\">\r\n                            <\/figure>\r\n                                                        <\/a>\r\n                                            \r\n                <\/div>\r\n            <\/div>\r\n\r\n                    <div class=\"col-sm-3 col-6 one-item\">\r\n                <div class=\"item-partner\">\r\n                                                <a class=\"item-link\" href=\"https:\/\/www.wroclaw.pl\/nasz-wroclaw\/\" rel=\"nofollow\" title=\"Nasz Wroclaw\" target=\"_blank\">\r\n                                                        <figure class=\"post-thumbnail\">\r\n                                <img decoding=\"async\" src=\"https:\/\/tarczynskiarenawroclaw.pl\/wp-content\/uploads\/2023\/08\/nasz-wroclaw-logo.svg\" alt=\"Nasz Wroclaw\">\r\n                            <\/figure>\r\n                                                        <\/a>\r\n                                            \r\n                <\/div>\r\n            <\/div>\r\n\r\n                    <div class=\"col-sm-3 col-6 one-item\">\r\n                <div class=\"item-partner\">\r\n                                                <a class=\"item-link\" href=\"https:\/\/www.wroclaw.pl\/nasz-wroclaw\/nasz-wroclaw-max\" rel=\"nofollow\" title=\"Max\" target=\"_blank\">\r\n                                                        <figure class=\"post-thumbnail\">\r\n                                <img decoding=\"async\" src=\"https:\/\/tarczynskiarenawroclaw.pl\/wp-content\/uploads\/2023\/08\/max-logo.svg\" alt=\"Max\">\r\n                            <\/figure>\r\n                                                        <\/a>\r\n                                            \r\n                <\/div>\r\n            <\/div>\r\n\r\n                    <div class=\"col-sm-3 col-6 one-item\">\r\n                <div class=\"item-partner\">\r\n                                                <a class=\"item-link\" href=\"https:\/\/impel.pl\/\" rel=\"nofollow\" title=\"Impel Group\" target=\"_blank\">\r\n                                                        <figure class=\"post-thumbnail\">\r\n                                <img decoding=\"async\" src=\"https:\/\/tarczynskiarenawroclaw.pl\/wp-content\/uploads\/2021\/08\/Impel-Group.webp\" alt=\"Impel Group\">\r\n                            <\/figure>\r\n                                                        <\/a>\r\n                                            \r\n                <\/div>\r\n            <\/div>\r\n\r\n                    <div class=\"col-sm-3 col-6 one-item\">\r\n                <div class=\"item-partner\">\r\n                                                <a class=\"item-link\" href=\"https:\/\/kolejkowo.pl\/\" rel=\"nofollow\" title=\"Kolejkowo\" target=\"_blank\">\r\n                                                        <figure class=\"post-thumbnail\">\r\n                                <img decoding=\"async\" src=\"https:\/\/tarczynskiarenawroclaw.pl\/wp-content\/uploads\/2021\/07\/kolejkowo.png\" alt=\"Kolejkowo\">\r\n                            <\/figure>\r\n                                                        <\/a>\r\n                                            \r\n                <\/div>\r\n            <\/div>\r\n\r\n                    <div class=\"col-sm-3 col-6 one-item\">\r\n                <div class=\"item-partner\">\r\n                                                <a class=\"item-link\" href=\"https:\/\/lexus-wroclaw.pl\/\" rel=\"nofollow\" title=\"Lexus Wroclaw\" target=\"_blank\">\r\n                                                        <figure class=\"post-thumbnail\">\r\n                                <img decoding=\"async\" src=\"https:\/\/tarczynskiarenawroclaw.pl\/wp-content\/uploads\/2021\/08\/Lexus-Wroclaw.webp\" alt=\"Lexus Wroclaw\">\r\n                            <\/figure>\r\n                                                        <\/a>\r\n                                            \r\n                <\/div>\r\n            <\/div>\r\n\r\n                    <div class=\"col-sm-3 col-6 one-item\">\r\n                <div class=\"item-partner\">\r\n                                                <a class=\"item-link\" href=\"https:\/\/www.dreamjump.pl\/pl\" rel=\"nofollow\" title=\"Dreamjump\" target=\"_blank\">\r\n                                                        <figure class=\"post-thumbnail\">\r\n                                <img decoding=\"async\" src=\"https:\/\/tarczynskiarenawroclaw.pl\/wp-content\/uploads\/2021\/08\/dreamjump-1.png\" alt=\"Dreamjump\">\r\n                            <\/figure>\r\n                                                        <\/a>\r\n                                            \r\n                <\/div>\r\n            <\/div>\r\n\r\n                    <div class=\"col-sm-3 col-6 one-item\">\r\n                <div class=\"item-partner\">\r\n                                                <a class=\"item-link\" href=\"https:\/\/lemans.pl\/\" rel=\"nofollow\" title=\"Lemans\" target=\"_blank\">\r\n                                                        <figure class=\"post-thumbnail\">\r\n                                <img decoding=\"async\" src=\"https:\/\/tarczynskiarenawroclaw.pl\/wp-content\/uploads\/2021\/08\/Lemans.webp\" alt=\"Lemans\">\r\n                            <\/figure>\r\n                                                        <\/a>\r\n                                            \r\n                <\/div>\r\n            <\/div>\r\n\r\n                    <div class=\"col-sm-3 col-6 one-item\">\r\n                <div class=\"item-partner\">\r\n                                                <a class=\"item-link\" href=\"https:\/\/airport.wroclaw.pl\/\" rel=\"nofollow\" title=\"Wroclaw Airport\" target=\"_blank\">\r\n                                                        <figure class=\"post-thumbnail\">\r\n                                <img decoding=\"async\" src=\"https:\/\/tarczynskiarenawroclaw.pl\/wp-content\/uploads\/2021\/07\/lotnisko.png\" alt=\"Wroclaw Airport\">\r\n                            <\/figure>\r\n                                                        <\/a>\r\n                                            \r\n                <\/div>\r\n            <\/div>\r\n\r\n                    <div class=\"col-sm-3 col-6 one-item\">\r\n                <div class=\"item-partner\">\r\n                                                <a class=\"item-link\" href=\"https:\/\/pogotowie-ratunkowe.pl\/\" rel=\"nofollow\" title=\"Pogotowie Ratunkowe we Wroc\u0142awiu\" target=\"_blank\">\r\n                                                        <figure class=\"post-thumbnail\">\r\n                                <img decoding=\"async\" src=\"https:\/\/tarczynskiarenawroclaw.pl\/wp-content\/uploads\/2021\/07\/pogotowie-ratunkowe.png\" alt=\"Pogotowie Ratunkowe we Wroc\u0142awiu\">\r\n                            <\/figure>\r\n                                                        <\/a>\r\n                                            \r\n                <\/div>\r\n            <\/div>\r\n\r\n                    <div class=\"col-sm-3 col-6 one-item\">\r\n                <div class=\"item-partner\">\r\n                                                <a class=\"item-link\" href=\"http:\/\/ipfservice.pl\/\" rel=\"nofollow\" title=\"IPF service\" target=\"_blank\">\r\n                                                        <figure class=\"post-thumbnail\">\r\n                                <img decoding=\"async\" src=\"https:\/\/tarczynskiarenawroclaw.pl\/wp-content\/uploads\/2021\/12\/ipf-service-logo-1.png\" alt=\"IPF service\">\r\n                            <\/figure>\r\n                                                        <\/a>\r\n                                            \r\n                <\/div>\r\n            <\/div>\r\n\r\n            <\/div>\r\n\r\n\r\n    <div class=\"navigation-row\">\r\n        <div class=\"d-flex\">\r\n                    <\/div>\r\n    <\/div>\r\n\r\n\n<\/div>\n<\/div>\n<\/div>\n","protected":false},"excerpt":{"rendered":"","protected":false},"author":1,"featured_media":10643,"parent":7935,"menu_order":82,"comment_status":"closed","ping_status":"closed","template":"","meta":{"advgb_blocks_editor_width":"","advgb_blocks_columns_visual_guide":"","footnotes":""},"class_list":["post-9933","page","type-page","status-publish","has-post-thumbnail","hentry"],"yoast_head":"<!-- This site is optimized with the Yoast SEO plugin v25.9 - https:\/\/yoast.com\/wordpress\/plugins\/seo\/ -->\n<title>Partners &#8211; Tarczy\u0144ski Arena Wroc\u0142aw<\/title>\n<meta name=\"robots\" content=\"index, follow, max-snippet:-1, max-image-preview:large, max-video-preview:-1\" \/>\n<link rel=\"canonical\" href=\"https:\/\/tarczynskiarenawroclaw.pl\/en\/stadion\/partners\/\" \/>\n<meta property=\"og:locale\" content=\"en_US\" \/>\n<meta property=\"og:type\" content=\"article\" \/>\n<meta property=\"og:title\" content=\"Partners &#8211; Tarczy\u0144ski Arena Wroc\u0142aw\" \/>\n<meta property=\"og:url\" content=\"https:\/\/tarczynskiarenawroclaw.pl\/en\/stadion\/partners\/\" \/>\n<meta property=\"og:site_name\" content=\"Tarczy\u0144ski Arena Wroc\u0142aw\" \/>\n<meta property=\"article:modified_time\" content=\"2021-09-01T11:05:00+00:00\" \/>\n<meta property=\"og:image\" content=\"https:\/\/tarczynskiarenawroclaw.pl\/wp-content\/uploads\/2021\/09\/partners.jpg\" \/>\n\t<meta property=\"og:image:width\" content=\"626\" \/>\n\t<meta property=\"og:image:height\" content=\"417\" \/>\n\t<meta property=\"og:image:type\" content=\"image\/jpeg\" \/>\n<meta name=\"twitter:card\" content=\"summary_large_image\" \/>\n<meta name=\"twitter:label1\" content=\"Est. reading time\" \/>\n\t<meta name=\"twitter:data1\" content=\"1 minute\" \/>\n<script type=\"application\/ld+json\" class=\"yoast-schema-graph\">{\"@context\":\"https:\/\/schema.org\",\"@graph\":[{\"@type\":\"WebPage\",\"@id\":\"https:\/\/tarczynskiarenawroclaw.pl\/en\/stadion\/partners\/\",\"url\":\"https:\/\/tarczynskiarenawroclaw.pl\/en\/stadion\/partners\/\",\"name\":\"Partners &#8211; Tarczy\u0144ski Arena Wroc\u0142aw\",\"isPartOf\":{\"@id\":\"https:\/\/tarczynskiarenawroclaw.pl\/#website\"},\"primaryImageOfPage\":{\"@id\":\"https:\/\/tarczynskiarenawroclaw.pl\/en\/stadion\/partners\/#primaryimage\"},\"image\":{\"@id\":\"https:\/\/tarczynskiarenawroclaw.pl\/en\/stadion\/partners\/#primaryimage\"},\"thumbnailUrl\":\"https:\/\/tarczynskiarenawroclaw.pl\/wp-content\/uploads\/2021\/09\/partners.jpg\",\"datePublished\":\"2021-09-01T11:04:59+00:00\",\"dateModified\":\"2021-09-01T11:05:00+00:00\",\"breadcrumb\":{\"@id\":\"https:\/\/tarczynskiarenawroclaw.pl\/en\/stadion\/partners\/#breadcrumb\"},\"inLanguage\":\"en-US\",\"potentialAction\":[{\"@type\":\"ReadAction\",\"target\":[\"https:\/\/tarczynskiarenawroclaw.pl\/en\/stadion\/partners\/\"]}]},{\"@type\":\"ImageObject\",\"inLanguage\":\"en-US\",\"@id\":\"https:\/\/tarczynskiarenawroclaw.pl\/en\/stadion\/partners\/#primaryimage\",\"url\":\"https:\/\/tarczynskiarenawroclaw.pl\/wp-content\/uploads\/2021\/09\/partners.jpg\",\"contentUrl\":\"https:\/\/tarczynskiarenawroclaw.pl\/wp-content\/uploads\/2021\/09\/partners.jpg\",\"width\":626,\"height\":417,\"caption\":\"Partnerzy stadionu\"},{\"@type\":\"BreadcrumbList\",\"@id\":\"https:\/\/tarczynskiarenawroclaw.pl\/en\/stadion\/partners\/#breadcrumb\",\"itemListElement\":[{\"@type\":\"ListItem\",\"position\":1,\"name\":\"Strona g\u0142\u00f3wna\",\"item\":\"https:\/\/tarczynskiarenawroclaw.pl\/en\/\"},{\"@type\":\"ListItem\",\"position\":2,\"name\":\"Stadium\",\"item\":\"https:\/\/tarczynskiarenawroclaw.pl\/en\/stadion\/\"},{\"@type\":\"ListItem\",\"position\":3,\"name\":\"Partners\"}]},{\"@type\":\"WebSite\",\"@id\":\"https:\/\/tarczynskiarenawroclaw.pl\/#website\",\"url\":\"https:\/\/tarczynskiarenawroclaw.pl\/\",\"name\":\"Tarczy\u0144ski Arena Wroc\u0142aw\",\"description\":\"Stadion Miejski we Wroc\u0142awiu\",\"publisher\":{\"@id\":\"https:\/\/tarczynskiarenawroclaw.pl\/#organization\"},\"potentialAction\":[{\"@type\":\"SearchAction\",\"target\":{\"@type\":\"EntryPoint\",\"urlTemplate\":\"https:\/\/tarczynskiarenawroclaw.pl\/?s={search_term_string}\"},\"query-input\":{\"@type\":\"PropertyValueSpecification\",\"valueRequired\":true,\"valueName\":\"search_term_string\"}}],\"inLanguage\":\"en-US\"},{\"@type\":\"Organization\",\"@id\":\"https:\/\/tarczynskiarenawroclaw.pl\/#organization\",\"name\":\"Stadion Wroc\u0142aw\",\"url\":\"https:\/\/tarczynskiarenawroclaw.pl\/\",\"logo\":{\"@type\":\"ImageObject\",\"inLanguage\":\"en-US\",\"@id\":\"https:\/\/tarczynskiarenawroclaw.pl\/#\/schema\/logo\/image\/\",\"url\":\"https:\/\/stadionwroclaw.pl\/wp-content\/uploads\/2021\/08\/favicon-stadion-wroclaw.png\",\"contentUrl\":\"https:\/\/stadionwroclaw.pl\/wp-content\/uploads\/2021\/08\/favicon-stadion-wroclaw.png\",\"width\":512,\"height\":512,\"caption\":\"Stadion Wroc\u0142aw\"},\"image\":{\"@id\":\"https:\/\/tarczynskiarenawroclaw.pl\/#\/schema\/logo\/image\/\"}}]}<\/script>\n<!-- \/ Yoast SEO plugin. -->","yoast_head_json":{"title":"Partners &#8211; Tarczy\u0144ski Arena Wroc\u0142aw","robots":{"index":"index","follow":"follow","max-snippet":"max-snippet:-1","max-image-preview":"max-image-preview:large","max-video-preview":"max-video-preview:-1"},"canonical":"https:\/\/tarczynskiarenawroclaw.pl\/en\/stadion\/partners\/","og_locale":"en_US","og_type":"article","og_title":"Partners &#8211; Tarczy\u0144ski Arena Wroc\u0142aw","og_url":"https:\/\/tarczynskiarenawroclaw.pl\/en\/stadion\/partners\/","og_site_name":"Tarczy\u0144ski Arena Wroc\u0142aw","article_modified_time":"2021-09-01T11:05:00+00:00","og_image":[{"width":626,"height":417,"url":"https:\/\/tarczynskiarenawroclaw.pl\/wp-content\/uploads\/2021\/09\/partners.jpg","type":"image\/jpeg"}],"twitter_card":"summary_large_image","twitter_misc":{"Est. reading time":"1 minute"},"schema":{"@context":"https:\/\/schema.org","@graph":[{"@type":"WebPage","@id":"https:\/\/tarczynskiarenawroclaw.pl\/en\/stadion\/partners\/","url":"https:\/\/tarczynskiarenawroclaw.pl\/en\/stadion\/partners\/","name":"Partners &#8211; Tarczy\u0144ski Arena Wroc\u0142aw","isPartOf":{"@id":"https:\/\/tarczynskiarenawroclaw.pl\/#website"},"primaryImageOfPage":{"@id":"https:\/\/tarczynskiarenawroclaw.pl\/en\/stadion\/partners\/#primaryimage"},"image":{"@id":"https:\/\/tarczynskiarenawroclaw.pl\/en\/stadion\/partners\/#primaryimage"},"thumbnailUrl":"https:\/\/tarczynskiarenawroclaw.pl\/wp-content\/uploads\/2021\/09\/partners.jpg","datePublished":"2021-09-01T11:04:59+00:00","dateModified":"2021-09-01T11:05:00+00:00","breadcrumb":{"@id":"https:\/\/tarczynskiarenawroclaw.pl\/en\/stadion\/partners\/#breadcrumb"},"inLanguage":"en-US","potentialAction":[{"@type":"ReadAction","target":["https:\/\/tarczynskiarenawroclaw.pl\/en\/stadion\/partners\/"]}]},{"@type":"ImageObject","inLanguage":"en-US","@id":"https:\/\/tarczynskiarenawroclaw.pl\/en\/stadion\/partners\/#primaryimage","url":"https:\/\/tarczynskiarenawroclaw.pl\/wp-content\/uploads\/2021\/09\/partners.jpg","contentUrl":"https:\/\/tarczynskiarenawroclaw.pl\/wp-content\/uploads\/2021\/09\/partners.jpg","width":626,"height":417,"caption":"Partnerzy stadionu"},{"@type":"BreadcrumbList","@id":"https:\/\/tarczynskiarenawroclaw.pl\/en\/stadion\/partners\/#breadcrumb","itemListElement":[{"@type":"ListItem","position":1,"name":"Strona g\u0142\u00f3wna","item":"https:\/\/tarczynskiarenawroclaw.pl\/en\/"},{"@type":"ListItem","position":2,"name":"Stadium","item":"https:\/\/tarczynskiarenawroclaw.pl\/en\/stadion\/"},{"@type":"ListItem","position":3,"name":"Partners"}]},{"@type":"WebSite","@id":"https:\/\/tarczynskiarenawroclaw.pl\/#website","url":"https:\/\/tarczynskiarenawroclaw.pl\/","name":"Tarczy\u0144ski Arena Wroc\u0142aw","description":"Stadion Miejski we Wroc\u0142awiu","publisher":{"@id":"https:\/\/tarczynskiarenawroclaw.pl\/#organization"},"potentialAction":[{"@type":"SearchAction","target":{"@type":"EntryPoint","urlTemplate":"https:\/\/tarczynskiarenawroclaw.pl\/?s={search_term_string}"},"query-input":{"@type":"PropertyValueSpecification","valueRequired":true,"valueName":"search_term_string"}}],"inLanguage":"en-US"},{"@type":"Organization","@id":"https:\/\/tarczynskiarenawroclaw.pl\/#organization","name":"Stadion Wroc\u0142aw","url":"https:\/\/tarczynskiarenawroclaw.pl\/","logo":{"@type":"ImageObject","inLanguage":"en-US","@id":"https:\/\/tarczynskiarenawroclaw.pl\/#\/schema\/logo\/image\/","url":"https:\/\/stadionwroclaw.pl\/wp-content\/uploads\/2021\/08\/favicon-stadion-wroclaw.png","contentUrl":"https:\/\/stadionwroclaw.pl\/wp-content\/uploads\/2021\/08\/favicon-stadion-wroclaw.png","width":512,"height":512,"caption":"Stadion Wroc\u0142aw"},"image":{"@id":"https:\/\/tarczynskiarenawroclaw.pl\/#\/schema\/logo\/image\/"}}]}},"coauthors":[],"author_meta":{"author_link":"https:\/\/tarczynskiarenawroclaw.pl\/en\/author\/sw-admin\/","display_name":"WLM"},"relative_dates":{"created":"Posted 5 years ago","modified":"Updated 5 years ago"},"absolute_dates":{"created":"Posted on 01.09.2021","modified":"Updated on 01.09.2021"},"absolute_dates_time":{"created":"Posted on 01.09.2021 13:04","modified":"Updated on 01.09.2021 13:05"},"featured_img_caption":"","featured_img":"https:\/\/tarczynskiarenawroclaw.pl\/wp-content\/uploads\/2021\/09\/partners-330x330.jpg","series_order":"","_links":{"self":[{"href":"https:\/\/tarczynskiarenawroclaw.pl\/en\/wp-json\/wp\/v2\/pages\/9933","targetHints":{"allow":["GET"]}}],"collection":[{"href":"https:\/\/tarczynskiarenawroclaw.pl\/en\/wp-json\/wp\/v2\/pages"}],"about":[{"href":"https:\/\/tarczynskiarenawroclaw.pl\/en\/wp-json\/wp\/v2\/types\/page"}],"author":[{"embeddable":true,"href":"https:\/\/tarczynskiarenawroclaw.pl\/en\/wp-json\/wp\/v2\/users\/1"}],"replies":[{"embeddable":true,"href":"https:\/\/tarczynskiarenawroclaw.pl\/en\/wp-json\/wp\/v2\/comments?post=9933"}],"version-history":[{"count":0,"href":"https:\/\/tarczynskiarenawroclaw.pl\/en\/wp-json\/wp\/v2\/pages\/9933\/revisions"}],"up":[{"embeddable":true,"href":"https:\/\/tarczynskiarenawroclaw.pl\/en\/wp-json\/wp\/v2\/pages\/7935"}],"wp:featuredmedia":[{"embeddable":true,"href":"https:\/\/tarczynskiarenawroclaw.pl\/en\/wp-json\/wp\/v2\/media\/10643"}],"wp:attachment":[{"href":"https:\/\/tarczynskiarenawroclaw.pl\/en\/wp-json\/wp\/v2\/media?parent=9933"}],"curies":[{"name":"wp","href":"https:\/\/api.w.org\/{rel}","templated":true}]}}