{"id":9943,"date":"2021-09-02T09:12:51","date_gmt":"2021-09-02T07:12:51","guid":{"rendered":"https:\/\/tarczynskiarenawroclaw.pl\/?page_id=9943"},"modified":"2021-11-29T13:27:13","modified_gmt":"2021-11-29T12:27:13","slug":"sightseeing","status":"publish","type":"page","link":"https:\/\/tarczynskiarenawroclaw.pl\/en\/for-visitors\/sightseeing\/","title":{"rendered":"Guided tours"},"content":{"rendered":"\n<div class=\"wp-block-columns is-layout-flex wp-container-core-columns-is-layout-9d6595d7 wp-block-columns-is-layout-flex\">\n<div class=\"wp-block-column is-layout-flow wp-block-column-is-layout-flow\">\n<figure class=\"wp-block-image size-full\"><img loading=\"lazy\" decoding=\"async\" width=\"1024\" height=\"684\" src=\"https:\/\/tarczynskiarenawroclaw.pl\/wp-content\/uploads\/2021\/08\/LGI9316-1024x684-1.jpg\" alt=\"Poznaj najskrytsze zak\u0105tki Stadionu Wroc\u0142aw\" class=\"wp-image-9112\"\/><\/figure>\n<\/div>\n\n\n\n<div class=\"wp-block-column is-layout-flow wp-block-column-is-layout-flow\">\n<h2 class=\"wp-block-heading\">Fill in the footsteps of WKS football players! <\/h2>\n\n\n\n<p>Have a closer look at the turf, step into players&#8217; changing rooms and take a peek at places invisible to the public eye. All this while listening to captivating stories and fun facts about Tarczy\u0144ski Arena! A guided tour lasts for about 45 minutes.<\/p>\n\n\n\n<p><strong>Because of COVID-19, we require that visitors wear masks at all times during the tour and keep the necessary distance between others.<\/strong><\/p>\n\n\n\n<p>Individual guided tours without reservation (only in Polish):<\/p>\n\n\n\n<ul class=\"wp-block-list\"><li><strong>Tuesday<\/strong>&nbsp;at&nbsp;<strong>14:00<\/strong><\/li><li><strong>Friday<\/strong> at&nbsp;<strong>10:00<\/strong><\/li><\/ul>\n\n\n\n\n<\/div>\n<\/div>\n\n\n\n<div class=\"wp-block-columns is-layout-flex wp-container-core-columns-is-layout-9d6595d7 wp-block-columns-is-layout-flex\">\n<div class=\"wp-block-column is-layout-flow wp-block-column-is-layout-flow\">\n<div class=\"wp-block-group block-text-bg is-layout-flow wp-block-group-is-layout-flow\">\n<p><strong>Tickets (Monday- Friday):<\/strong><\/p>\n\n\n\n<ul class=\"wp-block-list\"><li>students: 12 z\u0142 ; <\/li><li>normal: 15 z\u0142<\/li><\/ul>\n\n\n\n<p><strong>Tickets (Weekends and holidays):<\/strong><\/p>\n\n\n\n<ul class=\"wp-block-list\"><li>students: 15 z\u0142 ;&nbsp;<\/li><li>normal: 20 z\u0142<\/li><\/ul>\n\n\n\n<p><strong>Tickets can be purchased on site. We accept card payments only.<\/strong>&nbsp;<\/p>\n\n\n\n<p>Meeting point: Wroclaw Stadium reception,&nbsp;ground level&nbsp;(<strong>W1 entry<\/strong>).<\/p>\n<\/div>\n<\/div>\n\n\n\n<div class=\"wp-block-column is-layout-flow wp-block-column-is-layout-flow\">\n\n\n\n\n<p><strong>Guided tours in English require a previous reservation.<\/strong><\/p>\n\n\n\n<p>Please take into consideration that some days are discluded from scheduling guided tours because of possible match days or other events. Before contacting us, refer to a touring calendar.<\/p>\n\n\n\n<p class=\"has-text-align-left\"><strong>Contact us:<\/strong><\/p>\n\n\n\n<p class=\"has-text-align-left\">Tel. <a href=\"tel:48606492892\">+48 606 492 892<\/a><\/p>\n\n\n\n<p class=\"has-text-align-left\"><a href=\"mailto:zwiedzanie@stadionwroclaw.pl\" target=\"_blank\" rel=\"noreferrer noopener\">zwiedzanie@stadionwroclaw.pl<\/a><\/p>\n<\/div>\n<\/div>\n\n\n\n<figure class=\"wp-block-gallery columns-4 is-cropped wp-block-gallery-1\"><ul class=\"blocks-gallery-grid\"><li class=\"blocks-gallery-item\"><figure><img loading=\"lazy\" decoding=\"async\" width=\"1034\" height=\"690\" src=\"https:\/\/tarczynskiarenawroclaw.pl\/wp-content\/uploads\/2021\/08\/zwiedzanie_wakacyjne13-1.jpg\" alt=\"\" data-id=\"9121\" data-link=\"https:\/\/tarczynskiarenawroclaw.pl\/dla-gosci\/zwiedzanie-z-przewodnikiem\/zwiedzanie_wakacyjne13-1\/\" class=\"wp-image-9121\"\/><\/figure><\/li><li class=\"blocks-gallery-item\"><figure><img loading=\"lazy\" decoding=\"async\" width=\"960\" height=\"640\" src=\"https:\/\/tarczynskiarenawroclaw.pl\/wp-content\/uploads\/2021\/08\/zwdm16.jpg\" alt=\"\" data-id=\"9123\" data-link=\"https:\/\/tarczynskiarenawroclaw.pl\/dla-gosci\/zwiedzanie-z-przewodnikiem\/zwdm16\/\" class=\"wp-image-9123\"\/><\/figure><\/li><li class=\"blocks-gallery-item\"><figure><img loading=\"lazy\" decoding=\"async\" width=\"960\" height=\"640\" src=\"https:\/\/tarczynskiarenawroclaw.pl\/wp-content\/uploads\/2021\/08\/zwiedzanie_0909_21.jpg\" alt=\"\" data-id=\"9125\" data-link=\"https:\/\/tarczynskiarenawroclaw.pl\/dla-gosci\/zwiedzanie-z-przewodnikiem\/zwiedzanie_0909_21\/\" class=\"wp-image-9125\"\/><\/figure><\/li><li class=\"blocks-gallery-item\"><figure><img loading=\"lazy\" decoding=\"async\" width=\"960\" height=\"640\" src=\"https:\/\/tarczynskiarenawroclaw.pl\/wp-content\/uploads\/2021\/08\/zwdm8.jpg\" alt=\"\" data-id=\"9127\" data-link=\"https:\/\/tarczynskiarenawroclaw.pl\/dla-gosci\/zwiedzanie-z-przewodnikiem\/zwdm8\/\" class=\"wp-image-9127\"\/><\/figure><\/li><li class=\"blocks-gallery-item\"><figure><img loading=\"lazy\" decoding=\"async\" width=\"960\" height=\"640\" src=\"https:\/\/tarczynskiarenawroclaw.pl\/wp-content\/uploads\/2021\/08\/zwiedzanie_0909_4.jpg\" alt=\"\" data-id=\"9129\" data-link=\"https:\/\/tarczynskiarenawroclaw.pl\/dla-gosci\/zwiedzanie-z-przewodnikiem\/zwiedzanie_0909_4\/\" class=\"wp-image-9129\"\/><\/figure><\/li><li class=\"blocks-gallery-item\"><figure><img loading=\"lazy\" decoding=\"async\" width=\"960\" height=\"640\" src=\"https:\/\/tarczynskiarenawroclaw.pl\/wp-content\/uploads\/2021\/08\/zwdm14.jpg\" alt=\"\" data-id=\"9131\" data-link=\"https:\/\/tarczynskiarenawroclaw.pl\/dla-gosci\/zwiedzanie-z-przewodnikiem\/zwdm14\/\" class=\"wp-image-9131\"\/><\/figure><\/li><li class=\"blocks-gallery-item\"><figure><img loading=\"lazy\" decoding=\"async\" width=\"448\" height=\"299\" src=\"https:\/\/tarczynskiarenawroclaw.pl\/wp-content\/uploads\/2021\/08\/LGI9412-1.jpg\" alt=\"\" data-id=\"9133\" data-link=\"https:\/\/tarczynskiarenawroclaw.pl\/dla-gosci\/zwiedzanie-z-przewodnikiem\/lgi9412-1\/\" class=\"wp-image-9133\"\/><\/figure><\/li><li class=\"blocks-gallery-item\"><figure><img loading=\"lazy\" decoding=\"async\" width=\"448\" height=\"299\" src=\"https:\/\/tarczynskiarenawroclaw.pl\/wp-content\/uploads\/2021\/08\/LGI9598-1.jpg\" alt=\"\" data-id=\"9135\" data-full-url=\"https:\/\/tarczynskiarenawroclaw.pl\/wp-content\/uploads\/2021\/08\/LGI9598-1.jpg\" data-link=\"https:\/\/tarczynskiarenawroclaw.pl\/dla-gosci\/zwiedzanie-z-przewodnikiem\/lgi9598-1\/\" class=\"wp-image-9135 is-layout-flex wp-block-gallery-is-layout-flex\"\/><\/figure><\/li><\/ul><\/figure>\n","protected":false},"excerpt":{"rendered":"<p>Fill in the footsteps of WKS football players! Have a closer look at&#8230;<\/p>\n","protected":false},"author":1,"featured_media":9113,"parent":9941,"menu_order":49,"comment_status":"closed","ping_status":"closed","template":"","meta":{"advgb_blocks_editor_width":"","advgb_blocks_columns_visual_guide":"","footnotes":""},"class_list":["post-9943","page","type-page","status-publish","has-post-thumbnail","hentry"],"yoast_head":"<!-- This site is optimized with the Yoast SEO plugin v25.9 - https:\/\/yoast.com\/wordpress\/plugins\/seo\/ -->\n<title>Guided tours &#8211; Tarczy\u0144ski Arena<\/title>\n<meta name=\"description\" content=\"Fill in the footsteps of WKS football players! Have a closer look at the turf, step into players&#039; changing rooms and take a peek at places invisible to\" \/>\n<meta name=\"robots\" content=\"index, follow, max-snippet:-1, max-image-preview:large, max-video-preview:-1\" \/>\n<link rel=\"canonical\" href=\"https:\/\/tarczynskiarenawroclaw.pl\/en\/for-visitors\/sightseeing\/\" \/>\n<meta property=\"og:locale\" content=\"en_US\" \/>\n<meta property=\"og:type\" content=\"article\" \/>\n<meta property=\"og:title\" content=\"Guided tours &#8211; Tarczy\u0144ski Arena\" \/>\n<meta property=\"og:description\" content=\"Fill in the footsteps of WKS football players! Have a closer look at the turf, step into players&#039; changing rooms and take a peek at places invisible to\" \/>\n<meta property=\"og:url\" content=\"https:\/\/tarczynskiarenawroclaw.pl\/en\/for-visitors\/sightseeing\/\" \/>\n<meta property=\"og:site_name\" content=\"Tarczy\u0144ski Arena Wroc\u0142aw\" \/>\n<meta property=\"article:modified_time\" content=\"2021-11-29T12:27:13+00:00\" \/>\n<meta property=\"og:image\" content=\"https:\/\/tarczynskiarenawroclaw.pl\/wp-content\/uploads\/2021\/08\/LGI9316-1024x684-1.jpg\" \/>\n\t<meta property=\"og:image:width\" content=\"1024\" \/>\n\t<meta property=\"og:image:height\" content=\"684\" \/>\n\t<meta property=\"og:image:type\" content=\"image\/jpeg\" \/>\n<meta name=\"twitter:card\" content=\"summary_large_image\" \/>\n<meta name=\"twitter:label1\" content=\"Est. reading time\" \/>\n\t<meta name=\"twitter:data1\" content=\"3 minutes\" \/>\n<script type=\"application\/ld+json\" class=\"yoast-schema-graph\">{\"@context\":\"https:\/\/schema.org\",\"@graph\":[{\"@type\":\"WebPage\",\"@id\":\"https:\/\/tarczynskiarenawroclaw.pl\/en\/for-visitors\/sightseeing\/\",\"url\":\"https:\/\/tarczynskiarenawroclaw.pl\/en\/for-visitors\/sightseeing\/\",\"name\":\"Guided tours &#8211; Tarczy\u0144ski Arena\",\"isPartOf\":{\"@id\":\"https:\/\/tarczynskiarenawroclaw.pl\/#website\"},\"primaryImageOfPage\":{\"@id\":\"https:\/\/tarczynskiarenawroclaw.pl\/en\/for-visitors\/sightseeing\/#primaryimage\"},\"image\":{\"@id\":\"https:\/\/tarczynskiarenawroclaw.pl\/en\/for-visitors\/sightseeing\/#primaryimage\"},\"thumbnailUrl\":\"https:\/\/tarczynskiarenawroclaw.pl\/wp-content\/uploads\/2021\/08\/LGI9316-1024x684-1.jpg\",\"datePublished\":\"2021-09-02T07:12:51+00:00\",\"dateModified\":\"2021-11-29T12:27:13+00:00\",\"description\":\"Fill in the footsteps of WKS football players! Have a closer look at the turf, step into players' changing rooms and take a peek at places invisible to\",\"breadcrumb\":{\"@id\":\"https:\/\/tarczynskiarenawroclaw.pl\/en\/for-visitors\/sightseeing\/#breadcrumb\"},\"inLanguage\":\"en-US\",\"potentialAction\":[{\"@type\":\"ReadAction\",\"target\":[\"https:\/\/tarczynskiarenawroclaw.pl\/en\/for-visitors\/sightseeing\/\"]}]},{\"@type\":\"ImageObject\",\"inLanguage\":\"en-US\",\"@id\":\"https:\/\/tarczynskiarenawroclaw.pl\/en\/for-visitors\/sightseeing\/#primaryimage\",\"url\":\"https:\/\/tarczynskiarenawroclaw.pl\/wp-content\/uploads\/2021\/08\/LGI9316-1024x684-1.jpg\",\"contentUrl\":\"https:\/\/tarczynskiarenawroclaw.pl\/wp-content\/uploads\/2021\/08\/LGI9316-1024x684-1.jpg\",\"width\":1024,\"height\":684},{\"@type\":\"BreadcrumbList\",\"@id\":\"https:\/\/tarczynskiarenawroclaw.pl\/en\/for-visitors\/sightseeing\/#breadcrumb\",\"itemListElement\":[{\"@type\":\"ListItem\",\"position\":1,\"name\":\"Strona g\u0142\u00f3wna\",\"item\":\"https:\/\/tarczynskiarenawroclaw.pl\/en\/\"},{\"@type\":\"ListItem\",\"position\":2,\"name\":\"For visitors\",\"item\":\"https:\/\/tarczynskiarenawroclaw.pl\/en\/for-visitors\/\"},{\"@type\":\"ListItem\",\"position\":3,\"name\":\"Guided tours\"}]},{\"@type\":\"WebSite\",\"@id\":\"https:\/\/tarczynskiarenawroclaw.pl\/#website\",\"url\":\"https:\/\/tarczynskiarenawroclaw.pl\/\",\"name\":\"Tarczy\u0144ski Arena Wroc\u0142aw\",\"description\":\"Stadion Miejski we Wroc\u0142awiu\",\"publisher\":{\"@id\":\"https:\/\/tarczynskiarenawroclaw.pl\/#organization\"},\"potentialAction\":[{\"@type\":\"SearchAction\",\"target\":{\"@type\":\"EntryPoint\",\"urlTemplate\":\"https:\/\/tarczynskiarenawroclaw.pl\/?s={search_term_string}\"},\"query-input\":{\"@type\":\"PropertyValueSpecification\",\"valueRequired\":true,\"valueName\":\"search_term_string\"}}],\"inLanguage\":\"en-US\"},{\"@type\":\"Organization\",\"@id\":\"https:\/\/tarczynskiarenawroclaw.pl\/#organization\",\"name\":\"Stadion Wroc\u0142aw\",\"url\":\"https:\/\/tarczynskiarenawroclaw.pl\/\",\"logo\":{\"@type\":\"ImageObject\",\"inLanguage\":\"en-US\",\"@id\":\"https:\/\/tarczynskiarenawroclaw.pl\/#\/schema\/logo\/image\/\",\"url\":\"https:\/\/stadionwroclaw.pl\/wp-content\/uploads\/2021\/08\/favicon-stadion-wroclaw.png\",\"contentUrl\":\"https:\/\/stadionwroclaw.pl\/wp-content\/uploads\/2021\/08\/favicon-stadion-wroclaw.png\",\"width\":512,\"height\":512,\"caption\":\"Stadion Wroc\u0142aw\"},\"image\":{\"@id\":\"https:\/\/tarczynskiarenawroclaw.pl\/#\/schema\/logo\/image\/\"}}]}<\/script>\n<!-- \/ Yoast SEO plugin. -->","yoast_head_json":{"title":"Guided tours &#8211; Tarczy\u0144ski Arena","description":"Fill in the footsteps of WKS football players! Have a closer look at the turf, step into players' changing rooms and take a peek at places invisible to","robots":{"index":"index","follow":"follow","max-snippet":"max-snippet:-1","max-image-preview":"max-image-preview:large","max-video-preview":"max-video-preview:-1"},"canonical":"https:\/\/tarczynskiarenawroclaw.pl\/en\/for-visitors\/sightseeing\/","og_locale":"en_US","og_type":"article","og_title":"Guided tours &#8211; Tarczy\u0144ski Arena","og_description":"Fill in the footsteps of WKS football players! Have a closer look at the turf, step into players' changing rooms and take a peek at places invisible to","og_url":"https:\/\/tarczynskiarenawroclaw.pl\/en\/for-visitors\/sightseeing\/","og_site_name":"Tarczy\u0144ski Arena Wroc\u0142aw","article_modified_time":"2021-11-29T12:27:13+00:00","og_image":[{"width":1024,"height":684,"url":"https:\/\/tarczynskiarenawroclaw.pl\/wp-content\/uploads\/2021\/08\/LGI9316-1024x684-1.jpg","type":"image\/jpeg"}],"twitter_card":"summary_large_image","twitter_misc":{"Est. reading time":"3 minutes"},"schema":{"@context":"https:\/\/schema.org","@graph":[{"@type":"WebPage","@id":"https:\/\/tarczynskiarenawroclaw.pl\/en\/for-visitors\/sightseeing\/","url":"https:\/\/tarczynskiarenawroclaw.pl\/en\/for-visitors\/sightseeing\/","name":"Guided tours &#8211; Tarczy\u0144ski Arena","isPartOf":{"@id":"https:\/\/tarczynskiarenawroclaw.pl\/#website"},"primaryImageOfPage":{"@id":"https:\/\/tarczynskiarenawroclaw.pl\/en\/for-visitors\/sightseeing\/#primaryimage"},"image":{"@id":"https:\/\/tarczynskiarenawroclaw.pl\/en\/for-visitors\/sightseeing\/#primaryimage"},"thumbnailUrl":"https:\/\/tarczynskiarenawroclaw.pl\/wp-content\/uploads\/2021\/08\/LGI9316-1024x684-1.jpg","datePublished":"2021-09-02T07:12:51+00:00","dateModified":"2021-11-29T12:27:13+00:00","description":"Fill in the footsteps of WKS football players! Have a closer look at the turf, step into players' changing rooms and take a peek at places invisible to","breadcrumb":{"@id":"https:\/\/tarczynskiarenawroclaw.pl\/en\/for-visitors\/sightseeing\/#breadcrumb"},"inLanguage":"en-US","potentialAction":[{"@type":"ReadAction","target":["https:\/\/tarczynskiarenawroclaw.pl\/en\/for-visitors\/sightseeing\/"]}]},{"@type":"ImageObject","inLanguage":"en-US","@id":"https:\/\/tarczynskiarenawroclaw.pl\/en\/for-visitors\/sightseeing\/#primaryimage","url":"https:\/\/tarczynskiarenawroclaw.pl\/wp-content\/uploads\/2021\/08\/LGI9316-1024x684-1.jpg","contentUrl":"https:\/\/tarczynskiarenawroclaw.pl\/wp-content\/uploads\/2021\/08\/LGI9316-1024x684-1.jpg","width":1024,"height":684},{"@type":"BreadcrumbList","@id":"https:\/\/tarczynskiarenawroclaw.pl\/en\/for-visitors\/sightseeing\/#breadcrumb","itemListElement":[{"@type":"ListItem","position":1,"name":"Strona g\u0142\u00f3wna","item":"https:\/\/tarczynskiarenawroclaw.pl\/en\/"},{"@type":"ListItem","position":2,"name":"For visitors","item":"https:\/\/tarczynskiarenawroclaw.pl\/en\/for-visitors\/"},{"@type":"ListItem","position":3,"name":"Guided tours"}]},{"@type":"WebSite","@id":"https:\/\/tarczynskiarenawroclaw.pl\/#website","url":"https:\/\/tarczynskiarenawroclaw.pl\/","name":"Tarczy\u0144ski Arena Wroc\u0142aw","description":"Stadion Miejski we Wroc\u0142awiu","publisher":{"@id":"https:\/\/tarczynskiarenawroclaw.pl\/#organization"},"potentialAction":[{"@type":"SearchAction","target":{"@type":"EntryPoint","urlTemplate":"https:\/\/tarczynskiarenawroclaw.pl\/?s={search_term_string}"},"query-input":{"@type":"PropertyValueSpecification","valueRequired":true,"valueName":"search_term_string"}}],"inLanguage":"en-US"},{"@type":"Organization","@id":"https:\/\/tarczynskiarenawroclaw.pl\/#organization","name":"Stadion Wroc\u0142aw","url":"https:\/\/tarczynskiarenawroclaw.pl\/","logo":{"@type":"ImageObject","inLanguage":"en-US","@id":"https:\/\/tarczynskiarenawroclaw.pl\/#\/schema\/logo\/image\/","url":"https:\/\/stadionwroclaw.pl\/wp-content\/uploads\/2021\/08\/favicon-stadion-wroclaw.png","contentUrl":"https:\/\/stadionwroclaw.pl\/wp-content\/uploads\/2021\/08\/favicon-stadion-wroclaw.png","width":512,"height":512,"caption":"Stadion Wroc\u0142aw"},"image":{"@id":"https:\/\/tarczynskiarenawroclaw.pl\/#\/schema\/logo\/image\/"}}]}},"coauthors":[],"author_meta":{"author_link":"https:\/\/tarczynskiarenawroclaw.pl\/en\/author\/sw-admin\/","display_name":"WLM"},"relative_dates":{"created":"Posted 5 years ago","modified":"Updated 4 years ago"},"absolute_dates":{"created":"Posted on 02.09.2021","modified":"Updated on 29.11.2021"},"absolute_dates_time":{"created":"Posted on 02.09.2021 09:12","modified":"Updated on 29.11.2021 13:27"},"featured_img_caption":"","featured_img":"https:\/\/tarczynskiarenawroclaw.pl\/wp-content\/uploads\/2021\/08\/LGI9316-1024x684-1-330x330.jpg","series_order":"","_links":{"self":[{"href":"https:\/\/tarczynskiarenawroclaw.pl\/en\/wp-json\/wp\/v2\/pages\/9943","targetHints":{"allow":["GET"]}}],"collection":[{"href":"https:\/\/tarczynskiarenawroclaw.pl\/en\/wp-json\/wp\/v2\/pages"}],"about":[{"href":"https:\/\/tarczynskiarenawroclaw.pl\/en\/wp-json\/wp\/v2\/types\/page"}],"author":[{"embeddable":true,"href":"https:\/\/tarczynskiarenawroclaw.pl\/en\/wp-json\/wp\/v2\/users\/1"}],"replies":[{"embeddable":true,"href":"https:\/\/tarczynskiarenawroclaw.pl\/en\/wp-json\/wp\/v2\/comments?post=9943"}],"version-history":[{"count":0,"href":"https:\/\/tarczynskiarenawroclaw.pl\/en\/wp-json\/wp\/v2\/pages\/9943\/revisions"}],"up":[{"embeddable":true,"href":"https:\/\/tarczynskiarenawroclaw.pl\/en\/wp-json\/wp\/v2\/pages\/9941"}],"wp:featuredmedia":[{"embeddable":true,"href":"https:\/\/tarczynskiarenawroclaw.pl\/en\/wp-json\/wp\/v2\/media\/9113"}],"wp:attachment":[{"href":"https:\/\/tarczynskiarenawroclaw.pl\/en\/wp-json\/wp\/v2\/media?parent=9943"}],"curies":[{"name":"wp","href":"https:\/\/api.w.org\/{rel}","templated":true}]}}