{"id":9947,"date":"2021-09-02T09:15:51","date_gmt":"2021-09-02T07:15:51","guid":{"rendered":"https:\/\/tarczynskiarenawroclaw.pl\/?page_id=9947"},"modified":"2022-06-03T15:27:00","modified_gmt":"2022-06-03T13:27:00","slug":"camper-park","status":"publish","type":"page","link":"https:\/\/tarczynskiarenawroclaw.pl\/en\/for-visitors\/camper-park\/","title":{"rendered":"Camper Park"},"content":{"rendered":"\n<div class=\"wp-block-columns is-layout-flex wp-container-core-columns-is-layout-9d6595d7 wp-block-columns-is-layout-flex\">\n<div class=\"wp-block-column is-layout-flow wp-block-column-is-layout-flow\">\n<figure class=\"wp-block-image size-large animated fadeIn delay-100ms\"><img loading=\"lazy\" decoding=\"async\" width=\"1024\" height=\"683\" src=\"https:\/\/tarczynskiarenawroclaw.pl\/wp-content\/uploads\/2022\/06\/nn-1024x683.jpg\" alt=\"Camper na Camperparku\" class=\"wp-image-13108\"\/><figcaption>Camper Park<\/figcaption><\/figure>\n<\/div>\n\n\n\n<div class=\"wp-block-column is-layout-flow wp-block-column-is-layout-flow\">\n<h2 class=\"wp-block-heading\">Camper Park at Tarczy\u0144ski Arena Wroc\u0142aw<\/h2>\n\n\n\n<p>Parking at Tarczy\u0144ski Arena Wroc\u0142aw is now also accessible to camper owners. <\/p>\n\n\n\n<p>Are you on your caravan journey in the west of Poland and want to visit the city of Wroc\u0142aw? Stay at our Camper Park, leave your camper, commute into the city and spend a fun-filled day sightseeing historical landmarks Wroclaw has to offer.<\/p>\n\n\n\n<div class=\"wp-block-buttons is-layout-flex wp-block-buttons-is-layout-flex\">\n<div class=\"wp-block-button is-style-fill\"><a class=\"wp-block-button__link\" href=\"http:\/\/parkingkamper.pl\/en\/\" target=\"_blank\" rel=\"noreferrer noopener\">Check out Camper Park website! <\/a><\/div>\n<\/div>\n<\/div>\n<\/div>\n\n\n\n<div class=\"wp-block-columns is-layout-flex wp-container-core-columns-is-layout-9d6595d7 wp-block-columns-is-layout-flex\">\n<div class=\"wp-block-column is-layout-flow wp-block-column-is-layout-flow\">\n<h2 class=\"wp-block-heading\">Opening hours<\/h2>\n\n\n\n<p>Camper Park on Tarczy\u0144ski Arena Wroc\u0142aw is open 24\/7 for a whole year. Exceptions are match and other event days, as well as days leading up to them. Before planning your trip please refer to our <a href=\"https:\/\/tarczynskiarenawroclaw.pl\/en\/calendar\/\" target=\"_blank\" rel=\"noreferrer noopener\">event calendar.<\/a> Our clients have unlimited access to their parking space, fresh water from a water hook-up, electricity, a drainage system, and recreational space for children and animals. The parking is guarded and monitored. <\/p>\n\n\n\n<h2 class=\"wp-block-heading\">Entry<\/h2>\n\n\n\n<p>Our caravan parking is located right on the A8 (AOW) motorway exit. After driving through gate A on parking barriers click the &#8220;info&#8221; intercom button and say the magic word &#8220;camper park&#8221;. Then just follow the signs, until you end up on parking grounds.<\/p>\n<\/div>\n\n\n\n<div class=\"wp-block-column is-layout-flow wp-block-column-is-layout-flow\">\n<figure class=\"wp-block-image size-large animated fadeInUp delay-100ms\"><img loading=\"lazy\" decoding=\"async\" width=\"1024\" height=\"768\" src=\"https:\/\/tarczynskiarenawroclaw.pl\/wp-content\/uploads\/2022\/06\/20220225_130550-002-1024x768.jpg\" alt=\"\" class=\"wp-image-13113\"\/><figcaption>Gate A view<\/figcaption><\/figure>\n<\/div>\n<\/div>\n\n\n\n<div class=\"wp-block-columns is-layout-flex wp-container-core-columns-is-layout-9d6595d7 wp-block-columns-is-layout-flex\">\n<div class=\"wp-block-column is-layout-flow wp-block-column-is-layout-flow\">\n<figure class=\"wp-block-image size-large animated fadeInUp delay-100ms\"><img loading=\"lazy\" decoding=\"async\" width=\"1024\" height=\"682\" src=\"https:\/\/tarczynskiarenawroclaw.pl\/wp-content\/uploads\/2021\/08\/CamperPark5-1-1024x682.jpg\" alt=\"Strefa serwisowa\" class=\"wp-image-9321\"\/><figcaption>A service column<\/figcaption><\/figure>\n\n\n\n\n<\/div>\n\n\n\n<div class=\"wp-block-column is-layout-flow wp-block-column-is-layout-flow\">\n<h2 class=\"wp-block-heading\">Camper service point<\/h2>\n\n\n\n<p>Our service point is located about 300 meters from parking grounds. It consists of a drainage system for gray and black water discharge and a service column, which has a freshwater dispenser, a toilet cassette bin, and a separate water tap for rinsing toilet cassettes.<\/p>\n<\/div>\n<\/div>\n\n\n\n<div class=\"wp-block-columns is-layout-flex wp-container-core-columns-is-layout-9d6595d7 wp-block-columns-is-layout-flex\">\n<div class=\"wp-block-column is-layout-flow wp-block-column-is-layout-flow\">\n<h2 class=\"wp-block-heading\">Height limits<\/h2>\n\n\n\n<p>Camper park at Tarczy\u0144ski Arena Wroc\u0142aw consists of two height zones &#8211; with a 4&nbsp;m limit and a 3,5 m limit. When navigating across Camper Park, please be aware of height limitations signs and park your vehicle accordingly. Our Camper Park has both uncovered and covered parking spots. A parking spot measures 5 x 10 m. For four parked campers falls one electricity box (16A).&nbsp;<\/p>\n<\/div>\n\n\n\n<div class=\"wp-block-column is-layout-flow wp-block-column-is-layout-flow\">\n<figure class=\"wp-block-image size-full animated fadeInUp delay-100ms\"><img loading=\"lazy\" decoding=\"async\" width=\"1024\" height=\"682\" src=\"https:\/\/tarczynskiarenawroclaw.pl\/wp-content\/uploads\/2021\/08\/CamperPark1-1024x682-1.jpg\" alt=\"Ograniczenia wysoko\u015bci\" class=\"wp-image-9325\"\/><figcaption>Height limitations<\/figcaption><\/figure>\n<\/div>\n<\/div>\n\n\n\n<div class=\"wp-block-columns is-layout-flex wp-container-core-columns-is-layout-9d6595d7 wp-block-columns-is-layout-flex\">\n<div class=\"wp-block-column is-layout-flow wp-block-column-is-layout-flow\">\n<figure class=\"wp-block-image size-large animated fadeInUp delay-100ms\"><img loading=\"lazy\" decoding=\"async\" width=\"1024\" height=\"683\" src=\"https:\/\/tarczynskiarenawroclaw.pl\/wp-content\/uploads\/2021\/08\/GRA00362-2048x1365-1-1024x683.jpg\" alt=\"Punkt serwisowy\" class=\"wp-image-9328\"\/><figcaption>A service point <\/figcaption><\/figure>\n<\/div>\n\n\n\n<div class=\"wp-block-column is-layout-flow wp-block-column-is-layout-flow\">\n<h2 class=\"wp-block-heading\">Additional attractions<\/h2>\n\n\n\n<p>Tarczy\u0144ski Arena Wroc\u0142aw offers a wide range of attractions, such as&nbsp;<a href=\"https:\/\/tarczynskiarenawroclaw.pl\/en\/for-visitors\/karts-track\/\">the biggest in Poland covered go-karting track<\/a>, <a href=\"https:\/\/tarczynskiarenawroclaw.pl\/en\/for-visitors\/dream-jump\/\">a bungee jumping spot<\/a>, a recreational space for children and animals, <a href=\"https:\/\/tarczynskiarenawroclaw.pl\/en\/for-visitors\/sightseeing\/\">guided tours<\/a>, and many more.&nbsp;For guests, available is also an on-site <a href=\"https:\/\/tarczynskiarenawroclaw.pl\/en\/for-visitors\/bistro\/\">bistro<\/a> (W2 entry).<\/p>\n<\/div>\n<\/div>\n\n\n\n<p class=\"has-text-align-center animated headShake has-black-color has-yellow-background-color has-text-color has-background\"><strong>Please pay after you&#8217;ve parked your camper. For parking fees, visit:\u00a0<a href=\"http:\/\/parking.vectorsoft.pl\/mvc\/pl\" target=\"_blank\" rel=\"noreferrer noopener nofollow\">parking.vectorsoft.pl\/mvc\/pl<\/a><\/strong><br><strong>or pay directly in the parking metre at the place<\/strong><\/p>\n\n\n\n<div style=\"height:20px\" aria-hidden=\"true\" class=\"wp-block-spacer\"><\/div>\n\n\n\n<p class=\"has-text-align-center\"><em>For more information, visit: <\/em><a href=\"http:\/\/parkingkamper.pl\/\">Camper P<\/a><a href=\"http:\/\/parkingkamper.pl\/en\/\">a<\/a><a href=\"http:\/\/parkingkamper.pl\/\">rk<\/a><\/p>\n","protected":false},"excerpt":{"rendered":"<p>Camper Park at Tarczy\u0144ski Arena Wroc\u0142aw Parking at Tarczy\u0144ski Arena Wroc\u0142aw is now&#8230;<\/p>\n","protected":false},"author":1,"featured_media":9315,"parent":9941,"menu_order":53,"comment_status":"closed","ping_status":"closed","template":"","meta":{"advgb_blocks_editor_width":"","advgb_blocks_columns_visual_guide":"","footnotes":""},"class_list":["post-9947","page","type-page","status-publish","has-post-thumbnail","hentry"],"yoast_head":"<!-- This site is optimized with the Yoast SEO plugin v25.9 - https:\/\/yoast.com\/wordpress\/plugins\/seo\/ -->\n<title>Camper Park &#8211; Tarczy\u0144ski Arena Wroc\u0142aw<\/title>\n<meta name=\"description\" content=\"Camper Park Camper Park at Tarczy\u0144ski Arena Wroc\u0142aw Parking at Tarczy\u0144ski Arena Wroc\u0142aw is now also accessible to camper owners. Are you on your caravan\" \/>\n<meta name=\"robots\" content=\"index, follow, max-snippet:-1, max-image-preview:large, max-video-preview:-1\" \/>\n<link rel=\"canonical\" href=\"https:\/\/tarczynskiarenawroclaw.pl\/en\/for-visitors\/camper-park\/\" \/>\n<meta property=\"og:locale\" content=\"en_US\" \/>\n<meta property=\"og:type\" content=\"article\" \/>\n<meta property=\"og:title\" content=\"Camper Park &#8211; Tarczy\u0144ski Arena Wroc\u0142aw\" \/>\n<meta property=\"og:description\" content=\"Camper Park Camper Park at Tarczy\u0144ski Arena Wroc\u0142aw Parking at Tarczy\u0144ski Arena Wroc\u0142aw is now also accessible to camper owners. Are you on your caravan\" \/>\n<meta property=\"og:url\" content=\"https:\/\/tarczynskiarenawroclaw.pl\/en\/for-visitors\/camper-park\/\" \/>\n<meta property=\"og:site_name\" content=\"Tarczy\u0144ski Arena Wroc\u0142aw\" \/>\n<meta property=\"article:modified_time\" content=\"2022-06-03T13:27:00+00:00\" \/>\n<meta property=\"og:image\" content=\"https:\/\/tarczynskiarenawroclaw.pl\/wp-content\/uploads\/2021\/08\/GRA00308-768x512-1.jpg\" \/>\n\t<meta property=\"og:image:width\" content=\"768\" \/>\n\t<meta property=\"og:image:height\" content=\"512\" \/>\n\t<meta property=\"og:image:type\" content=\"image\/jpeg\" \/>\n<meta name=\"twitter:card\" content=\"summary_large_image\" \/>\n<meta name=\"twitter:label1\" content=\"Est. reading time\" \/>\n\t<meta name=\"twitter:data1\" content=\"4 minutes\" \/>\n<script type=\"application\/ld+json\" class=\"yoast-schema-graph\">{\"@context\":\"https:\/\/schema.org\",\"@graph\":[{\"@type\":\"WebPage\",\"@id\":\"https:\/\/tarczynskiarenawroclaw.pl\/en\/for-visitors\/camper-park\/\",\"url\":\"https:\/\/tarczynskiarenawroclaw.pl\/en\/for-visitors\/camper-park\/\",\"name\":\"Camper Park &#8211; Tarczy\u0144ski Arena Wroc\u0142aw\",\"isPartOf\":{\"@id\":\"https:\/\/tarczynskiarenawroclaw.pl\/#website\"},\"primaryImageOfPage\":{\"@id\":\"https:\/\/tarczynskiarenawroclaw.pl\/en\/for-visitors\/camper-park\/#primaryimage\"},\"image\":{\"@id\":\"https:\/\/tarczynskiarenawroclaw.pl\/en\/for-visitors\/camper-park\/#primaryimage\"},\"thumbnailUrl\":\"https:\/\/tarczynskiarenawroclaw.pl\/wp-content\/uploads\/2021\/08\/GRA00308-768x512-1.jpg\",\"datePublished\":\"2021-09-02T07:15:51+00:00\",\"dateModified\":\"2022-06-03T13:27:00+00:00\",\"description\":\"Camper Park Camper Park at Tarczy\u0144ski Arena Wroc\u0142aw Parking at Tarczy\u0144ski Arena Wroc\u0142aw is now also accessible to camper owners. Are you on your caravan\",\"breadcrumb\":{\"@id\":\"https:\/\/tarczynskiarenawroclaw.pl\/en\/for-visitors\/camper-park\/#breadcrumb\"},\"inLanguage\":\"en-US\",\"potentialAction\":[{\"@type\":\"ReadAction\",\"target\":[\"https:\/\/tarczynskiarenawroclaw.pl\/en\/for-visitors\/camper-park\/\"]}]},{\"@type\":\"ImageObject\",\"inLanguage\":\"en-US\",\"@id\":\"https:\/\/tarczynskiarenawroclaw.pl\/en\/for-visitors\/camper-park\/#primaryimage\",\"url\":\"https:\/\/tarczynskiarenawroclaw.pl\/wp-content\/uploads\/2021\/08\/GRA00308-768x512-1.jpg\",\"contentUrl\":\"https:\/\/tarczynskiarenawroclaw.pl\/wp-content\/uploads\/2021\/08\/GRA00308-768x512-1.jpg\",\"width\":768,\"height\":512},{\"@type\":\"BreadcrumbList\",\"@id\":\"https:\/\/tarczynskiarenawroclaw.pl\/en\/for-visitors\/camper-park\/#breadcrumb\",\"itemListElement\":[{\"@type\":\"ListItem\",\"position\":1,\"name\":\"Strona g\u0142\u00f3wna\",\"item\":\"https:\/\/tarczynskiarenawroclaw.pl\/en\/\"},{\"@type\":\"ListItem\",\"position\":2,\"name\":\"For visitors\",\"item\":\"https:\/\/tarczynskiarenawroclaw.pl\/en\/for-visitors\/\"},{\"@type\":\"ListItem\",\"position\":3,\"name\":\"Camper Park\"}]},{\"@type\":\"WebSite\",\"@id\":\"https:\/\/tarczynskiarenawroclaw.pl\/#website\",\"url\":\"https:\/\/tarczynskiarenawroclaw.pl\/\",\"name\":\"Tarczy\u0144ski Arena Wroc\u0142aw\",\"description\":\"Stadion Miejski we Wroc\u0142awiu\",\"publisher\":{\"@id\":\"https:\/\/tarczynskiarenawroclaw.pl\/#organization\"},\"potentialAction\":[{\"@type\":\"SearchAction\",\"target\":{\"@type\":\"EntryPoint\",\"urlTemplate\":\"https:\/\/tarczynskiarenawroclaw.pl\/?s={search_term_string}\"},\"query-input\":{\"@type\":\"PropertyValueSpecification\",\"valueRequired\":true,\"valueName\":\"search_term_string\"}}],\"inLanguage\":\"en-US\"},{\"@type\":\"Organization\",\"@id\":\"https:\/\/tarczynskiarenawroclaw.pl\/#organization\",\"name\":\"Stadion Wroc\u0142aw\",\"url\":\"https:\/\/tarczynskiarenawroclaw.pl\/\",\"logo\":{\"@type\":\"ImageObject\",\"inLanguage\":\"en-US\",\"@id\":\"https:\/\/tarczynskiarenawroclaw.pl\/#\/schema\/logo\/image\/\",\"url\":\"https:\/\/stadionwroclaw.pl\/wp-content\/uploads\/2021\/08\/favicon-stadion-wroclaw.png\",\"contentUrl\":\"https:\/\/stadionwroclaw.pl\/wp-content\/uploads\/2021\/08\/favicon-stadion-wroclaw.png\",\"width\":512,\"height\":512,\"caption\":\"Stadion Wroc\u0142aw\"},\"image\":{\"@id\":\"https:\/\/tarczynskiarenawroclaw.pl\/#\/schema\/logo\/image\/\"}}]}<\/script>\n<!-- \/ Yoast SEO plugin. -->","yoast_head_json":{"title":"Camper Park &#8211; Tarczy\u0144ski Arena Wroc\u0142aw","description":"Camper Park Camper Park at Tarczy\u0144ski Arena Wroc\u0142aw Parking at Tarczy\u0144ski Arena Wroc\u0142aw is now also accessible to camper owners. Are you on your caravan","robots":{"index":"index","follow":"follow","max-snippet":"max-snippet:-1","max-image-preview":"max-image-preview:large","max-video-preview":"max-video-preview:-1"},"canonical":"https:\/\/tarczynskiarenawroclaw.pl\/en\/for-visitors\/camper-park\/","og_locale":"en_US","og_type":"article","og_title":"Camper Park &#8211; Tarczy\u0144ski Arena Wroc\u0142aw","og_description":"Camper Park Camper Park at Tarczy\u0144ski Arena Wroc\u0142aw Parking at Tarczy\u0144ski Arena Wroc\u0142aw is now also accessible to camper owners. Are you on your caravan","og_url":"https:\/\/tarczynskiarenawroclaw.pl\/en\/for-visitors\/camper-park\/","og_site_name":"Tarczy\u0144ski Arena Wroc\u0142aw","article_modified_time":"2022-06-03T13:27:00+00:00","og_image":[{"width":768,"height":512,"url":"https:\/\/tarczynskiarenawroclaw.pl\/wp-content\/uploads\/2021\/08\/GRA00308-768x512-1.jpg","type":"image\/jpeg"}],"twitter_card":"summary_large_image","twitter_misc":{"Est. reading time":"4 minutes"},"schema":{"@context":"https:\/\/schema.org","@graph":[{"@type":"WebPage","@id":"https:\/\/tarczynskiarenawroclaw.pl\/en\/for-visitors\/camper-park\/","url":"https:\/\/tarczynskiarenawroclaw.pl\/en\/for-visitors\/camper-park\/","name":"Camper Park &#8211; Tarczy\u0144ski Arena Wroc\u0142aw","isPartOf":{"@id":"https:\/\/tarczynskiarenawroclaw.pl\/#website"},"primaryImageOfPage":{"@id":"https:\/\/tarczynskiarenawroclaw.pl\/en\/for-visitors\/camper-park\/#primaryimage"},"image":{"@id":"https:\/\/tarczynskiarenawroclaw.pl\/en\/for-visitors\/camper-park\/#primaryimage"},"thumbnailUrl":"https:\/\/tarczynskiarenawroclaw.pl\/wp-content\/uploads\/2021\/08\/GRA00308-768x512-1.jpg","datePublished":"2021-09-02T07:15:51+00:00","dateModified":"2022-06-03T13:27:00+00:00","description":"Camper Park Camper Park at Tarczy\u0144ski Arena Wroc\u0142aw Parking at Tarczy\u0144ski Arena Wroc\u0142aw is now also accessible to camper owners. Are you on your caravan","breadcrumb":{"@id":"https:\/\/tarczynskiarenawroclaw.pl\/en\/for-visitors\/camper-park\/#breadcrumb"},"inLanguage":"en-US","potentialAction":[{"@type":"ReadAction","target":["https:\/\/tarczynskiarenawroclaw.pl\/en\/for-visitors\/camper-park\/"]}]},{"@type":"ImageObject","inLanguage":"en-US","@id":"https:\/\/tarczynskiarenawroclaw.pl\/en\/for-visitors\/camper-park\/#primaryimage","url":"https:\/\/tarczynskiarenawroclaw.pl\/wp-content\/uploads\/2021\/08\/GRA00308-768x512-1.jpg","contentUrl":"https:\/\/tarczynskiarenawroclaw.pl\/wp-content\/uploads\/2021\/08\/GRA00308-768x512-1.jpg","width":768,"height":512},{"@type":"BreadcrumbList","@id":"https:\/\/tarczynskiarenawroclaw.pl\/en\/for-visitors\/camper-park\/#breadcrumb","itemListElement":[{"@type":"ListItem","position":1,"name":"Strona g\u0142\u00f3wna","item":"https:\/\/tarczynskiarenawroclaw.pl\/en\/"},{"@type":"ListItem","position":2,"name":"For visitors","item":"https:\/\/tarczynskiarenawroclaw.pl\/en\/for-visitors\/"},{"@type":"ListItem","position":3,"name":"Camper Park"}]},{"@type":"WebSite","@id":"https:\/\/tarczynskiarenawroclaw.pl\/#website","url":"https:\/\/tarczynskiarenawroclaw.pl\/","name":"Tarczy\u0144ski Arena Wroc\u0142aw","description":"Stadion Miejski we Wroc\u0142awiu","publisher":{"@id":"https:\/\/tarczynskiarenawroclaw.pl\/#organization"},"potentialAction":[{"@type":"SearchAction","target":{"@type":"EntryPoint","urlTemplate":"https:\/\/tarczynskiarenawroclaw.pl\/?s={search_term_string}"},"query-input":{"@type":"PropertyValueSpecification","valueRequired":true,"valueName":"search_term_string"}}],"inLanguage":"en-US"},{"@type":"Organization","@id":"https:\/\/tarczynskiarenawroclaw.pl\/#organization","name":"Stadion Wroc\u0142aw","url":"https:\/\/tarczynskiarenawroclaw.pl\/","logo":{"@type":"ImageObject","inLanguage":"en-US","@id":"https:\/\/tarczynskiarenawroclaw.pl\/#\/schema\/logo\/image\/","url":"https:\/\/stadionwroclaw.pl\/wp-content\/uploads\/2021\/08\/favicon-stadion-wroclaw.png","contentUrl":"https:\/\/stadionwroclaw.pl\/wp-content\/uploads\/2021\/08\/favicon-stadion-wroclaw.png","width":512,"height":512,"caption":"Stadion Wroc\u0142aw"},"image":{"@id":"https:\/\/tarczynskiarenawroclaw.pl\/#\/schema\/logo\/image\/"}}]}},"coauthors":[],"author_meta":{"author_link":"https:\/\/tarczynskiarenawroclaw.pl\/en\/author\/sw-admin\/","display_name":"WLM"},"relative_dates":{"created":"Posted 5 years ago","modified":"Updated 4 years ago"},"absolute_dates":{"created":"Posted on 02.09.2021","modified":"Updated on 03.06.2022"},"absolute_dates_time":{"created":"Posted on 02.09.2021 09:15","modified":"Updated on 03.06.2022 15:27"},"featured_img_caption":"","featured_img":"https:\/\/tarczynskiarenawroclaw.pl\/wp-content\/uploads\/2021\/08\/GRA00308-768x512-1-330x330.jpg","series_order":"","_links":{"self":[{"href":"https:\/\/tarczynskiarenawroclaw.pl\/en\/wp-json\/wp\/v2\/pages\/9947","targetHints":{"allow":["GET"]}}],"collection":[{"href":"https:\/\/tarczynskiarenawroclaw.pl\/en\/wp-json\/wp\/v2\/pages"}],"about":[{"href":"https:\/\/tarczynskiarenawroclaw.pl\/en\/wp-json\/wp\/v2\/types\/page"}],"author":[{"embeddable":true,"href":"https:\/\/tarczynskiarenawroclaw.pl\/en\/wp-json\/wp\/v2\/users\/1"}],"replies":[{"embeddable":true,"href":"https:\/\/tarczynskiarenawroclaw.pl\/en\/wp-json\/wp\/v2\/comments?post=9947"}],"version-history":[{"count":0,"href":"https:\/\/tarczynskiarenawroclaw.pl\/en\/wp-json\/wp\/v2\/pages\/9947\/revisions"}],"up":[{"embeddable":true,"href":"https:\/\/tarczynskiarenawroclaw.pl\/en\/wp-json\/wp\/v2\/pages\/9941"}],"wp:featuredmedia":[{"embeddable":true,"href":"https:\/\/tarczynskiarenawroclaw.pl\/en\/wp-json\/wp\/v2\/media\/9315"}],"wp:attachment":[{"href":"https:\/\/tarczynskiarenawroclaw.pl\/en\/wp-json\/wp\/v2\/media?parent=9947"}],"curies":[{"name":"wp","href":"https:\/\/api.w.org\/{rel}","templated":true}]}}