{"id":9951,"date":"2021-09-02T09:16:54","date_gmt":"2021-09-02T07:16:54","guid":{"rendered":"https:\/\/tarczynskiarenawroclaw.pl\/?page_id=9951"},"modified":"2025-11-05T17:27:26","modified_gmt":"2025-11-05T16:27:26","slug":"lodowisko-stadion-wroclaw","status":"publish","type":"page","link":"https:\/\/tarczynskiarenawroclaw.pl\/en\/for-visitors\/lodowisko-stadion-wroclaw\/","title":{"rendered":"Skating rink at the stadium"},"content":{"rendered":"\n<h1 class=\"wp-block-heading\"><strong>Skating rink at the stadium<\/strong><\/h1>\n\n\n\n<p class=\"has-text-align-center has-pale-pink-background-color has-background\">The Tarczy\u0144ski Arena Ice Rink returns on <strong>21 November 2025<\/strong>!<\/p>\n\n\n\n<div style=\"height:33px\" aria-hidden=\"true\" class=\"wp-block-spacer\"><\/div>\n\n\n\n<div class=\"wp-block-columns is-layout-flex wp-container-core-columns-is-layout-9d6595d7 wp-block-columns-is-layout-flex\">\n<div class=\"wp-block-column is-layout-flow wp-block-column-is-layout-flow\">\n<p>Ice rink is located on the second floor of multilevel parking lot which can be seen from Al.\u015al\u0105ska street. Just like in the previous year, the oval loop-shaped taffy has been surrounded by safety banding that will separate riders from the structural elements of the parking lot. The longer straight of the track is 55 meters, and its width is about 7 meters. The ice rink accommodates up to 100 people at a time.<\/p>\n\n\n\n<p class=\"has-text-align-center has-medium-font-size\"><strong><strong>First 10 minutes are free!<\/strong><\/strong><\/p>\n\n\n\n<p class=\"has-text-align-center\">The price list for the 2025\/2026 season will be available soon!<\/p>\n\n\n\n<div style=\"height:25px\" aria-hidden=\"true\" class=\"wp-block-spacer\"><\/div>\n<\/div>\n\n\n\n<div class=\"wp-block-column is-layout-flow wp-block-column-is-layout-flow\">\n<p class=\"has-medium-font-size\"><strong><strong>Do you need ice skates? Don\u2019t worry, we have them.<\/strong><\/strong><\/p>\n\n\n\n<p>A rental shop is available on site, where more than 400 pairs of skates &#8211; both figure and field hockey skates, in sizes from 28 to 48 &#8211; will be at guests&#8217; disposal. For our youngest guests you can rent helmets as well as so-called penguins for learning to ride. A locker room area.&nbsp;<br><\/p>\n\n\n\n<figure class=\"wp-block-image size-large\"><a href=\"https:\/\/tarczynskiarenawroclaw.pl\/wp-content\/uploads\/2023\/11\/godziny_otwarcia_2023-ENG-1.png\"><img loading=\"lazy\" decoding=\"async\" width=\"1024\" height=\"967\" src=\"https:\/\/tarczynskiarenawroclaw.pl\/wp-content\/uploads\/2023\/11\/godziny_otwarcia_2023-ENG-1-1024x967.png\" alt=\"\" class=\"wp-image-15074\"\/><\/a><\/figure>\n<\/div>\n<\/div>\n\n\n\n<div class=\"wp-block-columns is-layout-flex wp-container-core-columns-is-layout-9d6595d7 wp-block-columns-is-layout-flex\">\n<div class=\"wp-block-column is-layout-flow wp-block-column-is-layout-flow\">\n<p class=\"has-medium-font-size\"><strong>Groups \u2013 important information:<\/strong><\/p>\n\n\n\n<ul class=\"wp-block-list\">\n<li>Access for groups is possible from Monday to Friday from 9:00 a.m. to 2:00 p.m. (Individuals can also use the ice rink during these hours).<\/li>\n\n\n\n<li>Earlier reservation by e-mail or phone is required.<\/li>\n\n\n\n<li>Group ticket is valid from min. 10 guests.<\/li>\n\n\n\n<li>Contact and reservation:<br>lodowisko@stadionwroclaw.pl<br>+48 71 776 80 90 <\/li>\n<\/ul>\n<\/div>\n<\/div>\n\n\n\n<div class=\"wp-block-columns is-layout-flex wp-container-core-columns-is-layout-9d6595d7 wp-block-columns-is-layout-flex\">\n<div class=\"wp-block-column is-layout-flow wp-block-column-is-layout-flow\">\n<figure class=\"wp-block-gallery has-nested-images columns-default is-cropped wp-block-gallery-1 is-layout-flex wp-block-gallery-is-layout-flex\">\n<figure class=\"wp-block-image size-large\"><img loading=\"lazy\" decoding=\"async\" width=\"1024\" height=\"819\" data-id=\"13859\" src=\"https:\/\/tarczynskiarenawroclaw.pl\/wp-content\/uploads\/2022\/11\/PROJE_ANIA-1-1024x819.png\" alt=\"\" class=\"wp-image-13859\"\/><\/figure>\n<\/figure>\n<\/div>\n\n\n\n<div class=\"wp-block-column is-layout-flow wp-block-column-is-layout-flow\">\n<p class=\"has-large-font-size\"><strong><strong>How to visit us<\/strong>:<\/strong><\/p>\n\n\n\n<ul class=\"wp-block-list\">\n<li>Cars can use gate D from Al. \u015al\u0105ska street.<\/li>\n\n\n\n<li>Parking lot on the second floor (multilevel parking lot)<\/li>\n\n\n\n<li>Pedestrian entrance from esplanade level (see map)<\/li>\n<\/ul>\n<\/div>\n<\/div>\n\n\n\n<p>Remember that with \u201cNasz Wroc\u0142aw MAX\u201d card, once a year you will be able to enjoy free entrance to the ice rink at the stadium. We also honor Benefit and VanityStyle cards. <\/p>\n\n\n\n<figure class=\"wp-block-gallery has-nested-images columns-4 is-cropped wp-block-gallery-2 is-layout-flex wp-block-gallery-is-layout-flex\">\n<figure class=\"wp-block-image size-medium\"><a href=\"https:\/\/tarczynskiarenawroclaw.pl\/wp-content\/uploads\/2023\/11\/karta-MultiSport-Kids-Akceptujemy-karty.jpg\"><img loading=\"lazy\" decoding=\"async\" width=\"300\" height=\"221\" data-id=\"15057\" src=\"https:\/\/tarczynskiarenawroclaw.pl\/wp-content\/uploads\/2023\/11\/karta-MultiSport-Kids-Akceptujemy-karty-300x221.jpg\" alt=\"\" class=\"wp-image-15057\"\/><\/a><\/figure>\n\n\n\n<figure class=\"wp-block-image size-large\"><img loading=\"lazy\" decoding=\"async\" width=\"1024\" height=\"753\" data-id=\"15059\" src=\"https:\/\/tarczynskiarenawroclaw.pl\/wp-content\/uploads\/2023\/11\/karta-MultiSport-Plus-Akceptujemy-karty-1024x753.jpg\" alt=\"\" class=\"wp-image-15059\"\/><\/figure>\n\n\n\n<figure class=\"wp-block-image size-large\"><img loading=\"lazy\" decoding=\"async\" width=\"1024\" height=\"753\" data-id=\"15061\" src=\"https:\/\/tarczynskiarenawroclaw.pl\/wp-content\/uploads\/2023\/11\/karta-MultiSport-Senior-Akceptujemy-karty-1024x753.jpg\" alt=\"\" class=\"wp-image-15061\"\/><\/figure>\n\n\n\n<figure class=\"wp-block-image size-large\"><img loading=\"lazy\" decoding=\"async\" width=\"1024\" height=\"753\" data-id=\"15063\" src=\"https:\/\/tarczynskiarenawroclaw.pl\/wp-content\/uploads\/2023\/11\/karta-MultiSport-Student-Akceptujemy-karty-1024x753.jpg\" alt=\"\" class=\"wp-image-15063\"\/><\/figure>\n<\/figure>\n\n\n\n<figure class=\"wp-block-image aligncenter size-full\"><img loading=\"lazy\" decoding=\"async\" width=\"750\" height=\"300\" src=\"https:\/\/tarczynskiarenawroclaw.pl\/wp-content\/uploads\/2023\/11\/Zalacznik-nr-3_-Logotypy-1.png\" alt=\"\" class=\"wp-image-15065\"\/><\/figure>\n\n\n\n<p class=\"has-text-align-center has-yellow-background-color has-background has-x-large-font-size\">Contact us for more information: <br><strong><a href=\"tel:717768090\">71 776 80 90<\/a><\/strong><\/p>\n","protected":false},"excerpt":{"rendered":"<p>Skating rink at the stadium The Tarczy\u0144ski Arena Ice Rink returns on 21&#8230;<\/p>\n","protected":false},"author":1,"featured_media":11768,"parent":9941,"menu_order":57,"comment_status":"closed","ping_status":"closed","template":"page-no-title.php","meta":{"advgb_blocks_editor_width":"","advgb_blocks_columns_visual_guide":"","footnotes":""},"class_list":["post-9951","page","type-page","status-publish","has-post-thumbnail","hentry"],"yoast_head":"<!-- This site is optimized with the Yoast SEO plugin v27.4 - https:\/\/yoast.com\/product\/yoast-seo-wordpress\/ -->\n<title>Skating rink at the stadium &#8211; Tarczy\u0144ski Arena Wroc\u0142aw<\/title>\n<meta name=\"description\" content=\"ce scating lovers can use the ice rink at al. \u015al\u0105ska again. Our skating rink is open from Monday to Sunday from 9:00 to 22:00.\" \/>\n<meta name=\"robots\" content=\"index, follow, max-snippet:-1, max-image-preview:large, max-video-preview:-1\" \/>\n<link rel=\"canonical\" href=\"https:\/\/tarczynskiarenawroclaw.pl\/en\/for-visitors\/lodowisko-stadion-wroclaw\/\" \/>\n<meta property=\"og:locale\" content=\"en_US\" \/>\n<meta property=\"og:type\" content=\"article\" \/>\n<meta property=\"og:title\" content=\"Skating rink at the stadium &#8211; Tarczy\u0144ski Arena Wroc\u0142aw\" \/>\n<meta property=\"og:description\" content=\"ce scating lovers can use the ice rink at al. \u015al\u0105ska again. Our skating rink is open from Monday to Sunday from 9:00 to 22:00.\" \/>\n<meta property=\"og:url\" content=\"https:\/\/tarczynskiarenawroclaw.pl\/en\/for-visitors\/lodowisko-stadion-wroclaw\/\" \/>\n<meta property=\"og:site_name\" content=\"Tarczy\u0144ski Arena Wroc\u0142aw\" \/>\n<meta property=\"article:modified_time\" content=\"2025-11-05T16:27:26+00:00\" \/>\n<meta property=\"og:image\" content=\"https:\/\/tarczynskiarenawroclaw.pl\/wp-content\/uploads\/2021\/11\/LGZ2281-scaled.jpg\" \/>\n\t<meta property=\"og:image:width\" content=\"2560\" \/>\n\t<meta property=\"og:image:height\" content=\"1707\" \/>\n\t<meta property=\"og:image:type\" content=\"image\/jpeg\" \/>\n<meta name=\"twitter:card\" content=\"summary_large_image\" \/>\n<meta name=\"twitter:label1\" content=\"Est. reading time\" \/>\n\t<meta name=\"twitter:data1\" content=\"4 minutes\" \/>\n<script type=\"application\/ld+json\" class=\"yoast-schema-graph\">{\"@context\":\"https:\\\/\\\/schema.org\",\"@graph\":[{\"@type\":\"WebPage\",\"@id\":\"https:\\\/\\\/tarczynskiarenawroclaw.pl\\\/en\\\/for-visitors\\\/lodowisko-stadion-wroclaw\\\/\",\"url\":\"https:\\\/\\\/tarczynskiarenawroclaw.pl\\\/en\\\/for-visitors\\\/lodowisko-stadion-wroclaw\\\/\",\"name\":\"Skating rink at the stadium &#8211; Tarczy\u0144ski Arena Wroc\u0142aw\",\"isPartOf\":{\"@id\":\"https:\\\/\\\/tarczynskiarenawroclaw.pl\\\/#website\"},\"primaryImageOfPage\":{\"@id\":\"https:\\\/\\\/tarczynskiarenawroclaw.pl\\\/en\\\/for-visitors\\\/lodowisko-stadion-wroclaw\\\/#primaryimage\"},\"image\":{\"@id\":\"https:\\\/\\\/tarczynskiarenawroclaw.pl\\\/en\\\/for-visitors\\\/lodowisko-stadion-wroclaw\\\/#primaryimage\"},\"thumbnailUrl\":\"https:\\\/\\\/tarczynskiarenawroclaw.pl\\\/wp-content\\\/uploads\\\/2021\\\/11\\\/LGZ2281-scaled.jpg\",\"datePublished\":\"2021-09-02T07:16:54+00:00\",\"dateModified\":\"2025-11-05T16:27:26+00:00\",\"description\":\"ce scating lovers can use the ice rink at al. \u015al\u0105ska again. Our skating rink is open from Monday to Sunday from 9:00 to 22:00.\",\"breadcrumb\":{\"@id\":\"https:\\\/\\\/tarczynskiarenawroclaw.pl\\\/en\\\/for-visitors\\\/lodowisko-stadion-wroclaw\\\/#breadcrumb\"},\"inLanguage\":\"en-US\",\"potentialAction\":[{\"@type\":\"ReadAction\",\"target\":[\"https:\\\/\\\/tarczynskiarenawroclaw.pl\\\/en\\\/for-visitors\\\/lodowisko-stadion-wroclaw\\\/\"]}]},{\"@type\":\"ImageObject\",\"inLanguage\":\"en-US\",\"@id\":\"https:\\\/\\\/tarczynskiarenawroclaw.pl\\\/en\\\/for-visitors\\\/lodowisko-stadion-wroclaw\\\/#primaryimage\",\"url\":\"https:\\\/\\\/tarczynskiarenawroclaw.pl\\\/wp-content\\\/uploads\\\/2021\\\/11\\\/LGZ2281-scaled.jpg\",\"contentUrl\":\"https:\\\/\\\/tarczynskiarenawroclaw.pl\\\/wp-content\\\/uploads\\\/2021\\\/11\\\/LGZ2281-scaled.jpg\",\"width\":2560,\"height\":1707},{\"@type\":\"BreadcrumbList\",\"@id\":\"https:\\\/\\\/tarczynskiarenawroclaw.pl\\\/en\\\/for-visitors\\\/lodowisko-stadion-wroclaw\\\/#breadcrumb\",\"itemListElement\":[{\"@type\":\"ListItem\",\"position\":1,\"name\":\"Strona g\u0142\u00f3wna\",\"item\":\"https:\\\/\\\/tarczynskiarenawroclaw.pl\\\/en\\\/\"},{\"@type\":\"ListItem\",\"position\":2,\"name\":\"For visitors\",\"item\":\"https:\\\/\\\/tarczynskiarenawroclaw.pl\\\/en\\\/for-visitors\\\/\"},{\"@type\":\"ListItem\",\"position\":3,\"name\":\"Skating rink at the stadium\"}]},{\"@type\":\"WebSite\",\"@id\":\"https:\\\/\\\/tarczynskiarenawroclaw.pl\\\/#website\",\"url\":\"https:\\\/\\\/tarczynskiarenawroclaw.pl\\\/\",\"name\":\"Tarczy\u0144ski Arena Wroc\u0142aw\",\"description\":\"Stadion Miejski we Wroc\u0142awiu\",\"publisher\":{\"@id\":\"https:\\\/\\\/tarczynskiarenawroclaw.pl\\\/#organization\"},\"potentialAction\":[{\"@type\":\"SearchAction\",\"target\":{\"@type\":\"EntryPoint\",\"urlTemplate\":\"https:\\\/\\\/tarczynskiarenawroclaw.pl\\\/?s={search_term_string}\"},\"query-input\":{\"@type\":\"PropertyValueSpecification\",\"valueRequired\":true,\"valueName\":\"search_term_string\"}}],\"inLanguage\":\"en-US\"},{\"@type\":\"Organization\",\"@id\":\"https:\\\/\\\/tarczynskiarenawroclaw.pl\\\/#organization\",\"name\":\"Stadion Wroc\u0142aw\",\"url\":\"https:\\\/\\\/tarczynskiarenawroclaw.pl\\\/\",\"logo\":{\"@type\":\"ImageObject\",\"inLanguage\":\"en-US\",\"@id\":\"https:\\\/\\\/tarczynskiarenawroclaw.pl\\\/#\\\/schema\\\/logo\\\/image\\\/\",\"url\":\"https:\\\/\\\/stadionwroclaw.pl\\\/wp-content\\\/uploads\\\/2021\\\/08\\\/favicon-stadion-wroclaw.png\",\"contentUrl\":\"https:\\\/\\\/stadionwroclaw.pl\\\/wp-content\\\/uploads\\\/2021\\\/08\\\/favicon-stadion-wroclaw.png\",\"width\":512,\"height\":512,\"caption\":\"Stadion Wroc\u0142aw\"},\"image\":{\"@id\":\"https:\\\/\\\/tarczynskiarenawroclaw.pl\\\/#\\\/schema\\\/logo\\\/image\\\/\"}}]}<\/script>\n<!-- \/ Yoast SEO plugin. -->","yoast_head_json":{"title":"Skating rink at the stadium &#8211; Tarczy\u0144ski Arena Wroc\u0142aw","description":"ce scating lovers can use the ice rink at al. \u015al\u0105ska again. Our skating rink is open from Monday to Sunday from 9:00 to 22:00.","robots":{"index":"index","follow":"follow","max-snippet":"max-snippet:-1","max-image-preview":"max-image-preview:large","max-video-preview":"max-video-preview:-1"},"canonical":"https:\/\/tarczynskiarenawroclaw.pl\/en\/for-visitors\/lodowisko-stadion-wroclaw\/","og_locale":"en_US","og_type":"article","og_title":"Skating rink at the stadium &#8211; Tarczy\u0144ski Arena Wroc\u0142aw","og_description":"ce scating lovers can use the ice rink at al. \u015al\u0105ska again. Our skating rink is open from Monday to Sunday from 9:00 to 22:00.","og_url":"https:\/\/tarczynskiarenawroclaw.pl\/en\/for-visitors\/lodowisko-stadion-wroclaw\/","og_site_name":"Tarczy\u0144ski Arena Wroc\u0142aw","article_modified_time":"2025-11-05T16:27:26+00:00","og_image":[{"width":2560,"height":1707,"url":"https:\/\/tarczynskiarenawroclaw.pl\/wp-content\/uploads\/2021\/11\/LGZ2281-scaled.jpg","type":"image\/jpeg"}],"twitter_card":"summary_large_image","twitter_misc":{"Est. reading time":"4 minutes"},"schema":{"@context":"https:\/\/schema.org","@graph":[{"@type":"WebPage","@id":"https:\/\/tarczynskiarenawroclaw.pl\/en\/for-visitors\/lodowisko-stadion-wroclaw\/","url":"https:\/\/tarczynskiarenawroclaw.pl\/en\/for-visitors\/lodowisko-stadion-wroclaw\/","name":"Skating rink at the stadium &#8211; Tarczy\u0144ski Arena Wroc\u0142aw","isPartOf":{"@id":"https:\/\/tarczynskiarenawroclaw.pl\/#website"},"primaryImageOfPage":{"@id":"https:\/\/tarczynskiarenawroclaw.pl\/en\/for-visitors\/lodowisko-stadion-wroclaw\/#primaryimage"},"image":{"@id":"https:\/\/tarczynskiarenawroclaw.pl\/en\/for-visitors\/lodowisko-stadion-wroclaw\/#primaryimage"},"thumbnailUrl":"https:\/\/tarczynskiarenawroclaw.pl\/wp-content\/uploads\/2021\/11\/LGZ2281-scaled.jpg","datePublished":"2021-09-02T07:16:54+00:00","dateModified":"2025-11-05T16:27:26+00:00","description":"ce scating lovers can use the ice rink at al. \u015al\u0105ska again. Our skating rink is open from Monday to Sunday from 9:00 to 22:00.","breadcrumb":{"@id":"https:\/\/tarczynskiarenawroclaw.pl\/en\/for-visitors\/lodowisko-stadion-wroclaw\/#breadcrumb"},"inLanguage":"en-US","potentialAction":[{"@type":"ReadAction","target":["https:\/\/tarczynskiarenawroclaw.pl\/en\/for-visitors\/lodowisko-stadion-wroclaw\/"]}]},{"@type":"ImageObject","inLanguage":"en-US","@id":"https:\/\/tarczynskiarenawroclaw.pl\/en\/for-visitors\/lodowisko-stadion-wroclaw\/#primaryimage","url":"https:\/\/tarczynskiarenawroclaw.pl\/wp-content\/uploads\/2021\/11\/LGZ2281-scaled.jpg","contentUrl":"https:\/\/tarczynskiarenawroclaw.pl\/wp-content\/uploads\/2021\/11\/LGZ2281-scaled.jpg","width":2560,"height":1707},{"@type":"BreadcrumbList","@id":"https:\/\/tarczynskiarenawroclaw.pl\/en\/for-visitors\/lodowisko-stadion-wroclaw\/#breadcrumb","itemListElement":[{"@type":"ListItem","position":1,"name":"Strona g\u0142\u00f3wna","item":"https:\/\/tarczynskiarenawroclaw.pl\/en\/"},{"@type":"ListItem","position":2,"name":"For visitors","item":"https:\/\/tarczynskiarenawroclaw.pl\/en\/for-visitors\/"},{"@type":"ListItem","position":3,"name":"Skating rink at the stadium"}]},{"@type":"WebSite","@id":"https:\/\/tarczynskiarenawroclaw.pl\/#website","url":"https:\/\/tarczynskiarenawroclaw.pl\/","name":"Tarczy\u0144ski Arena Wroc\u0142aw","description":"Stadion Miejski we Wroc\u0142awiu","publisher":{"@id":"https:\/\/tarczynskiarenawroclaw.pl\/#organization"},"potentialAction":[{"@type":"SearchAction","target":{"@type":"EntryPoint","urlTemplate":"https:\/\/tarczynskiarenawroclaw.pl\/?s={search_term_string}"},"query-input":{"@type":"PropertyValueSpecification","valueRequired":true,"valueName":"search_term_string"}}],"inLanguage":"en-US"},{"@type":"Organization","@id":"https:\/\/tarczynskiarenawroclaw.pl\/#organization","name":"Stadion Wroc\u0142aw","url":"https:\/\/tarczynskiarenawroclaw.pl\/","logo":{"@type":"ImageObject","inLanguage":"en-US","@id":"https:\/\/tarczynskiarenawroclaw.pl\/#\/schema\/logo\/image\/","url":"https:\/\/stadionwroclaw.pl\/wp-content\/uploads\/2021\/08\/favicon-stadion-wroclaw.png","contentUrl":"https:\/\/stadionwroclaw.pl\/wp-content\/uploads\/2021\/08\/favicon-stadion-wroclaw.png","width":512,"height":512,"caption":"Stadion Wroc\u0142aw"},"image":{"@id":"https:\/\/tarczynskiarenawroclaw.pl\/#\/schema\/logo\/image\/"}}]}},"coauthors":[],"author_meta":{"author_link":"https:\/\/tarczynskiarenawroclaw.pl\/en\/author\/sw-admin\/","display_name":"WLM"},"relative_dates":{"created":"Posted 5 years ago","modified":"Updated 6 months ago"},"absolute_dates":{"created":"Posted on 02.09.2021","modified":"Updated on 05.11.2025"},"absolute_dates_time":{"created":"Posted on 02.09.2021 09:16","modified":"Updated on 05.11.2025 17:27"},"featured_img_caption":"","featured_img":"https:\/\/tarczynskiarenawroclaw.pl\/wp-content\/uploads\/2021\/11\/LGZ2281-330x330.jpg","series_order":"","_links":{"self":[{"href":"https:\/\/tarczynskiarenawroclaw.pl\/en\/wp-json\/wp\/v2\/pages\/9951","targetHints":{"allow":["GET"]}}],"collection":[{"href":"https:\/\/tarczynskiarenawroclaw.pl\/en\/wp-json\/wp\/v2\/pages"}],"about":[{"href":"https:\/\/tarczynskiarenawroclaw.pl\/en\/wp-json\/wp\/v2\/types\/page"}],"author":[{"embeddable":true,"href":"https:\/\/tarczynskiarenawroclaw.pl\/en\/wp-json\/wp\/v2\/users\/1"}],"replies":[{"embeddable":true,"href":"https:\/\/tarczynskiarenawroclaw.pl\/en\/wp-json\/wp\/v2\/comments?post=9951"}],"version-history":[{"count":5,"href":"https:\/\/tarczynskiarenawroclaw.pl\/en\/wp-json\/wp\/v2\/pages\/9951\/revisions"}],"predecessor-version":[{"id":17068,"href":"https:\/\/tarczynskiarenawroclaw.pl\/en\/wp-json\/wp\/v2\/pages\/9951\/revisions\/17068"}],"up":[{"embeddable":true,"href":"https:\/\/tarczynskiarenawroclaw.pl\/en\/wp-json\/wp\/v2\/pages\/9941"}],"wp:featuredmedia":[{"embeddable":true,"href":"https:\/\/tarczynskiarenawroclaw.pl\/en\/wp-json\/wp\/v2\/media\/11768"}],"wp:attachment":[{"href":"https:\/\/tarczynskiarenawroclaw.pl\/en\/wp-json\/wp\/v2\/media?parent=9951"}],"curies":[{"name":"wp","href":"https:\/\/api.w.org\/{rel}","templated":true}]}}