{"id":9953,"date":"2021-09-02T09:19:41","date_gmt":"2021-09-02T07:19:41","guid":{"rendered":"https:\/\/tarczynskiarenawroclaw.pl\/?page_id=9953"},"modified":"2021-11-29T13:43:41","modified_gmt":"2021-11-29T12:43:41","slug":"karts-track","status":"publish","type":"page","link":"https:\/\/tarczynskiarenawroclaw.pl\/en\/for-visitors\/karts-track\/","title":{"rendered":"Le Mans karting track"},"content":{"rendered":"\n<div class=\"wp-block-columns is-layout-flex wp-container-core-columns-is-layout-9d6595d7 wp-block-columns-is-layout-flex\">\n<div class=\"wp-block-column is-layout-flow wp-block-column-is-layout-flow\" style=\"flex-basis:33%\">\n<h2 class=\"wp-block-heading\">This is one of the longest and the only covered go-kart track in Poland. <\/h2>\n\n\n\n<p>You can drive at a&nbsp;speed of up to 60 km\/h, also after dark as the facility is illuminated. The track is open all week from 10.00 am to 11.00 pm. The exceptions are matchdays and other event days. There are also 30 go-karts for persons over 16 years of age. Children aged 7-16 can enjoy the ride in slower models. And children aged 4-8 can use a&nbsp;special mini-go-kart track. The cost of each 10-minute ride is 28 PLN. It is also possible to ride in&nbsp;double karts \u2013&nbsp;tandem.<\/p>\n\n\n\n<div style=\"height:20px\" aria-hidden=\"true\" class=\"wp-block-spacer\"><\/div>\n\n\n\n<p class=\"has-text-align-left has-white-color has-stadion-green-background-color has-text-color has-background has-medium-font-size\">Release Your character at <strong>Le Mans<\/strong> track.<\/p>\n\n\n\n<div style=\"height:20px\" aria-hidden=\"true\" class=\"wp-block-spacer\"><\/div>\n\n\n\n<div style=\"height:20px\" aria-hidden=\"true\" class=\"wp-block-spacer\"><\/div>\n<\/div>\n\n\n\n<div class=\"wp-block-column is-layout-flow wp-block-column-is-layout-flow\" style=\"flex-basis:66%\">\n<figure class=\"wp-block-image size-full is-resized\"><img loading=\"lazy\" decoding=\"async\" src=\"https:\/\/tarczynskiarenawroclaw.pl\/wp-content\/uploads\/2021\/08\/gokarty.jpg\" alt=\"\" class=\"wp-image-9196\" width=\"1032\" height=\"551\"\/><\/figure>\n\n\n\n\n<\/div>\n<\/div>\n\n\n\n<div class=\"wp-block-columns is-layout-flex wp-container-core-columns-is-layout-9d6595d7 wp-block-columns-is-layout-flex\">\n<div class=\"wp-block-column is-layout-flow wp-block-column-is-layout-flow\" style=\"flex-basis:33.33%\">\n<h3 class=\"wp-block-heading\">Opening hours<\/h3>\n\n\n\n<p><strong>Monday \u2013\u00a0Thursday:<\/strong><\/p>\n\n\n\n<ul class=\"wp-block-list\"><li>14:00 \u2013&nbsp;22:00<\/li><\/ul>\n\n\n\n<p><strong>Friday: <\/strong><\/p>\n\n\n\n<ul class=\"wp-block-list\"><li>12:00 &#8211; 22:00<\/li><\/ul>\n\n\n\n<p><strong>Saturday \u2013&nbsp;Sunday:<\/strong><\/p>\n\n\n\n<ul class=\"wp-block-list\"><li>10.00 \u2013&nbsp;22.00<\/li><\/ul>\n<\/div>\n\n\n\n<div class=\"wp-block-column is-layout-flow wp-block-column-is-layout-flow\" style=\"flex-basis:33%\">\n<h3 class=\"wp-block-heading\">Fees<\/h3>\n\n\n\n<p><strong>Adults and children from 16 years old<\/strong><\/p>\n\n\n\n<ul class=\"wp-block-list\"><li>10 min. \u2013&nbsp;39 PLN<\/li><li>20 min. \u2013&nbsp;70 PLN<\/li><li>30 min. \u2013&nbsp;99 PLN<\/li><\/ul>\n\n\n\n<p><strong>Children from 4 to 16 years old<\/strong><\/p>\n\n\n\n<ul class=\"wp-block-list\"><li>10 min. \u2013&nbsp;30 PLN<\/li><li>20 min. \u2013&nbsp;54 PLN<\/li><li>30 min. \u2013&nbsp;76 PLN<\/li><\/ul>\n\n\n\n<p><strong>Tandem (double go-kart)<\/strong><\/p>\n\n\n\n<ul class=\"wp-block-list\"><li>10 min. \u2013&nbsp;45 PLN<\/li><\/ul>\n<\/div>\n\n\n\n<div class=\"wp-block-column is-layout-flow wp-block-column-is-layout-flow\" style=\"flex-basis:33%\">\n<h3 class=\"wp-block-heading\">Contact <\/h3>\n\n\n\n<p>Tel.:&nbsp;<strong><u><a href=\"tel:717160400\">(71) 71 60 400<\/a><\/u><\/strong><\/p>\n\n\n\n<p>E-mail:&nbsp;<a href=\"mailto:rezerwacja@lemans.pl\" target=\"_blank\" rel=\"noreferrer noopener\"><strong><u>rezerwacja@lemans.pl<\/u><\/strong><\/a><\/p>\n\n\n\n<p>Website :&nbsp;<a href=\"http:\/\/www.lemans.pl\/\" target=\"_blank\" rel=\"noreferrer noopener\"><strong>www.lemans.pl<\/strong><\/a><\/p>\n\n\n\n<p><strong>entrance:<\/strong>&nbsp;gate C and D<\/p>\n\n\n\n<p><a href=\"https:\/\/tarczynskiarenawroclaw.pl\/en\/parking\/\" target=\"_blank\" rel=\"noreferrer noopener\">Parking fees <\/a><\/p>\n<\/div>\n<\/div>\n\n\n\n\n","protected":false},"excerpt":{"rendered":"<p>This is one of the longest and the only covered go-kart track in&#8230;<\/p>\n","protected":false},"author":1,"featured_media":9197,"parent":9941,"menu_order":61,"comment_status":"closed","ping_status":"closed","template":"","meta":{"advgb_blocks_editor_width":"","advgb_blocks_columns_visual_guide":"","footnotes":""},"class_list":["post-9953","page","type-page","status-publish","has-post-thumbnail","hentry"],"yoast_head":"<!-- This site is optimized with the Yoast SEO plugin v27.4 - https:\/\/yoast.com\/product\/yoast-seo-wordpress\/ -->\n<title>Le Mans karting track &#8211; Tarczy\u0144ski Arena Wroc\u0142aw<\/title>\n<meta name=\"description\" content=\"This is one of the longest and the only covered go-kart track in Poland. You can drive at a&nbsp;speed of up to 60 km\/h, also after dark as the facility\" \/>\n<meta name=\"robots\" content=\"index, follow, max-snippet:-1, max-image-preview:large, max-video-preview:-1\" \/>\n<link rel=\"canonical\" href=\"https:\/\/tarczynskiarenawroclaw.pl\/en\/for-visitors\/karts-track\/\" \/>\n<meta property=\"og:locale\" content=\"en_US\" \/>\n<meta property=\"og:type\" content=\"article\" \/>\n<meta property=\"og:title\" content=\"Le Mans karting track &#8211; Tarczy\u0144ski Arena Wroc\u0142aw\" \/>\n<meta property=\"og:description\" content=\"This is one of the longest and the only covered go-kart track in Poland. You can drive at a&nbsp;speed of up to 60 km\/h, also after dark as the facility\" \/>\n<meta property=\"og:url\" content=\"https:\/\/tarczynskiarenawroclaw.pl\/en\/for-visitors\/karts-track\/\" \/>\n<meta property=\"og:site_name\" content=\"Tarczy\u0144ski Arena Wroc\u0142aw\" \/>\n<meta property=\"article:modified_time\" content=\"2021-11-29T12:43:41+00:00\" \/>\n<meta property=\"og:image\" content=\"https:\/\/tarczynskiarenawroclaw.pl\/wp-content\/uploads\/2021\/08\/gokarty.jpg\" \/>\n\t<meta property=\"og:image:width\" content=\"691\" \/>\n\t<meta property=\"og:image:height\" content=\"369\" \/>\n\t<meta property=\"og:image:type\" content=\"image\/jpeg\" \/>\n<meta name=\"twitter:card\" content=\"summary_large_image\" \/>\n<meta name=\"twitter:label1\" content=\"Est. reading time\" \/>\n\t<meta name=\"twitter:data1\" content=\"2 minutes\" \/>\n<script type=\"application\/ld+json\" class=\"yoast-schema-graph\">{\"@context\":\"https:\\\/\\\/schema.org\",\"@graph\":[{\"@type\":\"WebPage\",\"@id\":\"https:\\\/\\\/tarczynskiarenawroclaw.pl\\\/en\\\/for-visitors\\\/karts-track\\\/\",\"url\":\"https:\\\/\\\/tarczynskiarenawroclaw.pl\\\/en\\\/for-visitors\\\/karts-track\\\/\",\"name\":\"Le Mans karting track &#8211; Tarczy\u0144ski Arena Wroc\u0142aw\",\"isPartOf\":{\"@id\":\"https:\\\/\\\/tarczynskiarenawroclaw.pl\\\/#website\"},\"primaryImageOfPage\":{\"@id\":\"https:\\\/\\\/tarczynskiarenawroclaw.pl\\\/en\\\/for-visitors\\\/karts-track\\\/#primaryimage\"},\"image\":{\"@id\":\"https:\\\/\\\/tarczynskiarenawroclaw.pl\\\/en\\\/for-visitors\\\/karts-track\\\/#primaryimage\"},\"thumbnailUrl\":\"https:\\\/\\\/tarczynskiarenawroclaw.pl\\\/wp-content\\\/uploads\\\/2021\\\/08\\\/gokarty.jpg\",\"datePublished\":\"2021-09-02T07:19:41+00:00\",\"dateModified\":\"2021-11-29T12:43:41+00:00\",\"description\":\"This is one of the longest and the only covered go-kart track in Poland. You can drive at a&nbsp;speed of up to 60 km\\\/h, also after dark as the facility\",\"breadcrumb\":{\"@id\":\"https:\\\/\\\/tarczynskiarenawroclaw.pl\\\/en\\\/for-visitors\\\/karts-track\\\/#breadcrumb\"},\"inLanguage\":\"en-US\",\"potentialAction\":[{\"@type\":\"ReadAction\",\"target\":[\"https:\\\/\\\/tarczynskiarenawroclaw.pl\\\/en\\\/for-visitors\\\/karts-track\\\/\"]}]},{\"@type\":\"ImageObject\",\"inLanguage\":\"en-US\",\"@id\":\"https:\\\/\\\/tarczynskiarenawroclaw.pl\\\/en\\\/for-visitors\\\/karts-track\\\/#primaryimage\",\"url\":\"https:\\\/\\\/tarczynskiarenawroclaw.pl\\\/wp-content\\\/uploads\\\/2021\\\/08\\\/gokarty.jpg\",\"contentUrl\":\"https:\\\/\\\/tarczynskiarenawroclaw.pl\\\/wp-content\\\/uploads\\\/2021\\\/08\\\/gokarty.jpg\",\"width\":691,\"height\":369},{\"@type\":\"BreadcrumbList\",\"@id\":\"https:\\\/\\\/tarczynskiarenawroclaw.pl\\\/en\\\/for-visitors\\\/karts-track\\\/#breadcrumb\",\"itemListElement\":[{\"@type\":\"ListItem\",\"position\":1,\"name\":\"Strona g\u0142\u00f3wna\",\"item\":\"https:\\\/\\\/tarczynskiarenawroclaw.pl\\\/en\\\/\"},{\"@type\":\"ListItem\",\"position\":2,\"name\":\"For visitors\",\"item\":\"https:\\\/\\\/tarczynskiarenawroclaw.pl\\\/en\\\/for-visitors\\\/\"},{\"@type\":\"ListItem\",\"position\":3,\"name\":\"Le Mans karting track\"}]},{\"@type\":\"WebSite\",\"@id\":\"https:\\\/\\\/tarczynskiarenawroclaw.pl\\\/#website\",\"url\":\"https:\\\/\\\/tarczynskiarenawroclaw.pl\\\/\",\"name\":\"Tarczy\u0144ski Arena Wroc\u0142aw\",\"description\":\"Stadion Miejski we Wroc\u0142awiu\",\"publisher\":{\"@id\":\"https:\\\/\\\/tarczynskiarenawroclaw.pl\\\/#organization\"},\"potentialAction\":[{\"@type\":\"SearchAction\",\"target\":{\"@type\":\"EntryPoint\",\"urlTemplate\":\"https:\\\/\\\/tarczynskiarenawroclaw.pl\\\/?s={search_term_string}\"},\"query-input\":{\"@type\":\"PropertyValueSpecification\",\"valueRequired\":true,\"valueName\":\"search_term_string\"}}],\"inLanguage\":\"en-US\"},{\"@type\":\"Organization\",\"@id\":\"https:\\\/\\\/tarczynskiarenawroclaw.pl\\\/#organization\",\"name\":\"Stadion Wroc\u0142aw\",\"url\":\"https:\\\/\\\/tarczynskiarenawroclaw.pl\\\/\",\"logo\":{\"@type\":\"ImageObject\",\"inLanguage\":\"en-US\",\"@id\":\"https:\\\/\\\/tarczynskiarenawroclaw.pl\\\/#\\\/schema\\\/logo\\\/image\\\/\",\"url\":\"https:\\\/\\\/stadionwroclaw.pl\\\/wp-content\\\/uploads\\\/2021\\\/08\\\/favicon-stadion-wroclaw.png\",\"contentUrl\":\"https:\\\/\\\/stadionwroclaw.pl\\\/wp-content\\\/uploads\\\/2021\\\/08\\\/favicon-stadion-wroclaw.png\",\"width\":512,\"height\":512,\"caption\":\"Stadion Wroc\u0142aw\"},\"image\":{\"@id\":\"https:\\\/\\\/tarczynskiarenawroclaw.pl\\\/#\\\/schema\\\/logo\\\/image\\\/\"}}]}<\/script>\n<!-- \/ Yoast SEO plugin. -->","yoast_head_json":{"title":"Le Mans karting track &#8211; Tarczy\u0144ski Arena Wroc\u0142aw","description":"This is one of the longest and the only covered go-kart track in Poland. You can drive at a&nbsp;speed of up to 60 km\/h, also after dark as the facility","robots":{"index":"index","follow":"follow","max-snippet":"max-snippet:-1","max-image-preview":"max-image-preview:large","max-video-preview":"max-video-preview:-1"},"canonical":"https:\/\/tarczynskiarenawroclaw.pl\/en\/for-visitors\/karts-track\/","og_locale":"en_US","og_type":"article","og_title":"Le Mans karting track &#8211; Tarczy\u0144ski Arena Wroc\u0142aw","og_description":"This is one of the longest and the only covered go-kart track in Poland. You can drive at a&nbsp;speed of up to 60 km\/h, also after dark as the facility","og_url":"https:\/\/tarczynskiarenawroclaw.pl\/en\/for-visitors\/karts-track\/","og_site_name":"Tarczy\u0144ski Arena Wroc\u0142aw","article_modified_time":"2021-11-29T12:43:41+00:00","og_image":[{"width":691,"height":369,"url":"https:\/\/tarczynskiarenawroclaw.pl\/wp-content\/uploads\/2021\/08\/gokarty.jpg","type":"image\/jpeg"}],"twitter_card":"summary_large_image","twitter_misc":{"Est. reading time":"2 minutes"},"schema":{"@context":"https:\/\/schema.org","@graph":[{"@type":"WebPage","@id":"https:\/\/tarczynskiarenawroclaw.pl\/en\/for-visitors\/karts-track\/","url":"https:\/\/tarczynskiarenawroclaw.pl\/en\/for-visitors\/karts-track\/","name":"Le Mans karting track &#8211; Tarczy\u0144ski Arena Wroc\u0142aw","isPartOf":{"@id":"https:\/\/tarczynskiarenawroclaw.pl\/#website"},"primaryImageOfPage":{"@id":"https:\/\/tarczynskiarenawroclaw.pl\/en\/for-visitors\/karts-track\/#primaryimage"},"image":{"@id":"https:\/\/tarczynskiarenawroclaw.pl\/en\/for-visitors\/karts-track\/#primaryimage"},"thumbnailUrl":"https:\/\/tarczynskiarenawroclaw.pl\/wp-content\/uploads\/2021\/08\/gokarty.jpg","datePublished":"2021-09-02T07:19:41+00:00","dateModified":"2021-11-29T12:43:41+00:00","description":"This is one of the longest and the only covered go-kart track in Poland. You can drive at a&nbsp;speed of up to 60 km\/h, also after dark as the facility","breadcrumb":{"@id":"https:\/\/tarczynskiarenawroclaw.pl\/en\/for-visitors\/karts-track\/#breadcrumb"},"inLanguage":"en-US","potentialAction":[{"@type":"ReadAction","target":["https:\/\/tarczynskiarenawroclaw.pl\/en\/for-visitors\/karts-track\/"]}]},{"@type":"ImageObject","inLanguage":"en-US","@id":"https:\/\/tarczynskiarenawroclaw.pl\/en\/for-visitors\/karts-track\/#primaryimage","url":"https:\/\/tarczynskiarenawroclaw.pl\/wp-content\/uploads\/2021\/08\/gokarty.jpg","contentUrl":"https:\/\/tarczynskiarenawroclaw.pl\/wp-content\/uploads\/2021\/08\/gokarty.jpg","width":691,"height":369},{"@type":"BreadcrumbList","@id":"https:\/\/tarczynskiarenawroclaw.pl\/en\/for-visitors\/karts-track\/#breadcrumb","itemListElement":[{"@type":"ListItem","position":1,"name":"Strona g\u0142\u00f3wna","item":"https:\/\/tarczynskiarenawroclaw.pl\/en\/"},{"@type":"ListItem","position":2,"name":"For visitors","item":"https:\/\/tarczynskiarenawroclaw.pl\/en\/for-visitors\/"},{"@type":"ListItem","position":3,"name":"Le Mans karting track"}]},{"@type":"WebSite","@id":"https:\/\/tarczynskiarenawroclaw.pl\/#website","url":"https:\/\/tarczynskiarenawroclaw.pl\/","name":"Tarczy\u0144ski Arena Wroc\u0142aw","description":"Stadion Miejski we Wroc\u0142awiu","publisher":{"@id":"https:\/\/tarczynskiarenawroclaw.pl\/#organization"},"potentialAction":[{"@type":"SearchAction","target":{"@type":"EntryPoint","urlTemplate":"https:\/\/tarczynskiarenawroclaw.pl\/?s={search_term_string}"},"query-input":{"@type":"PropertyValueSpecification","valueRequired":true,"valueName":"search_term_string"}}],"inLanguage":"en-US"},{"@type":"Organization","@id":"https:\/\/tarczynskiarenawroclaw.pl\/#organization","name":"Stadion Wroc\u0142aw","url":"https:\/\/tarczynskiarenawroclaw.pl\/","logo":{"@type":"ImageObject","inLanguage":"en-US","@id":"https:\/\/tarczynskiarenawroclaw.pl\/#\/schema\/logo\/image\/","url":"https:\/\/stadionwroclaw.pl\/wp-content\/uploads\/2021\/08\/favicon-stadion-wroclaw.png","contentUrl":"https:\/\/stadionwroclaw.pl\/wp-content\/uploads\/2021\/08\/favicon-stadion-wroclaw.png","width":512,"height":512,"caption":"Stadion Wroc\u0142aw"},"image":{"@id":"https:\/\/tarczynskiarenawroclaw.pl\/#\/schema\/logo\/image\/"}}]}},"coauthors":[],"author_meta":{"author_link":"https:\/\/tarczynskiarenawroclaw.pl\/en\/author\/sw-admin\/","display_name":"WLM"},"relative_dates":{"created":"Posted 5 years ago","modified":"Updated 4 years ago"},"absolute_dates":{"created":"Posted on 02.09.2021","modified":"Updated on 29.11.2021"},"absolute_dates_time":{"created":"Posted on 02.09.2021 09:19","modified":"Updated on 29.11.2021 13:43"},"featured_img_caption":"","featured_img":"https:\/\/tarczynskiarenawroclaw.pl\/wp-content\/uploads\/2021\/08\/gokarty-330x330.jpg","series_order":"","_links":{"self":[{"href":"https:\/\/tarczynskiarenawroclaw.pl\/en\/wp-json\/wp\/v2\/pages\/9953","targetHints":{"allow":["GET"]}}],"collection":[{"href":"https:\/\/tarczynskiarenawroclaw.pl\/en\/wp-json\/wp\/v2\/pages"}],"about":[{"href":"https:\/\/tarczynskiarenawroclaw.pl\/en\/wp-json\/wp\/v2\/types\/page"}],"author":[{"embeddable":true,"href":"https:\/\/tarczynskiarenawroclaw.pl\/en\/wp-json\/wp\/v2\/users\/1"}],"replies":[{"embeddable":true,"href":"https:\/\/tarczynskiarenawroclaw.pl\/en\/wp-json\/wp\/v2\/comments?post=9953"}],"version-history":[{"count":0,"href":"https:\/\/tarczynskiarenawroclaw.pl\/en\/wp-json\/wp\/v2\/pages\/9953\/revisions"}],"up":[{"embeddable":true,"href":"https:\/\/tarczynskiarenawroclaw.pl\/en\/wp-json\/wp\/v2\/pages\/9941"}],"wp:featuredmedia":[{"embeddable":true,"href":"https:\/\/tarczynskiarenawroclaw.pl\/en\/wp-json\/wp\/v2\/media\/9197"}],"wp:attachment":[{"href":"https:\/\/tarczynskiarenawroclaw.pl\/en\/wp-json\/wp\/v2\/media?parent=9953"}],"curies":[{"name":"wp","href":"https:\/\/api.w.org\/{rel}","templated":true}]}}