{"id":9960,"date":"2021-09-02T09:23:08","date_gmt":"2021-09-02T07:23:08","guid":{"rendered":"https:\/\/tarczynskiarenawroclaw.pl\/?page_id=9960"},"modified":"2021-11-29T13:50:32","modified_gmt":"2021-11-29T12:50:32","slug":"for-business","status":"publish","type":"page","link":"https:\/\/tarczynskiarenawroclaw.pl\/en\/for-business\/","title":{"rendered":"For business"},"content":{"rendered":"\n<div class=\"wp-block-group is-layout-constrained wp-container-core-group-is-layout-54f804ee wp-block-group-is-layout-constrained\">\n<h1 class=\"has-text-align-center wp-block-heading\"><strong>#StadiumForBusiness<\/strong><\/h1>\n\n\n\n<p class=\"has-text-align-center has-medium-font-size\">Tarczy\u0144ski Arena Wroc\u0142aw is a\u00a0multifunctional and modern place offering a\u00a0wide range of possibilities for organizers of various events.\u00a0The facility is perfect not only as a\u00a0football matches and mass events arena but also as a\u00a0place of more intimate events.<\/p>\n<\/div>\n\n\n\n<div style=\"height:60px\" aria-hidden=\"true\" class=\"wp-block-spacer\"><\/div>\n","protected":false},"excerpt":{"rendered":"<p>#StadiumForBusiness Tarczy\u0144ski Arena Wroc\u0142aw is a\u00a0multifunctional and modern place offering a\u00a0wide range of&#8230;<\/p>\n","protected":false},"author":1,"featured_media":0,"parent":0,"menu_order":18,"comment_status":"closed","ping_status":"closed","template":"page-no-title.php","meta":{"advgb_blocks_editor_width":"","advgb_blocks_columns_visual_guide":"","footnotes":""},"class_list":["post-9960","page","type-page","status-publish","hentry"],"yoast_head":"<!-- This site is optimized with the Yoast SEO plugin v25.9 - https:\/\/yoast.com\/wordpress\/plugins\/seo\/ -->\n<title>For business &#8211; Tarczy\u0144ski Arena Wroc\u0142aw<\/title>\n<meta name=\"description\" content=\"Wroclaw Stadium is a\u00a0multifunctional and modern place offering a\u00a0wide range of possibilities for organizers of various events.\" \/>\n<meta name=\"robots\" content=\"index, follow, max-snippet:-1, max-image-preview:large, max-video-preview:-1\" \/>\n<link rel=\"canonical\" href=\"https:\/\/tarczynskiarenawroclaw.pl\/en\/for-business\/\" \/>\n<meta property=\"og:locale\" content=\"en_US\" \/>\n<meta property=\"og:type\" content=\"article\" \/>\n<meta property=\"og:title\" content=\"For business &#8211; Tarczy\u0144ski Arena Wroc\u0142aw\" \/>\n<meta property=\"og:description\" content=\"Wroclaw Stadium is a\u00a0multifunctional and modern place offering a\u00a0wide range of possibilities for organizers of various events.\" \/>\n<meta property=\"og:url\" content=\"https:\/\/tarczynskiarenawroclaw.pl\/en\/for-business\/\" \/>\n<meta property=\"og:site_name\" content=\"Tarczy\u0144ski Arena Wroc\u0142aw\" \/>\n<meta property=\"article:modified_time\" content=\"2021-11-29T12:50:32+00:00\" \/>\n<meta name=\"twitter:card\" content=\"summary_large_image\" \/>\n<meta name=\"twitter:label1\" content=\"Est. reading time\" \/>\n\t<meta name=\"twitter:data1\" content=\"1 minute\" \/>\n<script type=\"application\/ld+json\" class=\"yoast-schema-graph\">{\"@context\":\"https:\/\/schema.org\",\"@graph\":[{\"@type\":\"WebPage\",\"@id\":\"https:\/\/tarczynskiarenawroclaw.pl\/en\/for-business\/\",\"url\":\"https:\/\/tarczynskiarenawroclaw.pl\/en\/for-business\/\",\"name\":\"For business &#8211; Tarczy\u0144ski Arena Wroc\u0142aw\",\"isPartOf\":{\"@id\":\"https:\/\/tarczynskiarenawroclaw.pl\/#website\"},\"datePublished\":\"2021-09-02T07:23:08+00:00\",\"dateModified\":\"2021-11-29T12:50:32+00:00\",\"description\":\"Wroclaw Stadium is a\u00a0multifunctional and modern place offering a\u00a0wide range of possibilities for organizers of various events.\",\"breadcrumb\":{\"@id\":\"https:\/\/tarczynskiarenawroclaw.pl\/en\/for-business\/#breadcrumb\"},\"inLanguage\":\"en-US\",\"potentialAction\":[{\"@type\":\"ReadAction\",\"target\":[\"https:\/\/tarczynskiarenawroclaw.pl\/en\/for-business\/\"]}]},{\"@type\":\"BreadcrumbList\",\"@id\":\"https:\/\/tarczynskiarenawroclaw.pl\/en\/for-business\/#breadcrumb\",\"itemListElement\":[{\"@type\":\"ListItem\",\"position\":1,\"name\":\"Strona g\u0142\u00f3wna\",\"item\":\"https:\/\/tarczynskiarenawroclaw.pl\/en\/\"},{\"@type\":\"ListItem\",\"position\":2,\"name\":\"For business\"}]},{\"@type\":\"WebSite\",\"@id\":\"https:\/\/tarczynskiarenawroclaw.pl\/#website\",\"url\":\"https:\/\/tarczynskiarenawroclaw.pl\/\",\"name\":\"Tarczy\u0144ski Arena Wroc\u0142aw\",\"description\":\"Stadion Miejski we Wroc\u0142awiu\",\"publisher\":{\"@id\":\"https:\/\/tarczynskiarenawroclaw.pl\/#organization\"},\"potentialAction\":[{\"@type\":\"SearchAction\",\"target\":{\"@type\":\"EntryPoint\",\"urlTemplate\":\"https:\/\/tarczynskiarenawroclaw.pl\/?s={search_term_string}\"},\"query-input\":{\"@type\":\"PropertyValueSpecification\",\"valueRequired\":true,\"valueName\":\"search_term_string\"}}],\"inLanguage\":\"en-US\"},{\"@type\":\"Organization\",\"@id\":\"https:\/\/tarczynskiarenawroclaw.pl\/#organization\",\"name\":\"Stadion Wroc\u0142aw\",\"url\":\"https:\/\/tarczynskiarenawroclaw.pl\/\",\"logo\":{\"@type\":\"ImageObject\",\"inLanguage\":\"en-US\",\"@id\":\"https:\/\/tarczynskiarenawroclaw.pl\/#\/schema\/logo\/image\/\",\"url\":\"https:\/\/stadionwroclaw.pl\/wp-content\/uploads\/2021\/08\/favicon-stadion-wroclaw.png\",\"contentUrl\":\"https:\/\/stadionwroclaw.pl\/wp-content\/uploads\/2021\/08\/favicon-stadion-wroclaw.png\",\"width\":512,\"height\":512,\"caption\":\"Stadion Wroc\u0142aw\"},\"image\":{\"@id\":\"https:\/\/tarczynskiarenawroclaw.pl\/#\/schema\/logo\/image\/\"}}]}<\/script>\n<!-- \/ Yoast SEO plugin. -->","yoast_head_json":{"title":"For business &#8211; Tarczy\u0144ski Arena Wroc\u0142aw","description":"Wroclaw Stadium is a\u00a0multifunctional and modern place offering a\u00a0wide range of possibilities for organizers of various events.","robots":{"index":"index","follow":"follow","max-snippet":"max-snippet:-1","max-image-preview":"max-image-preview:large","max-video-preview":"max-video-preview:-1"},"canonical":"https:\/\/tarczynskiarenawroclaw.pl\/en\/for-business\/","og_locale":"en_US","og_type":"article","og_title":"For business &#8211; Tarczy\u0144ski Arena Wroc\u0142aw","og_description":"Wroclaw Stadium is a\u00a0multifunctional and modern place offering a\u00a0wide range of possibilities for organizers of various events.","og_url":"https:\/\/tarczynskiarenawroclaw.pl\/en\/for-business\/","og_site_name":"Tarczy\u0144ski Arena Wroc\u0142aw","article_modified_time":"2021-11-29T12:50:32+00:00","twitter_card":"summary_large_image","twitter_misc":{"Est. reading time":"1 minute"},"schema":{"@context":"https:\/\/schema.org","@graph":[{"@type":"WebPage","@id":"https:\/\/tarczynskiarenawroclaw.pl\/en\/for-business\/","url":"https:\/\/tarczynskiarenawroclaw.pl\/en\/for-business\/","name":"For business &#8211; Tarczy\u0144ski Arena Wroc\u0142aw","isPartOf":{"@id":"https:\/\/tarczynskiarenawroclaw.pl\/#website"},"datePublished":"2021-09-02T07:23:08+00:00","dateModified":"2021-11-29T12:50:32+00:00","description":"Wroclaw Stadium is a\u00a0multifunctional and modern place offering a\u00a0wide range of possibilities for organizers of various events.","breadcrumb":{"@id":"https:\/\/tarczynskiarenawroclaw.pl\/en\/for-business\/#breadcrumb"},"inLanguage":"en-US","potentialAction":[{"@type":"ReadAction","target":["https:\/\/tarczynskiarenawroclaw.pl\/en\/for-business\/"]}]},{"@type":"BreadcrumbList","@id":"https:\/\/tarczynskiarenawroclaw.pl\/en\/for-business\/#breadcrumb","itemListElement":[{"@type":"ListItem","position":1,"name":"Strona g\u0142\u00f3wna","item":"https:\/\/tarczynskiarenawroclaw.pl\/en\/"},{"@type":"ListItem","position":2,"name":"For business"}]},{"@type":"WebSite","@id":"https:\/\/tarczynskiarenawroclaw.pl\/#website","url":"https:\/\/tarczynskiarenawroclaw.pl\/","name":"Tarczy\u0144ski Arena Wroc\u0142aw","description":"Stadion Miejski we Wroc\u0142awiu","publisher":{"@id":"https:\/\/tarczynskiarenawroclaw.pl\/#organization"},"potentialAction":[{"@type":"SearchAction","target":{"@type":"EntryPoint","urlTemplate":"https:\/\/tarczynskiarenawroclaw.pl\/?s={search_term_string}"},"query-input":{"@type":"PropertyValueSpecification","valueRequired":true,"valueName":"search_term_string"}}],"inLanguage":"en-US"},{"@type":"Organization","@id":"https:\/\/tarczynskiarenawroclaw.pl\/#organization","name":"Stadion Wroc\u0142aw","url":"https:\/\/tarczynskiarenawroclaw.pl\/","logo":{"@type":"ImageObject","inLanguage":"en-US","@id":"https:\/\/tarczynskiarenawroclaw.pl\/#\/schema\/logo\/image\/","url":"https:\/\/stadionwroclaw.pl\/wp-content\/uploads\/2021\/08\/favicon-stadion-wroclaw.png","contentUrl":"https:\/\/stadionwroclaw.pl\/wp-content\/uploads\/2021\/08\/favicon-stadion-wroclaw.png","width":512,"height":512,"caption":"Stadion Wroc\u0142aw"},"image":{"@id":"https:\/\/tarczynskiarenawroclaw.pl\/#\/schema\/logo\/image\/"}}]}},"coauthors":[],"author_meta":{"author_link":"https:\/\/tarczynskiarenawroclaw.pl\/en\/author\/sw-admin\/","display_name":"WLM"},"relative_dates":{"created":"Posted 5 years ago","modified":"Updated 4 years ago"},"absolute_dates":{"created":"Posted on 02.09.2021","modified":"Updated on 29.11.2021"},"absolute_dates_time":{"created":"Posted on 02.09.2021 09:23","modified":"Updated on 29.11.2021 13:50"},"featured_img_caption":"","featured_img":false,"series_order":"","_links":{"self":[{"href":"https:\/\/tarczynskiarenawroclaw.pl\/en\/wp-json\/wp\/v2\/pages\/9960","targetHints":{"allow":["GET"]}}],"collection":[{"href":"https:\/\/tarczynskiarenawroclaw.pl\/en\/wp-json\/wp\/v2\/pages"}],"about":[{"href":"https:\/\/tarczynskiarenawroclaw.pl\/en\/wp-json\/wp\/v2\/types\/page"}],"author":[{"embeddable":true,"href":"https:\/\/tarczynskiarenawroclaw.pl\/en\/wp-json\/wp\/v2\/users\/1"}],"replies":[{"embeddable":true,"href":"https:\/\/tarczynskiarenawroclaw.pl\/en\/wp-json\/wp\/v2\/comments?post=9960"}],"version-history":[{"count":0,"href":"https:\/\/tarczynskiarenawroclaw.pl\/en\/wp-json\/wp\/v2\/pages\/9960\/revisions"}],"wp:attachment":[{"href":"https:\/\/tarczynskiarenawroclaw.pl\/en\/wp-json\/wp\/v2\/media?parent=9960"}],"curies":[{"name":"wp","href":"https:\/\/api.w.org\/{rel}","templated":true}]}}