{"id":9964,"date":"2021-08-19T09:25:00","date_gmt":"2021-08-19T07:25:00","guid":{"rendered":"https:\/\/tarczynskiarenawroclaw.pl\/?page_id=9964"},"modified":"2021-11-29T14:04:11","modified_gmt":"2021-11-29T13:04:11","slug":"mobilny-punkt-testow-na-koronawirusa","status":"publish","type":"page","link":"https:\/\/tarczynskiarenawroclaw.pl\/en\/services\/mobilny-punkt-testow-na-koronawirusa\/","title":{"rendered":"COVID-19 testing"},"content":{"rendered":"\n<h2 class=\"has-large-font-size wp-block-heading\">A mobile sampling point for SARS-CoV-2 testing is available at the Tarczy\u0144ski Arena Wroc\u0142aw.<\/h2>\n\n\n\n<p>It is open on weekdays from 8.00 to 12.00. It is a &#8220;drive-thru&#8221; point, access to which is possible only via gate &#8220;A&#8221; from Al. \u015alaska.<\/p>\n\n\n\n<p>In the spring, a lot of people benefited from the first opening of the testing point. The organizers examined over 3,000 people, including, thanks to the support of President Jacek Sutryk, MPWIK SA, and well-known private clinics in Wroc\u0142aw, hundreds of Wroc\u0142aw medics for free.<\/p>\n\n\n\n<h3 class=\"has-medium-font-size wp-block-heading\">Testing step by step<\/h3>\n\n\n\n<p>The swabs will be taken without leaving the car, with the window open. Before that, everyone willing will be asked to fill in a consent form for the examination and to provide an identity card. The form can also be downloaded from the website: www.testcovidwroclaw.pl and filled in at home. Then the examination itself is a matter of 2-3 minutes from the driveway to the departure point. The employees of the point will be professionally protected in protective suits with a certificate for working with viruses, special masks, goggles, and helmets. The collection itself takes several seconds, it is not painful, it is performed with the use of a special gel swab, in which the secretion is collected from the throat. The sample collected in this way is placed in a special container and then transported to the laboratory.<\/p>\n\n\n\n<p>The organizers of the point also announce that it is possible to conduct field research for a larger group of people, e.g. in workplaces and offices.<\/p>\n\n\n\n<h3 class=\"has-medium-font-size wp-block-heading\">The result even on the same day<\/h3>\n\n\n\n<p>Genetic analysis will be performed so-called by real-time PCR (RT-qPCR). It is the only method recommended by the World Health Organization for the detection of the SARS-CoV-2 virus, characterized by high sensitivity and specificity close to 100%. The method used makes it possible to detect infection even if the test person passes it asymptomatically, the organizers assure. At the request of the respondent, the result will also be issued in a foreign language &#8211; English, German, Russian, Czech, and Ukrainian. Such a need must be reported to the staff before the test is performed, and it will be marked on the application form. The test result will be made available to the respondent for up to 48 hours and in special cases up to 72 hours. The respondents will be admitted without any limitations.<\/p>\n\n\n\n<p><strong>Hotline: +48 517 595 962<\/strong><\/p>\n\n\n\n<p>The tests are performed without registration, you just need to drive to the point and complete the formalities on the spot without getting out of the car. Swabs will also be collected for those who report to the point on foot or by bike. People who report after this limit has been reached will be registered for the next day and accepted first. The examination can be paid on the spot with a contactless card or with a deducted cash. The price of the test is PLN 400.<\/p>\n\n\n\n<p>More information at:&nbsp;<strong><a href=\"http:\/\/www.testcovidwroclaw.pl\/\" target=\"_blank\" rel=\"noreferrer noopener\">www.testcovidwroclaw.pl<\/a><\/strong><\/p>\n","protected":false},"excerpt":{"rendered":"<p>A mobile sampling point for SARS-CoV-2 testing is available at the Tarczy\u0144ski Arena&#8230;<\/p>\n","protected":false},"author":1,"featured_media":9674,"parent":9863,"menu_order":108,"comment_status":"closed","ping_status":"closed","template":"","meta":{"advgb_blocks_editor_width":"","advgb_blocks_columns_visual_guide":"","footnotes":""},"class_list":["post-9964","page","type-page","status-publish","has-post-thumbnail","hentry"],"yoast_head":"<!-- This site is optimized with the Yoast SEO plugin v27.4 - https:\/\/yoast.com\/product\/yoast-seo-wordpress\/ -->\n<title>COVID-19 testing &#8211; Tarczy\u0144ski Arena Wroc\u0142aw<\/title>\n<meta name=\"description\" content=\"A mobile sampling point for SARS-CoV-2 testing is available at the Tarczy\u0144ski Arena Wroc\u0142aw. It is open on weekdays from 8.00 to 12.00. It is a\" \/>\n<meta name=\"robots\" content=\"index, follow, max-snippet:-1, max-image-preview:large, max-video-preview:-1\" \/>\n<link rel=\"canonical\" href=\"https:\/\/tarczynskiarenawroclaw.pl\/en\/services\/mobilny-punkt-testow-na-koronawirusa\/\" \/>\n<meta property=\"og:locale\" content=\"en_US\" \/>\n<meta property=\"og:type\" content=\"article\" \/>\n<meta property=\"og:title\" content=\"COVID-19 testing &#8211; Tarczy\u0144ski Arena Wroc\u0142aw\" \/>\n<meta property=\"og:description\" content=\"A mobile sampling point for SARS-CoV-2 testing is available at the Tarczy\u0144ski Arena Wroc\u0142aw. It is open on weekdays from 8.00 to 12.00. It is a\" \/>\n<meta property=\"og:url\" content=\"https:\/\/tarczynskiarenawroclaw.pl\/en\/services\/mobilny-punkt-testow-na-koronawirusa\/\" \/>\n<meta property=\"og:site_name\" content=\"Tarczy\u0144ski Arena Wroc\u0142aw\" \/>\n<meta property=\"article:modified_time\" content=\"2021-11-29T13:04:11+00:00\" \/>\n<meta property=\"og:image\" content=\"https:\/\/tarczynskiarenawroclaw.pl\/wp-content\/uploads\/2021\/08\/CA_RA_917_8_www.jpg\" \/>\n\t<meta property=\"og:image:width\" content=\"1023\" \/>\n\t<meta property=\"og:image:height\" content=\"657\" \/>\n\t<meta property=\"og:image:type\" content=\"image\/jpeg\" \/>\n<meta name=\"twitter:card\" content=\"summary_large_image\" \/>\n<meta name=\"twitter:label1\" content=\"Est. reading time\" \/>\n\t<meta name=\"twitter:data1\" content=\"3 minutes\" \/>\n<script type=\"application\/ld+json\" class=\"yoast-schema-graph\">{\"@context\":\"https:\\\/\\\/schema.org\",\"@graph\":[{\"@type\":\"WebPage\",\"@id\":\"https:\\\/\\\/tarczynskiarenawroclaw.pl\\\/en\\\/services\\\/mobilny-punkt-testow-na-koronawirusa\\\/\",\"url\":\"https:\\\/\\\/tarczynskiarenawroclaw.pl\\\/en\\\/services\\\/mobilny-punkt-testow-na-koronawirusa\\\/\",\"name\":\"COVID-19 testing &#8211; Tarczy\u0144ski Arena Wroc\u0142aw\",\"isPartOf\":{\"@id\":\"https:\\\/\\\/tarczynskiarenawroclaw.pl\\\/#website\"},\"primaryImageOfPage\":{\"@id\":\"https:\\\/\\\/tarczynskiarenawroclaw.pl\\\/en\\\/services\\\/mobilny-punkt-testow-na-koronawirusa\\\/#primaryimage\"},\"image\":{\"@id\":\"https:\\\/\\\/tarczynskiarenawroclaw.pl\\\/en\\\/services\\\/mobilny-punkt-testow-na-koronawirusa\\\/#primaryimage\"},\"thumbnailUrl\":\"https:\\\/\\\/tarczynskiarenawroclaw.pl\\\/wp-content\\\/uploads\\\/2021\\\/08\\\/CA_RA_917_8_www.jpg\",\"datePublished\":\"2021-08-19T07:25:00+00:00\",\"dateModified\":\"2021-11-29T13:04:11+00:00\",\"description\":\"A mobile sampling point for SARS-CoV-2 testing is available at the Tarczy\u0144ski Arena Wroc\u0142aw. It is open on weekdays from 8.00 to 12.00. It is a\",\"breadcrumb\":{\"@id\":\"https:\\\/\\\/tarczynskiarenawroclaw.pl\\\/en\\\/services\\\/mobilny-punkt-testow-na-koronawirusa\\\/#breadcrumb\"},\"inLanguage\":\"en-US\",\"potentialAction\":[{\"@type\":\"ReadAction\",\"target\":[\"https:\\\/\\\/tarczynskiarenawroclaw.pl\\\/en\\\/services\\\/mobilny-punkt-testow-na-koronawirusa\\\/\"]}]},{\"@type\":\"ImageObject\",\"inLanguage\":\"en-US\",\"@id\":\"https:\\\/\\\/tarczynskiarenawroclaw.pl\\\/en\\\/services\\\/mobilny-punkt-testow-na-koronawirusa\\\/#primaryimage\",\"url\":\"https:\\\/\\\/tarczynskiarenawroclaw.pl\\\/wp-content\\\/uploads\\\/2021\\\/08\\\/CA_RA_917_8_www.jpg\",\"contentUrl\":\"https:\\\/\\\/tarczynskiarenawroclaw.pl\\\/wp-content\\\/uploads\\\/2021\\\/08\\\/CA_RA_917_8_www.jpg\",\"width\":1023,\"height\":657},{\"@type\":\"BreadcrumbList\",\"@id\":\"https:\\\/\\\/tarczynskiarenawroclaw.pl\\\/en\\\/services\\\/mobilny-punkt-testow-na-koronawirusa\\\/#breadcrumb\",\"itemListElement\":[{\"@type\":\"ListItem\",\"position\":1,\"name\":\"Strona g\u0142\u00f3wna\",\"item\":\"https:\\\/\\\/tarczynskiarenawroclaw.pl\\\/en\\\/\"},{\"@type\":\"ListItem\",\"position\":2,\"name\":\"Services\",\"item\":\"https:\\\/\\\/tarczynskiarenawroclaw.pl\\\/en\\\/services\\\/\"},{\"@type\":\"ListItem\",\"position\":3,\"name\":\"COVID-19 testing\"}]},{\"@type\":\"WebSite\",\"@id\":\"https:\\\/\\\/tarczynskiarenawroclaw.pl\\\/#website\",\"url\":\"https:\\\/\\\/tarczynskiarenawroclaw.pl\\\/\",\"name\":\"Tarczy\u0144ski Arena Wroc\u0142aw\",\"description\":\"Stadion Miejski we Wroc\u0142awiu\",\"publisher\":{\"@id\":\"https:\\\/\\\/tarczynskiarenawroclaw.pl\\\/#organization\"},\"potentialAction\":[{\"@type\":\"SearchAction\",\"target\":{\"@type\":\"EntryPoint\",\"urlTemplate\":\"https:\\\/\\\/tarczynskiarenawroclaw.pl\\\/?s={search_term_string}\"},\"query-input\":{\"@type\":\"PropertyValueSpecification\",\"valueRequired\":true,\"valueName\":\"search_term_string\"}}],\"inLanguage\":\"en-US\"},{\"@type\":\"Organization\",\"@id\":\"https:\\\/\\\/tarczynskiarenawroclaw.pl\\\/#organization\",\"name\":\"Stadion Wroc\u0142aw\",\"url\":\"https:\\\/\\\/tarczynskiarenawroclaw.pl\\\/\",\"logo\":{\"@type\":\"ImageObject\",\"inLanguage\":\"en-US\",\"@id\":\"https:\\\/\\\/tarczynskiarenawroclaw.pl\\\/#\\\/schema\\\/logo\\\/image\\\/\",\"url\":\"https:\\\/\\\/stadionwroclaw.pl\\\/wp-content\\\/uploads\\\/2021\\\/08\\\/favicon-stadion-wroclaw.png\",\"contentUrl\":\"https:\\\/\\\/stadionwroclaw.pl\\\/wp-content\\\/uploads\\\/2021\\\/08\\\/favicon-stadion-wroclaw.png\",\"width\":512,\"height\":512,\"caption\":\"Stadion Wroc\u0142aw\"},\"image\":{\"@id\":\"https:\\\/\\\/tarczynskiarenawroclaw.pl\\\/#\\\/schema\\\/logo\\\/image\\\/\"}}]}<\/script>\n<!-- \/ Yoast SEO plugin. -->","yoast_head_json":{"title":"COVID-19 testing &#8211; Tarczy\u0144ski Arena Wroc\u0142aw","description":"A mobile sampling point for SARS-CoV-2 testing is available at the Tarczy\u0144ski Arena Wroc\u0142aw. It is open on weekdays from 8.00 to 12.00. It is a","robots":{"index":"index","follow":"follow","max-snippet":"max-snippet:-1","max-image-preview":"max-image-preview:large","max-video-preview":"max-video-preview:-1"},"canonical":"https:\/\/tarczynskiarenawroclaw.pl\/en\/services\/mobilny-punkt-testow-na-koronawirusa\/","og_locale":"en_US","og_type":"article","og_title":"COVID-19 testing &#8211; Tarczy\u0144ski Arena Wroc\u0142aw","og_description":"A mobile sampling point for SARS-CoV-2 testing is available at the Tarczy\u0144ski Arena Wroc\u0142aw. It is open on weekdays from 8.00 to 12.00. It is a","og_url":"https:\/\/tarczynskiarenawroclaw.pl\/en\/services\/mobilny-punkt-testow-na-koronawirusa\/","og_site_name":"Tarczy\u0144ski Arena Wroc\u0142aw","article_modified_time":"2021-11-29T13:04:11+00:00","og_image":[{"width":1023,"height":657,"url":"https:\/\/tarczynskiarenawroclaw.pl\/wp-content\/uploads\/2021\/08\/CA_RA_917_8_www.jpg","type":"image\/jpeg"}],"twitter_card":"summary_large_image","twitter_misc":{"Est. reading time":"3 minutes"},"schema":{"@context":"https:\/\/schema.org","@graph":[{"@type":"WebPage","@id":"https:\/\/tarczynskiarenawroclaw.pl\/en\/services\/mobilny-punkt-testow-na-koronawirusa\/","url":"https:\/\/tarczynskiarenawroclaw.pl\/en\/services\/mobilny-punkt-testow-na-koronawirusa\/","name":"COVID-19 testing &#8211; Tarczy\u0144ski Arena Wroc\u0142aw","isPartOf":{"@id":"https:\/\/tarczynskiarenawroclaw.pl\/#website"},"primaryImageOfPage":{"@id":"https:\/\/tarczynskiarenawroclaw.pl\/en\/services\/mobilny-punkt-testow-na-koronawirusa\/#primaryimage"},"image":{"@id":"https:\/\/tarczynskiarenawroclaw.pl\/en\/services\/mobilny-punkt-testow-na-koronawirusa\/#primaryimage"},"thumbnailUrl":"https:\/\/tarczynskiarenawroclaw.pl\/wp-content\/uploads\/2021\/08\/CA_RA_917_8_www.jpg","datePublished":"2021-08-19T07:25:00+00:00","dateModified":"2021-11-29T13:04:11+00:00","description":"A mobile sampling point for SARS-CoV-2 testing is available at the Tarczy\u0144ski Arena Wroc\u0142aw. It is open on weekdays from 8.00 to 12.00. It is a","breadcrumb":{"@id":"https:\/\/tarczynskiarenawroclaw.pl\/en\/services\/mobilny-punkt-testow-na-koronawirusa\/#breadcrumb"},"inLanguage":"en-US","potentialAction":[{"@type":"ReadAction","target":["https:\/\/tarczynskiarenawroclaw.pl\/en\/services\/mobilny-punkt-testow-na-koronawirusa\/"]}]},{"@type":"ImageObject","inLanguage":"en-US","@id":"https:\/\/tarczynskiarenawroclaw.pl\/en\/services\/mobilny-punkt-testow-na-koronawirusa\/#primaryimage","url":"https:\/\/tarczynskiarenawroclaw.pl\/wp-content\/uploads\/2021\/08\/CA_RA_917_8_www.jpg","contentUrl":"https:\/\/tarczynskiarenawroclaw.pl\/wp-content\/uploads\/2021\/08\/CA_RA_917_8_www.jpg","width":1023,"height":657},{"@type":"BreadcrumbList","@id":"https:\/\/tarczynskiarenawroclaw.pl\/en\/services\/mobilny-punkt-testow-na-koronawirusa\/#breadcrumb","itemListElement":[{"@type":"ListItem","position":1,"name":"Strona g\u0142\u00f3wna","item":"https:\/\/tarczynskiarenawroclaw.pl\/en\/"},{"@type":"ListItem","position":2,"name":"Services","item":"https:\/\/tarczynskiarenawroclaw.pl\/en\/services\/"},{"@type":"ListItem","position":3,"name":"COVID-19 testing"}]},{"@type":"WebSite","@id":"https:\/\/tarczynskiarenawroclaw.pl\/#website","url":"https:\/\/tarczynskiarenawroclaw.pl\/","name":"Tarczy\u0144ski Arena Wroc\u0142aw","description":"Stadion Miejski we Wroc\u0142awiu","publisher":{"@id":"https:\/\/tarczynskiarenawroclaw.pl\/#organization"},"potentialAction":[{"@type":"SearchAction","target":{"@type":"EntryPoint","urlTemplate":"https:\/\/tarczynskiarenawroclaw.pl\/?s={search_term_string}"},"query-input":{"@type":"PropertyValueSpecification","valueRequired":true,"valueName":"search_term_string"}}],"inLanguage":"en-US"},{"@type":"Organization","@id":"https:\/\/tarczynskiarenawroclaw.pl\/#organization","name":"Stadion Wroc\u0142aw","url":"https:\/\/tarczynskiarenawroclaw.pl\/","logo":{"@type":"ImageObject","inLanguage":"en-US","@id":"https:\/\/tarczynskiarenawroclaw.pl\/#\/schema\/logo\/image\/","url":"https:\/\/stadionwroclaw.pl\/wp-content\/uploads\/2021\/08\/favicon-stadion-wroclaw.png","contentUrl":"https:\/\/stadionwroclaw.pl\/wp-content\/uploads\/2021\/08\/favicon-stadion-wroclaw.png","width":512,"height":512,"caption":"Stadion Wroc\u0142aw"},"image":{"@id":"https:\/\/tarczynskiarenawroclaw.pl\/#\/schema\/logo\/image\/"}}]}},"coauthors":[],"author_meta":{"author_link":"https:\/\/tarczynskiarenawroclaw.pl\/en\/author\/sw-admin\/","display_name":"WLM"},"relative_dates":{"created":"Posted 5 years ago","modified":"Updated 4 years ago"},"absolute_dates":{"created":"Posted on 19.08.2021","modified":"Updated on 29.11.2021"},"absolute_dates_time":{"created":"Posted on 19.08.2021 09:25","modified":"Updated on 29.11.2021 14:04"},"featured_img_caption":"","featured_img":"https:\/\/tarczynskiarenawroclaw.pl\/wp-content\/uploads\/2021\/08\/CA_RA_917_8_www-330x330.jpg","series_order":"","_links":{"self":[{"href":"https:\/\/tarczynskiarenawroclaw.pl\/en\/wp-json\/wp\/v2\/pages\/9964","targetHints":{"allow":["GET"]}}],"collection":[{"href":"https:\/\/tarczynskiarenawroclaw.pl\/en\/wp-json\/wp\/v2\/pages"}],"about":[{"href":"https:\/\/tarczynskiarenawroclaw.pl\/en\/wp-json\/wp\/v2\/types\/page"}],"author":[{"embeddable":true,"href":"https:\/\/tarczynskiarenawroclaw.pl\/en\/wp-json\/wp\/v2\/users\/1"}],"replies":[{"embeddable":true,"href":"https:\/\/tarczynskiarenawroclaw.pl\/en\/wp-json\/wp\/v2\/comments?post=9964"}],"version-history":[{"count":0,"href":"https:\/\/tarczynskiarenawroclaw.pl\/en\/wp-json\/wp\/v2\/pages\/9964\/revisions"}],"up":[{"embeddable":true,"href":"https:\/\/tarczynskiarenawroclaw.pl\/en\/wp-json\/wp\/v2\/pages\/9863"}],"wp:featuredmedia":[{"embeddable":true,"href":"https:\/\/tarczynskiarenawroclaw.pl\/en\/wp-json\/wp\/v2\/media\/9674"}],"wp:attachment":[{"href":"https:\/\/tarczynskiarenawroclaw.pl\/en\/wp-json\/wp\/v2\/media?parent=9964"}],"curies":[{"name":"wp","href":"https:\/\/api.w.org\/{rel}","templated":true}]}}